{"id":13301,"date":"2023-11-06T15:56:59","date_gmt":"2023-11-06T12:56:59","guid":{"rendered":"https:\/\/www.parlor.ro\/?post_type=product&#038;p=13301"},"modified":"2025-06-14T20:43:31","modified_gmt":"2025-06-14T17:43:31","slug":"stralucire-argintie","status":"publish","type":"product","link":"https:\/\/www.parlor.ro\/ro\/product\/silver-glow\/","title":{"rendered":"ROCHIE SILVER GLOW"},"content":{"rendered":"<p>ROCHIE SILVER GLOW<\/p>\n<p>100% poliester deadstock<\/p>\n<p><strong>Sp\u0103lare delicat\u0103 la ma\u0219in\u0103<\/strong><\/p>\n<p>Acest produs este realizat din \u021bes\u0103turi furnizate de produc\u0103tori certifica\u021bi conform standardelor europene.<\/p>\n<p>Imprimeurile sunt realizate cu vopsea ecologic\u0103 OEKO-TEX\u00ae.<\/p>\n<p>Acest produs este testat \u00een atelierul nostru \u0219i nu prezint\u0103 riscuri pentru s\u0103n\u0103tate si siguran\u021ba consumatorului.<\/p>\n<hr style=\"color:#404040; height: 1px;\" \/>\n<p><b style=\"text-align: left; font-size:1.8em;\" title=\"SILVER GLOW - Rochie de dam\u0103 Parlor\" name=\"SILVER GLOW - Parlor Women's Dress\"><b style=\"font-weight: normal;\">STR\u0102LUCIRE ARGINTIE \u2013 Rochie Parlor pentru femei<\/b><\/b><br \/>\n<b style=\"font-weight: normal !important;\">ROCHIE SILVER GLOW<\/b> &#8211; <strong style=\"font-weight: normal !important;\">Rochie Parlor<\/strong>. <i style=\"font-style: normal !important;\">Rochie maxi Silver Glow<\/i> prezint\u0103 decolteul \u00een form\u0103 de inim\u0103, caracteristica Parlor. I Love Parlor | \u00cembr\u0103c\u0103minte \u0219i articole pentru femei <a style=\"font-weight: normal !important;\" title=\"Moda pentru femei\" href=\"https:\/\/www.parlor.ro\/ro\/\">pentru femei<\/a>Designuri de salon de Veronica Zaharia. #ConsciousDesign este nucleul brandului nostru. Se traduce prin reinterpretarea articolelor noastre cele mai bine v\u00e2ndute cu un consum minim de resurse. Rochiile noastre atrage toate privirile, sunt cool f\u0103r\u0103 efort \u0219i pot fi purtate instantaneu de la o zi la alta. Vrei s\u0103 afli mai multe? Cum arat\u0103 rochia visurilor tale? R\u0103sfoie\u0219te rochiile noastre pentru femei. <a style=\"font-weight: normal !important;\" title=\"Magazin de parlor\" href=\"https:\/\/www.parlor.ro\/ro\/magazin\/\">Parlor Shop<\/a> (fuste, pantaloni, <a style=\"font-weight: normal !important;\" title=\"Rochiile Parlor\" href=\"https:\/\/www.parlor.ro\/ro\/categorie-produs\/i-%e2%99%a5-salon\/rochii\/\">rochii<\/a>, jachete, salopet\u0103, topuri) \u0219i g\u0103se\u0219te-\u021bi rochia ACUM! Sau vizita\u021bi showroom-ul nostru pentru a v\u0103 g\u0103si rochia perfect\u0103 \/ suna\u021bi pentru programare la 0747501974! Recomand\u0103ri de cump\u0103r\u0103turi pentru tine: <a style=\"font-weight: normal !important;\" title=\"ROCHIE STARLET\" href=\"https:\/\/www.parlor.ro\/ro\/produs\/rochie-starleta\/\">ROCHIE STARLET<\/a>, <a style=\"font-weight: normal !important;\" title=\"ROCHIE SENSUAL\" href=\"https:\/\/www.parlor.ro\/ro\/produs\/rochie-senzuala\/\">ROCHIE SENSUAL<\/a>. P\u00c2N\u0102 LA 50% REDUCERE Azi! <\/p>","protected":false},"excerpt":{"rendered":"<p>Rochia maxi Silver Glow are decolteul \u00een form\u0103 de inim\u0103, fusta cu croiala pe bie si funde in talie. Are bretele reglabile si se \u00eenchide cu fermoar la spate.<\/p>\n<p>#MadeinRomania<\/p>\n<p>#FabricatinRomania<\/p>\n<p>Suntem incantati sa v\u0103 dezv\u0103luim modelele noastre si \u00een showroom: suna\u021bi pentru programare 0747501974.<\/p>","protected":false},"featured_media":13232,"template":"","meta":[],"product_brand":[],"product_cat":[97,99],"product_tag":[],"class_list":{"0":"post-13301","1":"product","2":"type-product","3":"status-publish","4":"has-post-thumbnail","6":"product_cat-i--parlor","7":"product_cat-dresses","8":"pa_size-124","9":"pa_size-74","10":"pa_size-75","11":"pif-has-gallery","13":"first","14":"outofstock","15":"featured","16":"shipping-taxable","17":"purchasable","18":"product-type-variable"},"post_mailing_queue_ids":[],"_links":{"self":[{"href":"https:\/\/www.parlor.ro\/ro\/wp-json\/wp\/v2\/product\/13301","targetHints":{"allow":["GET"]}}],"collection":[{"href":"https:\/\/www.parlor.ro\/ro\/wp-json\/wp\/v2\/product"}],"about":[{"href":"https:\/\/www.parlor.ro\/ro\/wp-json\/wp\/v2\/types\/product"}],"wp:featuredmedia":[{"embeddable":true,"href":"https:\/\/www.parlor.ro\/ro\/wp-json\/wp\/v2\/media\/13232"}],"wp:attachment":[{"href":"https:\/\/www.parlor.ro\/ro\/wp-json\/wp\/v2\/media?parent=13301"}],"wp:term":[{"taxonomy":"product_brand","embeddable":true,"href":"https:\/\/www.parlor.ro\/ro\/wp-json\/wp\/v2\/product_brand?post=13301"},{"taxonomy":"product_cat","embeddable":true,"href":"https:\/\/www.parlor.ro\/ro\/wp-json\/wp\/v2\/product_cat?post=13301"},{"taxonomy":"product_tag","embeddable":true,"href":"https:\/\/www.parlor.ro\/ro\/wp-json\/wp\/v2\/product_tag?post=13301"}],"curies":[{"name":"wp","href":"https:\/\/api.w.org\/{rel}","templated":true}]}}