{"id":13307,"date":"2023-11-06T15:53:40","date_gmt":"2023-11-06T12:53:40","guid":{"rendered":"https:\/\/www.parlor.ro\/?post_type=product&#038;p=13307"},"modified":"2025-07-09T12:54:49","modified_gmt":"2025-07-09T09:54:49","slug":"top-negru-golden-heart","status":"publish","type":"product","link":"https:\/\/www.parlor.ro\/ro\/product\/golden-heart-top-black\/","title":{"rendered":"TOP GOLDEN HEART NEGRU"},"content":{"rendered":"<p>TOP GOLDEN HEART NEGRU<\/p>\n<p>100% bumbac<\/p>\n<p><strong>Sp\u0103lare delicat\u0103 la ma\u0219in\u0103<\/strong><\/p>\n<p>Acest produs este realizat din \u021bes\u0103turi furnizate de produc\u0103tori certifica\u021bi conform standardelor europene.<\/p>\n<p>Imprimeurile sunt realizate cu vopsea ecologic\u0103 OEKO-TEX\u00ae.<\/p>\n<p>Acest produs este testat \u00een atelierul nostru \u0219i nu prezint\u0103 riscuri pentru s\u0103n\u0103tate si siguran\u021ba consumatorului.<\/p>\n<hr style=\"color:#404040; height: 1px;\" \/>\n<p><b style=\"text-align: left; font-size:1.8em;\" title=\"TOP CU INIM\u0102 AURIE NEGRU - Topuri Romantice pentru Femei\" name=\"GOLDEN HEART TOP BLACK - Romantic Women's Tops\"><b style=\"font-weight: normal;\">TOP CU INIM\u0102 AURIE NEGRU \u2013 Topuri Romantice pentru Femei<\/b><\/b><br \/>\n<b style=\"font-weight: normal !important;\">TOP GOLDEN HEART NEGRU<\/b> &#8211; <strong style=\"font-weight: normal !important;\">Topuri romantice pentru femei<\/strong>. <i style=\"font-style: normal !important;\">Tricou Golden Heart<\/i> Vine \u00eentr-o form\u0103 relaxat\u0103, decorat\u0103 cu detalii brodate din metal auriu \u0219i o inim\u0103 ro\u0219ie din catifea. <a style=\"font-weight: normal !important;\" title=\"I \u2665 Parlor\" href=\"https:\/\/www.parlor.ro\/ro\/\">I \u2665 Parlor<\/a> | \u00cembr\u0103c\u0103minte pentru femei \u0219i mod\u0103 pentru femei. Design Parlor de Veronica Zaharia. #ConsciousDesign este nucleul brandului nostru. El se traduce prin reinterpretarea celor mai bine v\u00e2ndute modele ale noastre, evit\u00e2nd astfel producerea de\u0219eurilor in exces. Parlor propune \u021binute cu t\u0103ieturi care flateaz\u0103 feminitatea, versatile care raman actuale de-a lungul anilor. Cum arat\u0103 rochia ta de vis? R\u0103sfoi\u021bi colec\u021biile noastre pentru femei <a style=\"font-weight: normal !important;\" title=\"Magazin romantic\" href=\"https:\/\/www.parlor.ro\/ro\/magazin\/\">Parlor Shop<\/a> (pantaloni, rochii, jachete, salopete, <a style=\"font-weight: normal !important;\" title=\"Topuri romantice\" href=\"https:\/\/www.parlor.ro\/ro\/categorie-produs\/i-%e2%99%a5-salon\/varfuri\/\">topuri<\/a>) \u0219i g\u0103se\u0219te-\u021bi rochia ACUM! Sau vizita\u021bi showroom-ul nostru pentru a v\u0103 g\u0103si rochia perfect\u0103 \/ suna\u021bi pentru programare la 0747501974! Recomand\u0103ri de cump\u0103r\u0103turi pentru tine: <a style=\"font-weight: normal !important;\" title=\"TOP GOLDEN HEART ALB\" href=\"https:\/\/www.parlor.ro\/ro\/produs\/inima-de-aur-top-alb\/\">TOP GOLDEN HEART ALB<\/a>, <a style=\"font-weight: normal !important;\" title=\"Top Second Skin\" href=\"https:\/\/www.parlor.ro\/ro\/produs\/top-cu-pielea-a-doua\/\">Top Second Skin<\/a>. P\u00c2N\u0102 LA 50% REDUCERE Azi! <\/p>","protected":false},"excerpt":{"rendered":"<div>\n<p><span lang=\"EN-US\">Tricou Golden Heart <\/span><span lang=\"EN-US\">cu maneca scurta, din bumbac, cu detaliu sclipitor pe bust. de broderie aurie. <\/span><\/p>\n<\/div>\n<p>#MadeinRomania<\/p>\n<p>#FabricatinRomania<\/p>\n<p>Suntem incantati sa v\u0103 dezv\u0103luim modelele noastre si \u00een showroom: suna\u021bi pentru programare 0747501974.<\/p>","protected":false},"featured_media":13239,"template":"","meta":[],"product_brand":[],"product_cat":[97,141,102],"product_tag":[],"class_list":{"0":"post-13307","1":"product","2":"type-product","3":"status-publish","4":"has-post-thumbnail","6":"product_cat-i--parlor","7":"product_cat-new","8":"product_cat-tops","9":"pa_size-one-size","10":"pif-has-gallery","12":"first","13":"outofstock","14":"shipping-taxable","15":"purchasable","16":"product-type-variable"},"post_mailing_queue_ids":[],"_links":{"self":[{"href":"https:\/\/www.parlor.ro\/ro\/wp-json\/wp\/v2\/product\/13307","targetHints":{"allow":["GET"]}}],"collection":[{"href":"https:\/\/www.parlor.ro\/ro\/wp-json\/wp\/v2\/product"}],"about":[{"href":"https:\/\/www.parlor.ro\/ro\/wp-json\/wp\/v2\/types\/product"}],"wp:featuredmedia":[{"embeddable":true,"href":"https:\/\/www.parlor.ro\/ro\/wp-json\/wp\/v2\/media\/13239"}],"wp:attachment":[{"href":"https:\/\/www.parlor.ro\/ro\/wp-json\/wp\/v2\/media?parent=13307"}],"wp:term":[{"taxonomy":"product_brand","embeddable":true,"href":"https:\/\/www.parlor.ro\/ro\/wp-json\/wp\/v2\/product_brand?post=13307"},{"taxonomy":"product_cat","embeddable":true,"href":"https:\/\/www.parlor.ro\/ro\/wp-json\/wp\/v2\/product_cat?post=13307"},{"taxonomy":"product_tag","embeddable":true,"href":"https:\/\/www.parlor.ro\/ro\/wp-json\/wp\/v2\/product_tag?post=13307"}],"curies":[{"name":"wp","href":"https:\/\/api.w.org\/{rel}","templated":true}]}}