{"id":13309,"date":"2023-11-06T22:18:37","date_gmt":"2023-11-06T19:18:37","guid":{"rendered":"https:\/\/www.parlor.ro\/?post_type=product&#038;p=13309"},"modified":"2025-06-14T20:26:16","modified_gmt":"2025-06-14T17:26:16","slug":"arata-rochie-stopper","status":"publish","type":"product","link":"https:\/\/www.parlor.ro\/ro\/product\/show-stopper-dress\/","title":{"rendered":"ROCHIE SHOW STOPPER"},"content":{"rendered":"<p>ROCHIE SHOW STOPPER<\/p>\n<p>100% poliester deadstock<\/p>\n<p><strong>Sp\u0103lare delicat\u0103 la ma\u0219in\u0103<\/strong><\/p>\n<p>Acest produs este realizat din \u021bes\u0103turi furnizate de produc\u0103tori certifica\u021bi conform standardelor europene.<\/p>\n<p>Imprimeurile sunt realizate cu vopsea ecologic\u0103 OEKO-TEX\u00ae.<\/p>\n<p>Acest produs este testat \u00een atelierul nostru \u0219i nu prezint\u0103 riscuri pentru s\u0103n\u0103tate si siguran\u021ba consumatorului.<\/p>\n<hr style=\"color:#404040; height: 1px;\" \/>\n<p><b style=\"text-align: left; font-size:1.8em;\" title=\"ROCHIE IMPRESIONANT\u0102 - Rochie unic\u0103 pentru femei\" name=\"SHOW STOPPER DRESS - Unique Women's Dress\"><b style=\"font-weight: normal;\">ROCHIE IMPRESIONANT\u0102 \u2013 Rochie unic\u0103 pentru femei<\/b><\/b><br \/>\n<b style=\"font-weight: normal !important;\">ROCHIE SHOW STOPPER<\/b> &#8211; <strong style=\"font-weight: normal !important;\">Rochie unic\u0103 pentru femei<\/strong>. <i style=\"font-style: normal !important;\">Rochie mini<\/i> este croit\u0103 din voal magenta str\u0103lucitor \u0219i vine cu o rochie \u00eenf\u0103\u0219urat\u0103 \u00een fa\u021b\u0103, care se str\u00e2nge \u00een talie. I Love Parlor | \u00cembr\u0103c\u0103minte pentru femei \u0219i <a style=\"font-weight: normal !important;\" title=\"Moda pentru femei\" href=\"https:\/\/www.parlor.ro\/ro\/\">Moda pentru femei<\/a>. Design Parlor de Veronica Zaharia. #ConsciousDesign este nucleul brandului nostru. El se traduce prin reinterpretarea celor mai bine v\u00e2ndute modele ale noastre, evit\u00e2nd astfel producerea de\u0219eurilor in exces. Rochiile noastre sunt atemporale, usor de purtat, potrivite at\u00e2t ziua c\u00e2t si seara . Cum arat\u0103 rochia ta de vis? R\u0103sfoi\u021bi rochiile noastre pentru femei <a style=\"font-weight: normal !important;\" title=\"magazin unic\" href=\"https:\/\/www.parlor.ro\/ro\/magazin\/\">Parlor Shop<\/a> (fuste, pantaloni, <a style=\"font-weight: normal !important;\" title=\"rochii unice\" href=\"https:\/\/www.parlor.ro\/ro\/categorie-produs\/i-%e2%99%a5-salon\/rochii\/\">rochii<\/a>, jachete, salopet\u0103, topuri) \u0219i g\u0103se\u0219te-\u021bi rochia ACUM! Sau vizita\u021bi showroom-ul nostru pentru a v\u0103 g\u0103si rochia perfect\u0103 \/ suna\u021bi pentru programare la 0747501974! Recomand\u0103ri de cump\u0103r\u0103turi pentru tine: <a style=\"font-weight: normal !important;\" title=\"ROCHIE MERMAID\" href=\"https:\/\/www.parlor.ro\/ro\/produs\/rochie-de-sirena\/\">ROCHIE MERMAID<\/a>, <a style=\"font-weight: normal !important;\" title=\"ROCHIE SEDUCTIVE\" href=\"https:\/\/www.parlor.ro\/ro\/produs\/rochie-seducatoare-2\/\">ROCHIE SEDUCTIVE<\/a>. Reduceri uimitoare! P\u00c2N\u0102 LA 50% REDUCERE Azi! <\/p>","protected":false},"excerpt":{"rendered":"<p>Rochie mini\u00a0<span lang=\"RO\">petrecut\u0103, croit\u0103 din voal\u00a0<\/span>fucsia cu patina lucioasa, <span lang=\"RO\">maneca\u00a0<\/span>lunga <span lang=\"RO\">si tiv asimetric.<\/span><\/p>\n<p>&nbsp;<\/p>\n<p>#MadeinRomania<\/p>\n<p>#FabricatinRomania<\/p>\n<p>Suntem incantati sa v\u0103 dezv\u0103luim modelele noastre si \u00een showroom: suna\u021bi pentru programare 0747501974. <b>\u00a0<\/b><\/p>","protected":false},"featured_media":13221,"template":"","meta":[],"product_brand":[],"product_cat":[97,99],"product_tag":[],"class_list":{"0":"post-13309","1":"product","2":"type-product","3":"status-publish","4":"has-post-thumbnail","6":"product_cat-i--parlor","7":"product_cat-dresses","8":"pa_size-124","9":"pa_size-74","10":"pa_size-75","11":"pif-has-gallery","13":"first","14":"outofstock","15":"featured","16":"shipping-taxable","17":"purchasable","18":"product-type-variable"},"post_mailing_queue_ids":[],"_links":{"self":[{"href":"https:\/\/www.parlor.ro\/ro\/wp-json\/wp\/v2\/product\/13309","targetHints":{"allow":["GET"]}}],"collection":[{"href":"https:\/\/www.parlor.ro\/ro\/wp-json\/wp\/v2\/product"}],"about":[{"href":"https:\/\/www.parlor.ro\/ro\/wp-json\/wp\/v2\/types\/product"}],"wp:featuredmedia":[{"embeddable":true,"href":"https:\/\/www.parlor.ro\/ro\/wp-json\/wp\/v2\/media\/13221"}],"wp:attachment":[{"href":"https:\/\/www.parlor.ro\/ro\/wp-json\/wp\/v2\/media?parent=13309"}],"wp:term":[{"taxonomy":"product_brand","embeddable":true,"href":"https:\/\/www.parlor.ro\/ro\/wp-json\/wp\/v2\/product_brand?post=13309"},{"taxonomy":"product_cat","embeddable":true,"href":"https:\/\/www.parlor.ro\/ro\/wp-json\/wp\/v2\/product_cat?post=13309"},{"taxonomy":"product_tag","embeddable":true,"href":"https:\/\/www.parlor.ro\/ro\/wp-json\/wp\/v2\/product_tag?post=13309"}],"curies":[{"name":"wp","href":"https:\/\/api.w.org\/{rel}","templated":true}]}}