{"id":13316,"date":"2023-11-06T22:25:15","date_gmt":"2023-11-06T19:25:15","guid":{"rendered":"https:\/\/www.parlor.ro\/?post_type=product&#038;p=13316"},"modified":"2025-06-14T20:21:21","modified_gmt":"2025-06-14T17:21:21","slug":"fusta-posh-camel","status":"publish","type":"product","link":"https:\/\/www.parlor.ro\/ro\/product\/posh-skirt-camel\/","title":{"rendered":"FUSTA POSH CAMEL"},"content":{"rendered":"<p>FUSTA POSH CAMEL<\/p>\n<p>100% poliester deadstock<\/p>\n<p><strong>Sp\u0103lare delicat\u0103 la ma\u0219in\u0103<\/strong><\/p>\n<p>Acest produs este realizat din \u021bes\u0103turi furnizate de produc\u0103tori certifica\u021bi conform standardelor europene.<\/p>\n<p>Imprimeurile sunt realizate cu vopsea ecologic\u0103 OEKO-TEX\u00ae.<\/p>\n<p>Acest produs este testat \u00een atelierul nostru \u0219i nu prezint\u0103 riscuri pentru s\u0103n\u0103tate si siguran\u021ba consumatorului.<\/p>\n<hr style=\"color:#404040; height: 1px;\" \/>\n<p><b style=\"text-align: left; font-size:1.8em;\" title=\"FUST\u0102 POSH CAMEL - Fuste de lux pentru femei\" name=\"POSH SKIRT CAMEL - Luxury Women's Skirts\"><b style=\"font-weight: normal;\">FUST\u0102 POSH CAMEL \u2013 Fuste de lux pentru femei<\/b><\/b><br \/>\n<b style=\"font-weight: normal !important;\">FUSTA POSH CAMEL<\/b> &#8211; <strong style=\"font-weight: normal !important;\">Fuste de lux pentru femei<\/strong>. <i style=\"font-style: normal !important;\">Fust\u0103 maxi elegant\u0103<\/i> este croit\u0103 pe bie pentru a aluneca pe corp \u0219i a crea o siluet\u0103 atemporal\u0103. I Love Parlor | Pentru femei <a style=\"font-weight: normal !important;\" title=\"\u00cembr\u0103c\u0103minte pentru femei\" href=\"https:\/\/www.parlor.ro\/ro\/\">\u00cembr\u0103c\u0103minte pentru femei<\/a> &amp; Moda pentru femei. Design Parlor de Veronica Zaharia. #ConsciousDesign este nucleul brandului nostru. El se traduce prin reinterpretarea celor mai bine v\u00e2ndute modele ale noastre, evit\u00e2nd astfel producerea de\u0219eurilor in exces. Rochiile noastre sunt atemporale, usor de purtat, potrivite at\u00e2t ziua c\u00e2t si seara. Cum arat\u0103 rochia ta de vis? R\u0103sfoi\u021bi rochiile noastre pentru femei <a style=\"font-weight: normal !important;\" title=\"magazin de lux\" href=\"https:\/\/www.parlor.ro\/ro\/magazin\/\">Parlor Shop<\/a> (<a style=\"font-weight: normal !important;\" title=\"funduri de lux\" href=\"https:\/\/www. parlor.ro\/product-category\/i-%e2%99%a5-parlor\/bottoms\/\" target=\"_blank\" rel=\"noopener\">pantaloni,<\/a>, rochii, jachete, salopete, topuri) \u0219i g\u0103se\u0219te-\u021bi rochia ACUM! Sau vizita\u021bi showroom-ul nostru pentru a v\u0103 g\u0103si rochia perfect\u0103 \/ suna\u021bi pentru programare la 0747501974! Recomand\u0103ri de cump\u0103r\u0103turi pentru tine: <a style=\"font-weight: normal !important;\" title=\"Colanti Lust\" href=\"https:\/\/www.parlor.ro\/ro\/produs\/jambiere-de-pofta\/\">Colanti Lust<\/a>, <a style=\"font-weight: normal !important;\" title=\"Pantaloni Night Glow\" href=\"https:\/\/www.parlor.ro\/ro\/produs\/pantaloni-stralucitori-de-noapte\/\">Pantaloni Night Glow<\/a>. Pret uimitor! P\u00c2N\u0102 LA 50% REDUCERE Azi! <\/p>","protected":false},"excerpt":{"rendered":"<p>Fusta maxi cu trena, camel peliculizat cu patina lucioasa. Se inchide cu fermoar.<\/p>\n<p>#MadeinRomania<\/p>\n<p>#FabricatinRomania<\/p>\n<p>Suntem incantati sa v\u0103 dezv\u0103luim modelele noastre si \u00een showroom: suna\u021bi pentru programare 0747501974.<\/p>","protected":false},"featured_media":13214,"template":"","meta":[],"product_brand":[],"product_cat":[97,100],"product_tag":[],"class_list":{"0":"post-13316","1":"product","2":"type-product","3":"status-publish","4":"has-post-thumbnail","6":"product_cat-i--parlor","7":"product_cat-bottoms","8":"pa_size-124","9":"pa_size-74","10":"pa_size-75","11":"pif-has-gallery","13":"first","14":"outofstock","15":"featured","16":"shipping-taxable","17":"purchasable","18":"product-type-variable"},"post_mailing_queue_ids":[],"_links":{"self":[{"href":"https:\/\/www.parlor.ro\/ro\/wp-json\/wp\/v2\/product\/13316","targetHints":{"allow":["GET"]}}],"collection":[{"href":"https:\/\/www.parlor.ro\/ro\/wp-json\/wp\/v2\/product"}],"about":[{"href":"https:\/\/www.parlor.ro\/ro\/wp-json\/wp\/v2\/types\/product"}],"wp:featuredmedia":[{"embeddable":true,"href":"https:\/\/www.parlor.ro\/ro\/wp-json\/wp\/v2\/media\/13214"}],"wp:attachment":[{"href":"https:\/\/www.parlor.ro\/ro\/wp-json\/wp\/v2\/media?parent=13316"}],"wp:term":[{"taxonomy":"product_brand","embeddable":true,"href":"https:\/\/www.parlor.ro\/ro\/wp-json\/wp\/v2\/product_brand?post=13316"},{"taxonomy":"product_cat","embeddable":true,"href":"https:\/\/www.parlor.ro\/ro\/wp-json\/wp\/v2\/product_cat?post=13316"},{"taxonomy":"product_tag","embeddable":true,"href":"https:\/\/www.parlor.ro\/ro\/wp-json\/wp\/v2\/product_tag?post=13316"}],"curies":[{"name":"wp","href":"https:\/\/api.w.org\/{rel}","templated":true}]}}