{"id":13320,"date":"2023-11-06T22:25:48","date_gmt":"2023-11-06T19:25:48","guid":{"rendered":"https:\/\/www.parlor.ro\/?post_type=product&#038;p=13320"},"modified":"2025-10-30T14:56:02","modified_gmt":"2025-10-30T11:56:02","slug":"fusta-eleganta-rosie","status":"publish","type":"product","link":"https:\/\/www.parlor.ro\/ro\/product\/posh-skirt-red\/","title":{"rendered":"FUSTA POSH ROSIE"},"content":{"rendered":"<p>FUSTA POSH ROSIE<\/p>\n<p>100% poliester deadstock<\/p>\n<p><strong>Sp\u0103lare delicat\u0103 la ma\u0219in\u0103<\/strong><\/p>\n<p>Acest produs este realizat din \u021bes\u0103turi furnizate de produc\u0103tori certifica\u021bi conform standardelor europene.<\/p>\n<p>Imprimeurile sunt realizate cu vopsea ecologic\u0103 OEKO-TEX\u00ae.<\/p>\n<p>Acest produs este testat \u00een atelierul nostru \u0219i nu prezint\u0103 riscuri pentru s\u0103n\u0103tate si siguran\u021ba consumatorului.<\/p>\n<hr style=\"color: #404040; height: 1px;\" \/>\n<p><b style=\"text-align: left; font-size: 1.8em;\" title=\"POSH SKIRT RED - Fusta de dam\u0103 uimitoare\"><b style=\"font-weight: normal;\">POSH SKIRT RED \u2013 Fusta de dam\u0103 uimitoare<\/b><\/b><br \/>\n<b style=\"font-weight: normal !important;\">FUSTA POSH ROSIE<\/b> &#8211; <i style=\"font-style: normal !important;\">Fusta de dam\u0103 uimitoare<\/i>. <strong style=\"font-weight: normal !important;\">Fusta maxi rosie eleganta<\/strong> maxi fucsia croit\u0103 pe bie, cu trena si \u00eenchidere cu fermoar la spate. I Love Parlor | <a style=\"font-weight: normal !important;\" title=\"\u00cembr\u0103c\u0103minte pentru femei\" href=\"https:\/\/www.parlor.ro\/ro\/\">Parlor<\/a> \u00cembr\u0103c\u0103minte \u0219i mod\u0103 pentru femei. Design de salon de Veronica Zaharia. #ConsciousDesign este nucleul m\u0103rcii noastre. Se traduce prin reinterpretarea articolelor noastre cele mai v\u00e2ndute cu o utilizare minim\u0103 a resurselor. Rochiile noastre \u00eentorc capul, r\u0103coroase f\u0103r\u0103 efort \u0219i pot merge de la zi la sear\u0103 \u00eentr-o clip\u0103. Cum arat\u0103 rochia ta de vis? R\u0103sfoi\u021bi produsele noastre pentru femei <a style=\"font-weight: normal !important;\" title=\"Magazin de rochii de dama\" href=\"https:\/\/www.parlor.ro\/ro\/magazin\/\">Rochiile<\/a> Magazin (<a style=\"font-weight: normal !important;\" title=\"funduri uimitoare\" href=\"https:\/\/www.parlor.ro\/ro\/categorie-produs\/i-%e2%99%a5-salon\/fundurile\/\">pantaloni,<\/a>, rochii, jachete, salopete, topuri) \u0219i g\u0103se\u0219te-\u021bi rochia ACUM! Sau vizita\u021bi showroom-ul nostru pentru a v\u0103 g\u0103si rochia perfect\u0103 \/ suna\u021bi pentru programare la 0747501974! Recomand\u0103ri de cump\u0103r\u0103turi pentru tine: <a style=\"font-weight: normal !important;\" title=\"Fusta Wicked\" href=\"https:\/\/www.parlor.ro\/ro\/produs\/fusta-rea\/\">Fusta Wicked<\/a>, <a style=\"font-weight: normal !important;\" title=\"ROCHIE MERMAID\" href=\"https:\/\/www.parlor.ro\/ro\/produs\/rochie-de-sirena\/\">ROCHIE MERMAID<\/a>. P\u00c2N\u0102 LA 50% REDUCERE Azi!<\/p>","protected":false},"excerpt":{"rendered":"<p>Fusta maxi ro\u0219ie croit\u0103 pe bie, cu trena si \u00eenchidere cu fermoar la spate.<\/p>\n<p>#MadeinRomania<\/p>\n<p>#FabricatinRomania<\/p>\n<p>Suntem incantati sa v\u0103 dezv\u0103luim modelele noastre si \u00een showroom: suna\u021bi pentru programare 0747501974.<\/p>","protected":false},"featured_media":13257,"template":"","meta":[],"product_brand":[],"product_cat":[97,100],"product_tag":[],"class_list":{"0":"post-13320","1":"product","2":"type-product","3":"status-publish","4":"has-post-thumbnail","6":"product_cat-i--parlor","7":"product_cat-bottoms","8":"pa_size-124","9":"pa_size-74","10":"pa_size-75","11":"pif-has-gallery","13":"first","14":"outofstock","15":"shipping-taxable","16":"purchasable","17":"product-type-variable"},"post_mailing_queue_ids":[],"_links":{"self":[{"href":"https:\/\/www.parlor.ro\/ro\/wp-json\/wp\/v2\/product\/13320","targetHints":{"allow":["GET"]}}],"collection":[{"href":"https:\/\/www.parlor.ro\/ro\/wp-json\/wp\/v2\/product"}],"about":[{"href":"https:\/\/www.parlor.ro\/ro\/wp-json\/wp\/v2\/types\/product"}],"wp:featuredmedia":[{"embeddable":true,"href":"https:\/\/www.parlor.ro\/ro\/wp-json\/wp\/v2\/media\/13257"}],"wp:attachment":[{"href":"https:\/\/www.parlor.ro\/ro\/wp-json\/wp\/v2\/media?parent=13320"}],"wp:term":[{"taxonomy":"product_brand","embeddable":true,"href":"https:\/\/www.parlor.ro\/ro\/wp-json\/wp\/v2\/product_brand?post=13320"},{"taxonomy":"product_cat","embeddable":true,"href":"https:\/\/www.parlor.ro\/ro\/wp-json\/wp\/v2\/product_cat?post=13320"},{"taxonomy":"product_tag","embeddable":true,"href":"https:\/\/www.parlor.ro\/ro\/wp-json\/wp\/v2\/product_tag?post=13320"}],"curies":[{"name":"wp","href":"https:\/\/api.w.org\/{rel}","templated":true}]}}