{"id":13345,"date":"2023-11-07T11:11:49","date_gmt":"2023-11-07T08:11:49","guid":{"rendered":"https:\/\/www.parlor.ro\/?post_type=product&#038;p=13345"},"modified":"2025-08-18T15:37:55","modified_gmt":"2025-08-18T12:37:55","slug":"rochie-irezistibila-2","status":"publish","type":"product","link":"https:\/\/www.parlor.ro\/ro\/product\/irresistible-dress-2\/","title":{"rendered":"ROCHIE IRRESISTIBLE"},"content":{"rendered":"<p>ROCHIE IRRESISTIBLE<\/p>\n<p>100% poliester deadstock<\/p>\n<p><strong>Sp\u0103lare delicat\u0103 la ma\u0219in\u0103<\/strong><\/p>\n<p>Acest produs este realizat din \u021bes\u0103turi furnizate de produc\u0103tori certifica\u021bi conform standardelor europene.<\/p>\n<p>Imprimeurile sunt realizate cu vopsea ecologic\u0103 OEKO-TEX\u00ae.<\/p>\n<p>Acest produs este testat \u00een atelierul nostru \u0219i nu prezint\u0103 riscuri pentru s\u0103n\u0103tate si siguran\u021ba consumatorului.<\/p>\n<hr style=\"color: #404040; height: 1px;\" \/>\n<p><b style=\"text-align: left; font-size: 1.8em;\" title=\"ROCHIE IRRESISTIBLE - Rochie de dam\u0103 irezistibil\u0103\"><b style=\"font-weight: normal;\">ROCHIE IRRESISTIBLE \u2013 Rochie de dam\u0103 IRRESISTIBLE<\/b><\/b><br \/>\n<b style=\"font-weight: normal !important;\">ROCHIE IRRESISTIBLE<\/b> &#8211; <i style=\"font-style: normal !important;\">Rochie de dam\u0103 irezistibil\u0103<\/i>. Rochie mini, fucsia peliculizat cu patina lucioasa, este petrecuta si are tiv asimetric cu volan. Se inchide cu fermoar. I Love Parlor | \u00cembr\u0103c\u0103minte pentru femei \u0219i mod\u0103 pentru femei. <a style=\"font-weight: normal !important;\" title=\"Crea\u021biile Parlor\" href=\"https:\/\/www.parlor.ro\/ro\/\">Parlor<\/a> Design de <strong style=\"font-weight: normal !important;\">Veronica Zaharia<\/strong>. #ConsciousDesign este nucleul brandului nostru. El se traduce prin reinterpretarea celor mai bine v\u00e2ndute modele ale noastre, evit\u00e2nd astfel producerea de\u0219eurilor in exces. Rochiile noastre sunt atemporale, usor de purtat, potrivite at\u00e2t ziua c\u00e2t si seara. Cum arat\u0103 rochia ta de vis? R\u0103sfoi\u021bi <a style=\"font-weight: normal !important;\" title=\"Magazin de rochii de dama\" href=\"https:\/\/www.parlor.ro\/ro\/magazin\/\">magazinul online I \u2665 Parlor<\/a> (fuste, pantaloni, <a style=\"font-weight: normal !important;\" title=\"Rochii irezistibile\" href=\"https:\/\/www.parlor.ro\/ro\/categorie-produs\/i-%e2%99%a5-salon\/rochii\/\">rochii<\/a>, jachete, salopet\u0103, topuri) \u0219i g\u0103se\u0219te-\u021bi rochia ACUM! Sau vizita\u021bi showroom-ul nostru pentru a v\u0103 g\u0103si rochia perfect\u0103 \/ suna\u021bi pentru programare la 0747501974! Recomand\u0103ri de cump\u0103r\u0103turi pentru tine: <a style=\"font-weight: normal !important;\" title=\"ROCHIE DESIRE\" href=\"https:\/\/www.parlor.ro\/ro\/produs\/rochie-dorinta\/\">ROCHIE DESIRE<\/a>, <a style=\"font-weight: normal !important;\" title=\"FUSTA POSH MAGENTA\" href=\"https:\/\/www.parlor.ro\/ro\/produs\/fusta-eleganta-magenta\/\">FUSTA POSH MAGENTA<\/a>. P\u00c2N\u0102 LA 50% REDUCERE Azi!<\/p>","protected":false},"excerpt":{"rendered":"[sales_countdown_timer id=\"salescountdowntimer\"]\n<p>Spaghetti straps, wrap-effect waist, playful ruffle at the hem. Irresistible is the party favourite mini dress.<\/p>\n<p>#MadeinRomania<\/p>\n<p>#FabricatinRomania<\/p>\n<p>We are happy to reveal our designs in our showroom \/ call for appointment 0747501974 .<\/p>\n<p>&nbsp;<\/p>\n","protected":false},"featured_media":13312,"template":"","meta":[],"product_brand":[],"product_cat":[97,99],"product_tag":[],"class_list":{"0":"post-13345","1":"product","2":"type-product","3":"status-publish","4":"has-post-thumbnail","6":"product_cat-i--parlor","7":"product_cat-dresses","8":"pa_size-124","9":"pa_size-74","10":"pa_size-75","11":"pif-has-gallery","13":"first","14":"instock","15":"sale","16":"featured","17":"shipping-taxable","18":"purchasable","19":"product-type-variable"},"post_mailing_queue_ids":[],"_links":{"self":[{"href":"https:\/\/www.parlor.ro\/ro\/wp-json\/wp\/v2\/product\/13345","targetHints":{"allow":["GET"]}}],"collection":[{"href":"https:\/\/www.parlor.ro\/ro\/wp-json\/wp\/v2\/product"}],"about":[{"href":"https:\/\/www.parlor.ro\/ro\/wp-json\/wp\/v2\/types\/product"}],"wp:featuredmedia":[{"embeddable":true,"href":"https:\/\/www.parlor.ro\/ro\/wp-json\/wp\/v2\/media\/13312"}],"wp:attachment":[{"href":"https:\/\/www.parlor.ro\/ro\/wp-json\/wp\/v2\/media?parent=13345"}],"wp:term":[{"taxonomy":"product_brand","embeddable":true,"href":"https:\/\/www.parlor.ro\/ro\/wp-json\/wp\/v2\/product_brand?post=13345"},{"taxonomy":"product_cat","embeddable":true,"href":"https:\/\/www.parlor.ro\/ro\/wp-json\/wp\/v2\/product_cat?post=13345"},{"taxonomy":"product_tag","embeddable":true,"href":"https:\/\/www.parlor.ro\/ro\/wp-json\/wp\/v2\/product_tag?post=13345"}],"curies":[{"name":"wp","href":"https:\/\/api.w.org\/{rel}","templated":true}]}}