{"id":13355,"date":"2023-11-06T15:55:45","date_gmt":"2023-11-06T12:55:45","guid":{"rendered":"https:\/\/www.parlor.ro\/?post_type=product&#038;p=13355"},"modified":"2025-07-07T15:54:00","modified_gmt":"2025-07-07T12:54:00","slug":"top-cu-bule","status":"publish","type":"product","link":"https:\/\/www.parlor.ro\/ro\/product\/bubbly-top\/","title":{"rendered":"TOP BUBBLY"},"content":{"rendered":"<p>TOP BUBBLY<\/p>\n<p>100% bumbac organic<\/p>\n<p>100% organza de m\u0103tase, tul din poliester 100%<\/p>\n<p>M\u0103rime unic\u0103 \u2013 se lucreaz\u0103 pentru o m\u0103rime supradimensionat\u0103 de la 34 la un 38 liber.<\/p>\n<p><strong>Cur\u0103\u021bare uscat\u0103<\/strong><\/p>\n<p>&nbsp;<\/p>\n<p>Acest produs este realizat din \u021bes\u0103turi furnizate de produc\u0103tori certifica\u021bi conform standardelor europene.<\/p>\n<p>Imprimeurile sunt realizate cu vopsea ecologic\u0103 OEKO-TEX\u00ae.<\/p>\n<p>Acest produs este testat \u00een atelierul nostru \u0219i nu prezint\u0103 riscuri pentru s\u0103n\u0103tate si siguran\u021ba consumatorului.<\/p>\n<hr style=\"color:#404040; height: 1px;\" \/>\n<p><b style=\"text-align: left; font-size:1.8em;\" title=\"TOP BUBBLY - #MadeinRomania Topuri pentru femei\" name=\"BUBBLY TOP - #MadeinRomania Women's Tops\"><b style=\"font-weight: normal;\">TOP BUBBLY \u2013 Topuri de dam\u0103 #MadeinRomania<\/b><\/b><br \/>\n<b style=\"font-weight: normal !important;\">TOP BUBBLY<\/b> &#8211; <strong style=\"font-weight: normal !important;\">Topuri pentru femei #MadeinRomania<\/strong>. <i style=\"font-style: normal !important;\">Bubuitor<\/i> Tricoul are o form\u0103 relaxat\u0103, decorat\u0103 cu straturi de volane pe o parte. I Love Parlor | \u00cembr\u0103c\u0103minte \u0219i mod\u0103 pentru femei. <a style=\"font-weight: normal !important;\" title=\"Crea\u021biile Parlor\" href=\"https:\/\/www.parlor.ro\/ro\/\">Parlor<\/a> Design de Veronica Zaharia. #ConsciousDesign este nucleul brandului nostru. El se traduce prin reinterpretarea celor mai bine v\u00e2ndute modele ale noastre, evit\u00e2nd astfel producerea de\u0219eurilor in exces. Rochiile noastre sunt atemporale, usor de purtat, potrivite at\u00e2t ziua c\u00e2t si seara. Cum arat\u0103 rochia ta de vis? R\u0103sfoi\u021bi rochiile noastre pentru femei <a style=\"font-weight: normal !important;\" title=\"Magazinul #MadeinRomania\" href=\"https:\/\/www.parlor.ro\/ro\/magazin\/\">Parlor Shop<\/a> (pantaloni, rochii, jachete, salopete, <a style=\"font-weight: normal !important;\" title=\"#MadeinRomania topuri\" href=\"https:\/\/www.parlor.ro\/ro\/categorie-produs\/i-%e2%99%a5-salon\/varfuri\/\">topuri<\/a>) \u0219i g\u0103se\u0219te-\u021bi rochia ACUM! Sau vizita\u021bi showroom-ul nostru pentru a v\u0103 g\u0103si rochia perfect\u0103 \/ suna\u021bi pentru programare la 0747501974! Recomand\u0103ri de cump\u0103r\u0103turi pentru tine: <a style=\"font-weight: normal !important;\" title=\"TOP BLACK HEART\" href=\"https:\/\/www.parlor.ro\/ro\/produs\/top-cu-inima-neagra\/\">TOP BLACK HEART<\/a>, <a style=\"font-weight: normal !important;\" title=\"TOP SPICE\" href=\"https:\/\/www.parlor.ro\/ro\/produs\/blatul-de-condimente-2\/\">TOP SPICE<\/a>. P\u00c2N\u0102 LA 50% REDUCERE Azi!<\/p>","protected":false},"excerpt":{"rendered":"<p>Tricou f\u0103r\u0103 m\u00e2nec\u0103 cu volan din organza de m\u0103tase si tulle pe partea dreapta, decolteu V la spate.<\/p>\n<p>#MadeinRomania<\/p>\n<p>#FabricatinRomania<\/p>\n<p>Suntem incantati sa v\u0103 dezv\u0103luim modelele noastre si \u00een showroom: suna\u021bi pentru programare 0747501974.<\/p>","protected":false},"featured_media":13247,"template":"","meta":[],"product_brand":[],"product_cat":[97,102],"product_tag":[],"class_list":{"0":"post-13355","1":"product","2":"type-product","3":"status-publish","4":"has-post-thumbnail","6":"product_cat-i--parlor","7":"product_cat-tops","8":"pa_size-one-size","9":"pif-has-gallery","11":"first","12":"outofstock","13":"shipping-taxable","14":"purchasable","15":"product-type-variable"},"post_mailing_queue_ids":[],"_links":{"self":[{"href":"https:\/\/www.parlor.ro\/ro\/wp-json\/wp\/v2\/product\/13355","targetHints":{"allow":["GET"]}}],"collection":[{"href":"https:\/\/www.parlor.ro\/ro\/wp-json\/wp\/v2\/product"}],"about":[{"href":"https:\/\/www.parlor.ro\/ro\/wp-json\/wp\/v2\/types\/product"}],"wp:featuredmedia":[{"embeddable":true,"href":"https:\/\/www.parlor.ro\/ro\/wp-json\/wp\/v2\/media\/13247"}],"wp:attachment":[{"href":"https:\/\/www.parlor.ro\/ro\/wp-json\/wp\/v2\/media?parent=13355"}],"wp:term":[{"taxonomy":"product_brand","embeddable":true,"href":"https:\/\/www.parlor.ro\/ro\/wp-json\/wp\/v2\/product_brand?post=13355"},{"taxonomy":"product_cat","embeddable":true,"href":"https:\/\/www.parlor.ro\/ro\/wp-json\/wp\/v2\/product_cat?post=13355"},{"taxonomy":"product_tag","embeddable":true,"href":"https:\/\/www.parlor.ro\/ro\/wp-json\/wp\/v2\/product_tag?post=13355"}],"curies":[{"name":"wp","href":"https:\/\/api.w.org\/{rel}","templated":true}]}}