{"id":13687,"date":"2024-04-14T19:01:27","date_gmt":"2024-04-14T16:01:27","guid":{"rendered":"https:\/\/www.parlor.ro\/?post_type=product&#038;p=13687"},"modified":"2025-06-13T08:10:51","modified_gmt":"2025-06-13T05:10:51","slug":"top-incentive-alb-copy","status":"publish","type":"product","link":"https:\/\/www.parlor.ro\/ro\/product\/incentive-top-white-copy\/","title":{"rendered":"INCENTIVE TOP ALB"},"content":{"rendered":"<p>INCENTIVE TOP ALB<\/p>\n<p>100% bumbac organic<\/p>\n<p><strong>Sp\u0103lare delicat\u0103 la ma\u0219in\u0103<\/strong><\/p>\n<p>Acest produs este realizat din \u021bes\u0103turi furnizate de produc\u0103tori certifica\u021bi conform standardelor europene.<\/p>\n<p>Imprimeurile sunt realizate cu vopsea ecologic\u0103 OEKO-TEX\u00ae.<\/p>\n<p>Acest produs este testat \u00een atelierul nostru \u0219i nu prezint\u0103 riscuri pentru s\u0103n\u0103tate si siguran\u021ba consumatorului.<\/p>\n<hr style=\"color:#404040; height: 1px;\" \/>\n<p><b style=\"text-align: left; font-size:1.8em;\" title=\"TOP INCENTIVE ALB - Topuri elegante pentru femei\" name=\"INCENTIVE TOP WHITE - Stylish Women's Tops\"><b style=\"font-weight: normal;\">TOP INCENTIVE ALB \u2013 Topuri elegante pentru femei<\/b><\/b><br \/>\n<b style=\"font-weight: normal !important;\">INCENTIVE TOP ALB<\/b> &#8211; <strong style=\"font-weight: normal !important;\">Topuri elegante pentru femei<\/strong>. <i style=\"font-style: normal !important;\">Tricou alb Incentive<\/i> Vine \u00eentr-o form\u0103 relaxat\u0103, cu aplica\u021bii din dantel\u0103 neagr\u0103 brodat\u0103. I Love Parlor | \u00cembr\u0103c\u0103minte \u0219i mod\u0103 pentru femei. Designuri Parlor de <a style=\"font-weight: normal !important;\" title=\"Veronica Zaharia\" href=\"https:\/\/www.parlor.ro\/ro\/\">Veronica Zaharia<\/a>.#ConsciousDesign este nucleul brandului nostru. El se traduce prin reinterpretarea celor mai bine v\u00e2ndute modele ale noastre, evit\u00e2nd astfel producerea de\u0219eurilor in exces. Cum arat\u0103 rochia ta de vis? R\u0103sfoi\u021bi rochiile noastre pentru femei <a style=\"font-weight: normal !important;\" title=\"magazin elegant\" href=\"https:\/\/www.parlor.ro\/ro\/magazin\/\">Parlor Shop<\/a> (pantaloni, rochii, jachete, salopete, <a style=\"font-weight: normal !important;\" title=\"topuri stilate\" href=\"https:\/\/www.parlor.ro\/ro\/categorie-produs\/i-%e2%99%a5-salon\/varfuri\/\">topuri<\/a>) \u0219i g\u0103se\u0219te-\u021bi rochia ACUM! Sau vizita\u021bi showroom-ul nostru pentru a v\u0103 g\u0103si rochia perfect\u0103 \/ suna\u021bi pentru programare la 0747501974! Recomand\u0103ri de cump\u0103r\u0103turi pentru tine: <a style=\"font-weight: normal !important;\" title=\"TOP PASSION DARK AQUA\" href=\"https:\/\/www.parlor.ro\/ro\/produs\/pasiune-top-dark-aqua\/\">TOP PASSION DARK AQUA<\/a>, <a style=\"font-weight: normal !important;\" title=\"TOP PASSION ROSU\" href=\"https:\/\/www.parlor.ro\/ro\/produs\/pasiunea-top-rosu\/\">TOP PASSION ROSU<\/a>. P\u00c2N\u0102 LA 50% REDUCERE Azi! <\/p>","protected":false},"excerpt":{"rendered":"<div>\n<p>&nbsp;<\/p>\n<p><span lang=\"EN-US\">Tricou alb Incentive <\/span><span lang=\"EN-US\">cu maneca scurta, din bumbac, cu detaliu de dantela pe bust. <\/span><\/p>\n<\/div>\n<p>#MadeinRomania<\/p>\n<p>#FabricatinRomania<\/p>\n<p>Suntem incantati sa v\u0103 dezv\u0103luim modelele noastre si \u00een showroom: suna\u021bi pentru programare 0747501974.<\/p>","protected":false},"featured_media":13689,"template":"","meta":[],"product_brand":[],"product_cat":[97,102],"product_tag":[],"class_list":{"0":"post-13687","1":"product","2":"type-product","3":"status-publish","4":"has-post-thumbnail","6":"product_cat-i--parlor","7":"product_cat-tops","8":"pa_size-one-size","9":"pif-has-gallery","11":"first","12":"outofstock","13":"shipping-taxable","14":"purchasable","15":"product-type-variable"},"post_mailing_queue_ids":[],"_links":{"self":[{"href":"https:\/\/www.parlor.ro\/ro\/wp-json\/wp\/v2\/product\/13687","targetHints":{"allow":["GET"]}}],"collection":[{"href":"https:\/\/www.parlor.ro\/ro\/wp-json\/wp\/v2\/product"}],"about":[{"href":"https:\/\/www.parlor.ro\/ro\/wp-json\/wp\/v2\/types\/product"}],"wp:featuredmedia":[{"embeddable":true,"href":"https:\/\/www.parlor.ro\/ro\/wp-json\/wp\/v2\/media\/13689"}],"wp:attachment":[{"href":"https:\/\/www.parlor.ro\/ro\/wp-json\/wp\/v2\/media?parent=13687"}],"wp:term":[{"taxonomy":"product_brand","embeddable":true,"href":"https:\/\/www.parlor.ro\/ro\/wp-json\/wp\/v2\/product_brand?post=13687"},{"taxonomy":"product_cat","embeddable":true,"href":"https:\/\/www.parlor.ro\/ro\/wp-json\/wp\/v2\/product_cat?post=13687"},{"taxonomy":"product_tag","embeddable":true,"href":"https:\/\/www.parlor.ro\/ro\/wp-json\/wp\/v2\/product_tag?post=13687"}],"curies":[{"name":"wp","href":"https:\/\/api.w.org\/{rel}","templated":true}]}}