{"id":13694,"date":"2024-04-14T19:10:31","date_gmt":"2024-04-14T16:10:31","guid":{"rendered":"https:\/\/www.parlor.ro\/?post_type=product&#038;p=13694"},"modified":"2025-10-28T10:10:00","modified_gmt":"2025-10-28T07:10:00","slug":"incentive-top-negru","status":"publish","type":"product","link":"https:\/\/www.parlor.ro\/ro\/product\/incentive-top-black\/","title":{"rendered":"TOP INCENTIVE NEGRU"},"content":{"rendered":"<p>TOP INCENTIVE NEGRU<\/p>\n<p>100% bumbac organic<\/p>\n<p>Dantela din poliester 100%<\/p>\n<p><strong>Sp\u0103lare delicat\u0103 la ma\u0219in\u0103<\/strong><\/p>\n<p>Acest produs este realizat din \u021bes\u0103turi furnizate de produc\u0103tori certifica\u021bi conform standardelor europene.<\/p>\n<p>Imprimeurile sunt realizate cu vopsea ecologic\u0103 OEKO-TEX\u00ae.<\/p>\n<p>Acest produs este testat \u00een atelierul nostru \u0219i nu prezint\u0103 riscuri pentru s\u0103n\u0103tate si siguran\u021ba consumatorului.<\/p>\n<p><b style=\"font-weight: normal !important;\"><\/b><br \/>\n<i style=\"font-style: normal !important;\"><\/i><\/p>\n<hr style=\"color: #404040; height: 1px;\" \/>\n<p><b style=\"text-align: left; font-size: 1.8em;\" title=\"INCENIVE TOP BLACK - Topuri pentru femei de designer\"><b style=\"font-weight: normal;\">TOP INCENTIVE BLACK \u2013 Topuri de dam\u0103 de designer<\/b><\/b><br \/>\n<b style=\"font-weight: normal !important;\">TOP INCENTIVE NEGRU<\/b> &#8211; <strong style=\"font-weight: normal !important;\">Topuri de dam\u0103 de designer<\/strong>. <i style=\"font-style: normal !important;\">Tricou<\/i> cu maneca scurta, din bumbac, cu detaliu de dantela pe bust. I love <a style=\"font-weight: normal !important;\" title=\"I \u2665 Parlor\" href=\"https:\/\/www.parlor.ro\/ro\/\">Parlor<\/a> | \u00cembr\u0103c\u0103minte pentru femei \u0219i mod\u0103 pentru femei. Design Parlor de Veronica Zaharia. #ConsciousDesign este nucleul brandului nostru. El se traduce prin reinterpretarea celor mai bine v\u00e2ndute modele ale noastre, evit\u00e2nd astfel producerea de\u0219eurilor in exces. Rochiile noastre sunt atemporale, usor de purtat, potrivite at\u00e2t ziua c\u00e2t si seara. Cum arat\u0103 rochia ta de vis? R\u0103sfoi\u021bi <a style=\"font-weight: normal !important;\" title=\"Magazin de rochii de dama\" href=\"https:\/\/www.parlor.ro\/ro\/magazin\/\">Rochii de dama<\/a> Magazin (pantaloni, rochii, jachete, salopete, <a style=\"font-weight: normal !important;\" title=\"Topuri de designer\" href=\"https:\/\/www.parlor.ro\/ro\/categorie-produs\/i-%e2%99%a5-salon\/varfuri\/\">topuri <\/a>) \u0219i g\u0103se\u0219te-\u021bi rochia ACUM! Sau vizita\u021bi showroom-ul nostru pentru a v\u0103 g\u0103si rochia perfect\u0103 \/ suna\u021bi pentru programare la 0747501974! Recomand\u0103ri de cump\u0103r\u0103turi pentru tine: <a style=\"font-weight: normal !important;\" title=\"TOP PASSION DARK AQUA\" href=\"https:\/\/www.parlor.ro\/ro\/categorie-produs\/i-%e2%99%a5-salon\/varfuri\/\">TOP PASSION DARK AQUA<\/a>, <a style=\"font-weight: normal !important;\" title=\"Top Second Skin\" href=\"https:\/\/www.parlor.ro\/ro\/produs\/top-cu-pielea-a-doua\/\">Top Second Skin<\/a>. P\u00c2N\u0102 LA 50% REDUCERE Azi!<\/p>","protected":false},"excerpt":{"rendered":"<div>\n[sales_countdown_timer id=\"salescountdowntimer\"]\n<p><span lang=\"EN-US\">Incentive black \u00a0T-shirt <\/span><span lang=\"EN-US\">comes in a relaxed shape that&#8217;s appliqu\u00e9d with black lace embroidery detail. <\/span><\/p>\n<\/div>\n<p>#MadeinRomania<\/p>\n<p>#FabricatinRomania<\/p>\n<p>We are happy to reveal our designs in our showroom \/ call for appointment 0747501974 .<\/p>\n","protected":false},"featured_media":13733,"template":"","meta":[],"product_brand":[],"product_cat":[97,141,102],"product_tag":[],"class_list":{"0":"post-13694","1":"product","2":"type-product","3":"status-publish","4":"has-post-thumbnail","6":"product_cat-i--parlor","7":"product_cat-new","8":"product_cat-tops","9":"pa_size-one-size","10":"pif-has-gallery","12":"first","13":"outofstock","14":"shipping-taxable","15":"purchasable","16":"product-type-variable"},"post_mailing_queue_ids":[],"_links":{"self":[{"href":"https:\/\/www.parlor.ro\/ro\/wp-json\/wp\/v2\/product\/13694","targetHints":{"allow":["GET"]}}],"collection":[{"href":"https:\/\/www.parlor.ro\/ro\/wp-json\/wp\/v2\/product"}],"about":[{"href":"https:\/\/www.parlor.ro\/ro\/wp-json\/wp\/v2\/types\/product"}],"wp:featuredmedia":[{"embeddable":true,"href":"https:\/\/www.parlor.ro\/ro\/wp-json\/wp\/v2\/media\/13733"}],"wp:attachment":[{"href":"https:\/\/www.parlor.ro\/ro\/wp-json\/wp\/v2\/media?parent=13694"}],"wp:term":[{"taxonomy":"product_brand","embeddable":true,"href":"https:\/\/www.parlor.ro\/ro\/wp-json\/wp\/v2\/product_brand?post=13694"},{"taxonomy":"product_cat","embeddable":true,"href":"https:\/\/www.parlor.ro\/ro\/wp-json\/wp\/v2\/product_cat?post=13694"},{"taxonomy":"product_tag","embeddable":true,"href":"https:\/\/www.parlor.ro\/ro\/wp-json\/wp\/v2\/product_tag?post=13694"}],"curies":[{"name":"wp","href":"https:\/\/api.w.org\/{rel}","templated":true}]}}