{"id":13724,"date":"2024-04-14T19:30:09","date_gmt":"2024-04-14T16:30:09","guid":{"rendered":"https:\/\/www.parlor.ro\/?post_type=product&#038;p=13724"},"modified":"2025-08-13T07:44:50","modified_gmt":"2025-08-13T04:44:50","slug":"sarut-de-sus","status":"publish","type":"product","link":"https:\/\/www.parlor.ro\/ro\/product\/kiss-top\/","title":{"rendered":"KISS TOP"},"content":{"rendered":"<p>KISS TOP<\/p>\n<p>98% bumbac, 2% elastan<\/p>\n<p><strong>Sp\u0103lare delicat\u0103 la ma\u0219in\u0103<\/strong><\/p>\n<p>Acest produs este realizat din \u021bes\u0103turi furnizate de produc\u0103tori certifica\u021bi conform standardelor europene.<\/p>\n<p>Imprimeurile sunt realizate cu vopsea ecologic\u0103 OEKO-TEX\u00ae.<\/p>\n<p>Acest produs este testat \u00een atelierul nostru \u0219i nu prezint\u0103 riscuri pentru s\u0103n\u0103tate si siguran\u021ba consumatorului.<\/p>\n<hr style=\"color: #404040; height: 1px;\" \/>\n<p><b style=\"text-align: left; font-size: 1.8em;\" title=\"KISS TOP - Topuri de dam\u0103 la mod\u0103\"><b style=\"font-weight: normal;\">KISS TOP \u2013 Topuri de dam\u0103 la mod\u0103<\/b><\/b><br \/>\n<b style=\"font-weight: normal !important;\">KISS TOP<\/b> &#8211; <strong style=\"font-weight: normal !important;\">Topuri pentru femei la mod\u0103<\/strong>. <i style=\"font-style: normal !important;\">Tricou cu dungi alb-negru<\/i> Vine \u00eentr-o form\u0103 lejer\u0103, decorat\u0103 cu broderie cu perle. I Love Parlor | \u00cembr\u0103c\u0103minte \u0219i mod\u0103 pentru femei. <a style=\"font-weight: normal !important;\" title=\"Crea\u021biile Parlor\" href=\"https:\/\/www.parlor.ro\/ro\/\">Crea\u021biile Parlor<\/a> de Veronica Zaharia. #ConsciousDesign este nucleul brandului nostru. El se traduce prin reinterpretarea celor mai bine v\u00e2ndute modele ale noastre, evit\u00e2nd astfel producerea de\u0219eurilor in exces. Rochiile noastre sunt atemporale, usor de purtat, potrivite at\u00e2t ziua c\u00e2t si seara. Cum arat\u0103 rochia ta de vis? R\u0103sfoi\u021bi crea\u021biile noastre pentru femei <a style=\"font-weight: normal !important;\" title=\"magazin de topuri\" href=\"https:\/\/www.parlor.ro\/ro\/magazin\/\">Parlor Shop<\/a> (pantaloni, rochii, jachete, salopete, <a style=\"font-weight: normal !important;\" title=\"topuri pentru femei\" href=\"https:\/\/www.parlor.ro\/ro\/categorie-produs\/i-%e2%99%a5-salon\/varfuri\/\">topuri<\/a>) \u0219i g\u0103se\u0219te-\u021bi rochia ACUM! Sau vizita\u021bi showroom-ul nostru pentru a v\u0103 g\u0103si rochia perfect\u0103 \/ suna\u021bi pentru programare la 0747501974! Recomand\u0103ri de cump\u0103r\u0103turi pentru tine: <a style=\"font-weight: normal !important;\" title=\"TOP BOLD\" href=\"https:\/\/www.parlor.ro\/ro\/produs\/top-bold\/\">TOP BOLD<\/a>, <a style=\"font-weight: normal !important;\" title=\"TOP INCENTIVE NEGRU\" href=\"https:\/\/www.parlor.ro\/ro\/produs\/incentive-top-negru\/\">TOP INCENTIVE NEGRU<\/a>. P\u00c2N\u0102 LA 50% REDUCERE Azi!<\/p>","protected":false},"excerpt":{"rendered":"<div>\n<p><span lang=\"EN-US\">Tricou cu dungi alb-negru <\/span><span lang=\"EN-US\">, cu maneca scurta, cu detaliu de buze din m\u0103rgele si perla pe bust.\u00a0<\/span><\/p>\n<\/div>\n<p>#MadeinRomania<\/p>\n<p>#FabricatinRomania<\/p>\n<p>Suntem incantati sa v\u0103 dezv\u0103luim modelele noastre si \u00een showroom: suna\u021bi pentru programare 0747501974.<\/p>","protected":false},"featured_media":13712,"template":"","meta":[],"product_brand":[],"product_cat":[97,102],"product_tag":[],"class_list":{"0":"post-13724","1":"product","2":"type-product","3":"status-publish","4":"has-post-thumbnail","6":"product_cat-i--parlor","7":"product_cat-tops","8":"pa_size-one-size","9":"pif-has-gallery","11":"first","12":"outofstock","13":"featured","14":"shipping-taxable","15":"purchasable","16":"product-type-variable"},"post_mailing_queue_ids":[],"_links":{"self":[{"href":"https:\/\/www.parlor.ro\/ro\/wp-json\/wp\/v2\/product\/13724","targetHints":{"allow":["GET"]}}],"collection":[{"href":"https:\/\/www.parlor.ro\/ro\/wp-json\/wp\/v2\/product"}],"about":[{"href":"https:\/\/www.parlor.ro\/ro\/wp-json\/wp\/v2\/types\/product"}],"wp:featuredmedia":[{"embeddable":true,"href":"https:\/\/www.parlor.ro\/ro\/wp-json\/wp\/v2\/media\/13712"}],"wp:attachment":[{"href":"https:\/\/www.parlor.ro\/ro\/wp-json\/wp\/v2\/media?parent=13724"}],"wp:term":[{"taxonomy":"product_brand","embeddable":true,"href":"https:\/\/www.parlor.ro\/ro\/wp-json\/wp\/v2\/product_brand?post=13724"},{"taxonomy":"product_cat","embeddable":true,"href":"https:\/\/www.parlor.ro\/ro\/wp-json\/wp\/v2\/product_cat?post=13724"},{"taxonomy":"product_tag","embeddable":true,"href":"https:\/\/www.parlor.ro\/ro\/wp-json\/wp\/v2\/product_tag?post=13724"}],"curies":[{"name":"wp","href":"https:\/\/api.w.org\/{rel}","templated":true}]}}