{"id":13727,"date":"2024-09-15T17:55:41","date_gmt":"2024-09-15T14:55:41","guid":{"rendered":"https:\/\/www.parlor.ro\/?post_type=product&#038;p=13727"},"modified":"2025-08-13T07:46:17","modified_gmt":"2025-08-13T04:46:17","slug":"top-nevinovat","status":"publish","type":"product","link":"https:\/\/www.parlor.ro\/ro\/product\/innocent-top\/","title":{"rendered":"TOP INNOCENT"},"content":{"rendered":"<p>TOP INNOCENT<\/p>\n<p>100% bumbac<\/p>\n<p>100% broderie din poliester<\/p>\n<p><strong>Sp\u0103lare delicat\u0103 la ma\u0219in\u0103<\/strong><\/p>\n<p>Acest produs este realizat din \u021bes\u0103turi furnizate de produc\u0103tori certifica\u021bi conform standardelor europene.<\/p>\n<p>Imprimeurile sunt realizate cu vopsea ecologic\u0103 OEKO-TEX\u00ae.<\/p>\n<p>Acest produs este testat \u00een atelierul nostru \u0219i nu prezint\u0103 riscuri pentru s\u0103n\u0103tate si siguran\u021ba consumatorului.<\/p>\n<hr style=\"color: #404040; height: 1px;\" \/>\n<p><b style=\"text-align: left; font-size: 1.8em;\" title=\"INNOCENT TOP - Tricouri moderne pentru femei\"><b style=\"font-weight: normal;\">INNOCENT TOP \u2013 Tricouri moderne pentru femei<\/b><\/b><br \/>\n<b style=\"font-weight: normal !important;\">TOP INNOCENT<\/b> \u2013 Tricouri moderne pentru femei. <i style=\"font-style: normal !important;\">Tricoul INNOCENT<\/i> negru, cu maneca scurta, din bumbac, cu detaliu sclipitor pe umeri. Detaliul de pe umeri este realizat din sticla fatetata aplicata pe stofa din poliester. I love <a style=\"font-weight: normal !important;\" title=\"Topuri de salon\" href=\"https:\/\/www.parlor.ro\/ro\/categorie-produs\/i-%e2%99%a5-salon\/varfuri\/\">Parlor<\/a> | \u00cembr\u0103c\u0103minte pentru femei \u0219i mod\u0103 pentru femei. Design Parlor de <strong style=\"font-weight: normal !important;\">Veronica Zaharia<\/strong>. #ConsciousDesign este nucleul brandului nostru. El se traduce prin reinterpretarea celor mai bine v\u00e2ndute modele ale noastre, evit\u00e2nd astfel producerea de\u0219eurilor in exces. Rochiile noastre sunt atemporale, usor de purtat, potrivite at\u00e2t ziua c\u00e2t si seara. Cum arat\u0103 rochia ta de vis? R\u0103sfoi\u021bi produsele noastre pentru femei <a style=\"font-weight: normal !important;\" title=\"Viziteaza shop-ul nostru online\" href=\"https:\/\/www.parlor.ro\/ro\/magazin\/\">Viziteaza shop-ul nostru online<\/a> (fuste, pantaloni, rochii, jachete, salopete, topuri) \u0219i g\u0103se\u0219te-\u021bi rochia ACUM! Sau vizita\u021bi showroom-ul nostru <a style=\"font-weight: normal !important;\" title=\"Rochie de dama\" href=\"https:\/\/www.parlor.ro\/ro\/\">perfecta.<\/a> \/ suna pentru programare 0747501974! Recomand\u0103ri de cump\u0103r\u0103turi pentru tine: <a style=\"font-weight: normal !important;\" title=\"TOP GLAM NEGRU\" href=\"https:\/\/www.parlor.ro\/ro\/produs\/top-glam-negru\/\">TOP GLAM NEGRU<\/a>, <a style=\"font-weight: normal !important;\" title=\"TOP GLAM\" href=\"https:\/\/www.parlor.ro\/ro\/produs\/top-glam\/\">TOP GLAM<\/a>. P\u00c2N\u0102 LA 50% REDUCERE Azi!<\/p>","protected":false},"excerpt":{"rendered":"<div>\n<p><span lang=\"EN-US\">Tricoul INNOCENT <\/span><span lang=\"EN-US\">negru, cu maneca scurta, din bumbac, cu detaliu sclipitor pe umeri. Detaliul de pe umeri este realizat din sticla fatetata aplicata pe stofa din poliester.\u00a0<\/span><\/p>\n<\/div>\n<p>#MadeinRomania<\/p>\n<p>#FabricatinRomania<\/p>\n<p>Suntem incantati sa v\u0103 dezv\u0103luim modelele noastre si \u00een showroom: suna\u021bi pentru programare 0747501974.<\/p>","protected":false},"featured_media":14678,"template":"","meta":[],"product_brand":[],"product_cat":[97,102],"product_tag":[],"class_list":{"0":"post-13727","1":"product","2":"type-product","3":"status-publish","4":"has-post-thumbnail","6":"product_cat-i--parlor","7":"product_cat-tops","8":"pa_size-one-size","9":"pif-has-gallery","11":"first","12":"outofstock","13":"shipping-taxable","14":"purchasable","15":"product-type-variable"},"post_mailing_queue_ids":[],"_links":{"self":[{"href":"https:\/\/www.parlor.ro\/ro\/wp-json\/wp\/v2\/product\/13727","targetHints":{"allow":["GET"]}}],"collection":[{"href":"https:\/\/www.parlor.ro\/ro\/wp-json\/wp\/v2\/product"}],"about":[{"href":"https:\/\/www.parlor.ro\/ro\/wp-json\/wp\/v2\/types\/product"}],"wp:featuredmedia":[{"embeddable":true,"href":"https:\/\/www.parlor.ro\/ro\/wp-json\/wp\/v2\/media\/14678"}],"wp:attachment":[{"href":"https:\/\/www.parlor.ro\/ro\/wp-json\/wp\/v2\/media?parent=13727"}],"wp:term":[{"taxonomy":"product_brand","embeddable":true,"href":"https:\/\/www.parlor.ro\/ro\/wp-json\/wp\/v2\/product_brand?post=13727"},{"taxonomy":"product_cat","embeddable":true,"href":"https:\/\/www.parlor.ro\/ro\/wp-json\/wp\/v2\/product_cat?post=13727"},{"taxonomy":"product_tag","embeddable":true,"href":"https:\/\/www.parlor.ro\/ro\/wp-json\/wp\/v2\/product_tag?post=13727"}],"curies":[{"name":"wp","href":"https:\/\/api.w.org\/{rel}","templated":true}]}}