{"id":13762,"date":"2024-04-15T15:58:31","date_gmt":"2024-04-15T12:58:31","guid":{"rendered":"https:\/\/www.parlor.ro\/?post_type=product&#038;p=13762"},"modified":"2025-11-03T13:46:31","modified_gmt":"2025-11-03T10:46:31","slug":"rochie-spring-delight","status":"publish","type":"product","link":"https:\/\/www.parlor.ro\/ro\/product\/spring-delight-dress\/","title":{"rendered":"ROCHIE SPRING DELIGHT"},"content":{"rendered":"<p>ROCHIE SPRING DELIGHT<\/p>\n<p>100% poliester deadstock<\/p>\n<p>Imprimare OEKO-TEX\u00ae Standard 100<\/p>\n<p><strong>Sp\u0103lare delicat\u0103 la ma\u0219in\u0103<\/strong><\/p>\n<p>Acest produs este realizat din \u021bes\u0103turi furnizate de produc\u0103tori certifica\u021bi conform standardelor europene.<\/p>\n<p>Imprimeurile sunt realizate cu vopsea ecologic\u0103 OEKO-TEX\u00ae.<\/p>\n<p>Acest produs este testat \u00een atelierul nostru \u0219i nu prezint\u0103 riscuri pentru s\u0103n\u0103tate si siguran\u021ba consumatorului.<\/p>\n<hr style=\"color: #404040; height: 1px;\" \/>\n<p><b style=\"text-align: left; font-size: 1.8em;\" title=\"ROCHIE SPRING DELIGHT - Rochie de dama de primavara\"><b style=\"font-weight: normal;\">ROCHIE SPRING DELIGHT \u2013 Rochie de dama de primavara<\/b><\/b><br \/>\n<b style=\"font-weight: normal !important;\">ROCHIE SPRING DELIGHT<\/b> &#8211; <strong style=\"font-weight: normal !important;\">Rochie de dama de primavara<\/strong>. <i style=\"font-style: normal !important;\">Rochie Spring Delight<\/i> este croit pe bias pentru a trece peste corp pentru a crea o siluet\u0103 atemporal\u0103. I Love Parlour | \u00cembr\u0103c\u0103minte pentru femei \u0219i mod\u0103 pentru femei. Salon <a style=\"font-weight: normal !important;\" title=\"Crea\u021biile Parlor\" href=\"https:\/\/www.parlor.ro\/ro\/\">Design<\/a> de Veronica Zaharia. #ConsciousDesign este nucleul brandului nostru. El se traduce prin reinterpretarea celor mai bine v\u00e2ndute modele ale noastre, evit\u00e2nd astfel producerea de\u0219eurilor in exces. Rochiile noastre sunt atemporale, usor de purtat, potrivite at\u00e2t ziua c\u00e2t si seara. Cum arat\u0103 rochia ta de vis? R\u0103sfoi\u021bi crea\u021biile noastre pentru femei <a style=\"font-weight: normal !important;\" title=\"Magazin de rochii de dama\" href=\"https:\/\/www.parlor.ro\/ro\/magazin\/\">Parlor Shop<\/a> (fuste, pantaloni, <a style=\"font-weight: normal !important;\" title=\"rochii\" href=\"https:\/\/www.parlor.ro\/ro\/categorie-produs\/i-%e2%99%a5-salon\/rochii\/\">rochii<\/a>, jachete, salopet\u0103, topuri) \u0219i g\u0103se\u0219te-\u021bi rochia ACUM! Sau vizita\u021bi showroom-ul nostru pentru a v\u0103 g\u0103si rochia perfect\u0103 \/ suna\u021bi pentru programare la 0747501974! Recomand\u0103ri de cump\u0103r\u0103turi pentru tine: <a style=\"font-weight: normal !important;\" title=\"ROCHIE HAVANA\" href=\"https:\/\/www.parlor.ro\/ro\/produs\/rochie-havana\/\">ROCHIE HAVANA<\/a>, <a style=\"font-weight: normal !important;\" title=\"ROCHIE IRRESISTIBLE\" href=\"https:\/\/www.parlor.ro\/ro\/produs\/rochie-irezistibila-2\/\">ROCHIE IRRESISTIBLE<\/a>. P\u00c2N\u0102 LA 50% REDUCERE Azi!<\/p>","protected":false},"excerpt":{"rendered":"<div>\n[sales_countdown_timer id=\"salescountdowntimer\"]\n<p>Spring Delight Dress is cut on the bias to skim over the body to create a timeless silhouette. The back delicately supported by precious straps .<\/p>\n<\/div>\n<p>#MadeinRomania<\/p>\n<p>#FabricatinRomania<\/p>\n<p>We are happy to reveal our designs in our showroom \/ call for appointment 0747501974 .<\/p>\n","protected":false},"featured_media":13766,"template":"","meta":[],"product_brand":[],"product_cat":[97,99,141],"product_tag":[],"class_list":{"0":"post-13762","1":"product","2":"type-product","3":"status-publish","4":"has-post-thumbnail","6":"product_cat-i--parlor","7":"product_cat-dresses","8":"product_cat-new","9":"pa_size-124","10":"pa_size-74","11":"pif-has-gallery","13":"first","14":"outofstock","15":"shipping-taxable","16":"purchasable","17":"product-type-variable"},"post_mailing_queue_ids":[],"_links":{"self":[{"href":"https:\/\/www.parlor.ro\/ro\/wp-json\/wp\/v2\/product\/13762","targetHints":{"allow":["GET"]}}],"collection":[{"href":"https:\/\/www.parlor.ro\/ro\/wp-json\/wp\/v2\/product"}],"about":[{"href":"https:\/\/www.parlor.ro\/ro\/wp-json\/wp\/v2\/types\/product"}],"wp:featuredmedia":[{"embeddable":true,"href":"https:\/\/www.parlor.ro\/ro\/wp-json\/wp\/v2\/media\/13766"}],"wp:attachment":[{"href":"https:\/\/www.parlor.ro\/ro\/wp-json\/wp\/v2\/media?parent=13762"}],"wp:term":[{"taxonomy":"product_brand","embeddable":true,"href":"https:\/\/www.parlor.ro\/ro\/wp-json\/wp\/v2\/product_brand?post=13762"},{"taxonomy":"product_cat","embeddable":true,"href":"https:\/\/www.parlor.ro\/ro\/wp-json\/wp\/v2\/product_cat?post=13762"},{"taxonomy":"product_tag","embeddable":true,"href":"https:\/\/www.parlor.ro\/ro\/wp-json\/wp\/v2\/product_tag?post=13762"}],"curies":[{"name":"wp","href":"https:\/\/api.w.org\/{rel}","templated":true}]}}