{"id":13771,"date":"2024-04-15T16:04:31","date_gmt":"2024-04-15T13:04:31","guid":{"rendered":"https:\/\/www.parlor.ro\/?post_type=product&#038;p=13771"},"modified":"2025-06-12T19:53:12","modified_gmt":"2025-06-12T16:53:12","slug":"rochie-flowering-2","status":"publish","type":"product","link":"https:\/\/www.parlor.ro\/ro\/product\/flowering-dress\/","title":{"rendered":"ROCHIE FLOWERING"},"content":{"rendered":"<p>ROCHIE FLOWERING<\/p>\n<p>100% poliester deadstock<\/p>\n<p>Imprimare OEKO-TEX\u00ae Standard 100<\/p>\n<p><strong>Sp\u0103lare delicat\u0103 la ma\u0219in\u0103<\/strong><\/p>\n<p>Acest produs este realizat din \u021bes\u0103turi furnizate de produc\u0103tori certifica\u021bi conform standardelor europene.<\/p>\n<p>Imprimeurile sunt realizate cu vopsea ecologic\u0103 OEKO-TEX\u00ae.<\/p>\n<p>Acest produs este testat \u00een atelierul nostru \u0219i nu prezint\u0103 riscuri pentru s\u0103n\u0103tate si siguran\u021ba consumatorului.<\/p>\n<hr style=\"color:#404040; height: 1px;\" \/>\n<p><b style=\"text-align: left; font-size:1.8em;\" title=\"ROCHIE CU \u00ceNFLORIRE - Rochie Glamour pentru femei\" name=\"FLOWERING DRESS - Glamour Women's Dress\"><b style=\"font-weight: normal;\">ROCHIE CU \u00ceNFLORIRE \u2013 Rochie Glamour pentru femei<\/b><\/b><br \/>\n<b style=\"font-weight: normal !important;\">ROCHIE FLOWERING<\/b> &#8211; <strong style=\"font-weight: normal !important;\">Rochie Glamour pentru femei<\/strong>. <i style=\"font-style: normal !important;\">Rochie \u00eenflorit\u0103<\/i> este croit\u0103 pe bias pentru a aluneca pe corp \u0219i a crea o siluet\u0103 atemporal\u0103. I Love Parlor | <a style=\"font-weight: normal !important;\" title=\"\u00cembr\u0103c\u0103minte pentru femei\" href=\"https:\/\/www.parlor.ro\/ro\/\">Parlor<\/a>  \u00cembr\u0103c\u0103minte \u0219i mod\u0103 pentru femei. Design Parlor de Veronica Zaharia. #ConsciousDesign este nucleul brandului nostru. Se traduce prin reinterpretarea articolelor noastre cele mai bine v\u00e2ndute cu un consum minim de resurse.  Rochiile noastre sunt atemporale, usor de purtat, potrivite at\u00e2t ziua c\u00e2t si seara . Cum arat\u0103 rochia visurilor tale? R\u0103sfoie\u0219te-ne <a style=\"font-weight: normal !important;\" title=\"Magazin Parlor\" href=\"https:\/\/www.parlor.ro\/ro\/magazin\/\">Magazin pentru femei<\/a> (fuste, pantaloni, <a style=\"font-weight: normal !important;\" title=\"Rochii de dam\u0103\" href=\"https:\/\/www.parlor.ro\/ro\/categorie-produs\/i-%e2%99%a5-salon\/rochii\/\">rochii<\/a>, jachete, salopet\u0103, topuri) \u0219i g\u0103se\u0219te-\u021bi rochia ACUM! Sau vizita\u021bi showroom-ul nostru pentru a v\u0103 g\u0103si rochia perfect\u0103 \/ suna\u021bi pentru programare la 0747501974! Recomand\u0103ri de cump\u0103r\u0103turi pentru tine: <a style=\"font-weight: normal !important;\" title=\"ROCHIE SPRING DELIGHT\" href=\"https:\/\/www.parlor.ro\/ro\/produs\/rochie-spring-delight\/\">ROCHIE SPRING DELIGHT<\/a>, <a style=\"font-weight: normal !important;\" title=\"ROCHIE PASSION PRINT\" href=\"https:\/\/www.parlor.ro\/ro\/produs\/rochie-passion-print-2\/\">ROCHIE PASSION PRINT<\/a>Pre\u021buri uimitoare! REDUCERI DE P\u00c2N\u0102 LA 50% ast\u0103zi! <\/p>","protected":false},"excerpt":{"rendered":"<div>\n[sales_countdown_timer id=\"salescountdowntimer\"]\n<p>Flowering Dress is cut on the bias to skim over the body to create a timeless silhouette. The back delicately supported by precious straps .<\/p>\n<\/div>\n<p>#MadeinRomania<\/p>\n<p>#FabricatinRomania<\/p>\n<p>We are happy to reveal our designs in our showroom \/ call for appointment 0747501974 .<\/p>\n","protected":false},"featured_media":13776,"template":"","meta":[],"product_brand":[],"product_cat":[97,99],"product_tag":[],"class_list":{"0":"post-13771","1":"product","2":"type-product","3":"status-publish","4":"has-post-thumbnail","6":"product_cat-i--parlor","7":"product_cat-dresses","8":"pa_size-74","9":"pif-has-gallery","11":"first","12":"outofstock","13":"shipping-taxable","14":"purchasable","15":"product-type-variable"},"post_mailing_queue_ids":[],"_links":{"self":[{"href":"https:\/\/www.parlor.ro\/ro\/wp-json\/wp\/v2\/product\/13771","targetHints":{"allow":["GET"]}}],"collection":[{"href":"https:\/\/www.parlor.ro\/ro\/wp-json\/wp\/v2\/product"}],"about":[{"href":"https:\/\/www.parlor.ro\/ro\/wp-json\/wp\/v2\/types\/product"}],"wp:featuredmedia":[{"embeddable":true,"href":"https:\/\/www.parlor.ro\/ro\/wp-json\/wp\/v2\/media\/13776"}],"wp:attachment":[{"href":"https:\/\/www.parlor.ro\/ro\/wp-json\/wp\/v2\/media?parent=13771"}],"wp:term":[{"taxonomy":"product_brand","embeddable":true,"href":"https:\/\/www.parlor.ro\/ro\/wp-json\/wp\/v2\/product_brand?post=13771"},{"taxonomy":"product_cat","embeddable":true,"href":"https:\/\/www.parlor.ro\/ro\/wp-json\/wp\/v2\/product_cat?post=13771"},{"taxonomy":"product_tag","embeddable":true,"href":"https:\/\/www.parlor.ro\/ro\/wp-json\/wp\/v2\/product_tag?post=13771"}],"curies":[{"name":"wp","href":"https:\/\/api.w.org\/{rel}","templated":true}]}}