{"id":13792,"date":"2024-04-15T16:26:58","date_gmt":"2024-04-15T13:26:58","guid":{"rendered":"https:\/\/www.parlor.ro\/?post_type=product&#038;p=13792"},"modified":"2025-06-12T19:33:25","modified_gmt":"2025-06-12T16:33:25","slug":"rochie-spice-3","status":"publish","type":"product","link":"https:\/\/www.parlor.ro\/ro\/product\/spice-dress-3\/","title":{"rendered":"ROCHIE SPICE"},"content":{"rendered":"<p>ROCHIE SPICE<\/p>\n<p>100% poliester deadstock<\/p>\n<p>Imprimare OEKO-TEX\u00ae Standard 100<\/p>\n<p><strong>Sp\u0103lare delicat\u0103 la ma\u0219in\u0103<\/strong><\/p>\n<p>Acest produs este realizat din \u021bes\u0103turi furnizate de produc\u0103tori certifica\u021bi conform standardelor europene.<\/p>\n<p>Imprimeurile sunt realizate cu vopsea ecologic\u0103 OEKO-TEX\u00ae.<\/p>\n<p>Acest produs este testat \u00een atelierul nostru \u0219i nu prezint\u0103 riscuri pentru s\u0103n\u0103tate si siguran\u021ba consumatorului.<\/p>\n<hr style=\"color:#404040; height: 1px;\" \/>\n<p><b style=\"text-align: left; font-size:1.8em;\" title=\"ROCHIE SPICE - Rochie de dam\u0103 de designer\" name=\"SPICE DRESS - Designer Women's Dress\"><b style=\"font-weight: normal;\">ROCHIE SPICE \u2013 Rochie de dam\u0103 de designer<\/b><\/b><br \/>\n<b style=\"font-weight: normal !important;\">ROCHIE SPICE<\/b> &#8211; <strong style=\"font-weight: normal !important;\">Rochie de designer pentru femei<\/strong>Rochia Spice este croit\u0103 pe biegiu pentru a se strecura pe corp \u0219i a crea o siluet\u0103 atemporal\u0103. \u00cemi place. <a style=\"font-weight: normal !important;\" title=\"I \u2665 Parlor\" href=\"https:\/\/www.parlor.ro\/ro\/\">Parlor<\/a> | \u00cembr\u0103c\u0103minte pentru femei \u0219i mod\u0103 pentru femei. Design Parlor de Veronica Zaharia. #ConsciousDesign este nucleul brandului nostru. El se traduce prin reinterpretarea celor mai bine v\u00e2ndute modele ale noastre, evit\u00e2nd astfel producerea de\u0219eurilor in exces. Rochiile noastre sunt atemporale, usor de purtat, potrivite at\u00e2t ziua c\u00e2t si seara . Cum arat\u0103 rochia ta de vis? R\u0103sfoi\u021bi <a style=\"font-weight: normal !important;\" title=\"Rochii de dama\" href=\"https:\/\/www.parlor.ro\/ro\/categorie-produs\/i-%e2%99%a5-salon\/rochii\/\">Rochii de dama<\/a> <a style=\"font-weight: normal !important;\" title=\"magazin de designeri\" href=\"https:\/\/www.parlor.ro\/ro\/magazin\/\">Parlor Shop<\/a> (pantaloni, fuste, rochii, jachete, salopete, topuri) si g\u0103se\u0219te-ti <i style=\"font-style: normal !important;\">rochia ta<\/i> ACUM! Sau vizita\u021bi showroom-ul nostru pentru a v\u0103 g\u0103si rochia perfect\u0103 \/ suna\u021bi pentru programare la 0747501974! Recomand\u0103ri de cump\u0103r\u0103turi pentru tine: <a style=\"font-weight: normal !important;\" title=\"ROCHIE KISS\" href=\"https:\/\/www.parlor.ro\/ro\/produs\/rochie-kiss-2\/\">ROCHIE KISS<\/a>, ROCHIE MARIN\u0102 (5). REDUCERE DE P\u00c2N\u0102 LA 50% AZI! <\/p>","protected":false},"excerpt":{"rendered":"<div>\n<p>Rochie furou neagr\u0103 cu dungi bej, cu croi pe bie, spate decoltat cu bretele reglabile si tiv asimetric.<\/p>\n<\/div>\n<p>#MadeinRomania<\/p>\n<p>#FabricatinRomania<\/p>\n<p>Suntem incantati sa v\u0103 dezv\u0103luim modelele noastre si \u00een showroom: suna\u021bi pentru programare 0747501974.<\/p>","protected":false},"featured_media":13795,"template":"","meta":[],"product_brand":[],"product_cat":[97,99,141],"product_tag":[],"class_list":{"0":"post-13792","1":"product","2":"type-product","3":"status-publish","4":"has-post-thumbnail","6":"product_cat-i--parlor","7":"product_cat-dresses","8":"product_cat-new","9":"pa_size-74","10":"pif-has-gallery","12":"first","13":"outofstock","14":"shipping-taxable","15":"purchasable","16":"product-type-variable"},"post_mailing_queue_ids":[],"_links":{"self":[{"href":"https:\/\/www.parlor.ro\/ro\/wp-json\/wp\/v2\/product\/13792","targetHints":{"allow":["GET"]}}],"collection":[{"href":"https:\/\/www.parlor.ro\/ro\/wp-json\/wp\/v2\/product"}],"about":[{"href":"https:\/\/www.parlor.ro\/ro\/wp-json\/wp\/v2\/types\/product"}],"wp:featuredmedia":[{"embeddable":true,"href":"https:\/\/www.parlor.ro\/ro\/wp-json\/wp\/v2\/media\/13795"}],"wp:attachment":[{"href":"https:\/\/www.parlor.ro\/ro\/wp-json\/wp\/v2\/media?parent=13792"}],"wp:term":[{"taxonomy":"product_brand","embeddable":true,"href":"https:\/\/www.parlor.ro\/ro\/wp-json\/wp\/v2\/product_brand?post=13792"},{"taxonomy":"product_cat","embeddable":true,"href":"https:\/\/www.parlor.ro\/ro\/wp-json\/wp\/v2\/product_cat?post=13792"},{"taxonomy":"product_tag","embeddable":true,"href":"https:\/\/www.parlor.ro\/ro\/wp-json\/wp\/v2\/product_tag?post=13792"}],"curies":[{"name":"wp","href":"https:\/\/api.w.org\/{rel}","templated":true}]}}