{"id":13815,"date":"2024-04-15T18:25:57","date_gmt":"2024-04-15T15:25:57","guid":{"rendered":"https:\/\/www.parlor.ro\/?post_type=product&#038;p=13815"},"modified":"2025-06-11T17:43:58","modified_gmt":"2025-06-11T14:43:58","slug":"rochie-joy-2","status":"publish","type":"product","link":"https:\/\/www.parlor.ro\/ro\/product\/joy-dress-2\/","title":{"rendered":"ROCHIE JOY"},"content":{"rendered":"<p>ROCHIE JOY<\/p>\n<p>100% poliester deadstock<\/p>\n<p>Imprimare OEKO-TEX\u00ae Standard 100<\/p>\n<p><strong>Sp\u0103lare delicat\u0103 la ma\u0219in\u0103<\/strong><\/p>\n<p>Acest produs este realizat din \u021bes\u0103turi furnizate de produc\u0103tori certifica\u021bi conform standardelor europene.<\/p>\n<p>Imprimeurile sunt realizate cu vopsea ecologic\u0103 OEKO-TEX\u00ae.<\/p>\n<p>Acest produs este testat \u00een atelierul nostru \u0219i nu prezint\u0103 riscuri pentru s\u0103n\u0103tate si siguran\u021ba consumatorului.<\/p>\n<hr style=\"color:#404040; height: 1px;\" \/>\n<p><b style=\"text-align: left; font-size:1.8em;\" title=\"ROCHIE JOY - Rochie exclusiv\u0103 pentru femei\" name=\"JOY DRESS - Exclusive Women's Dress\"><b style=\"font-weight: normal;\">ROCHIE JOY \u2013 Rochie exclusiv\u0103 pentru femei<\/b><\/b><br \/>\n<b style=\"font-weight: normal !important;\">ROCHIE JOY<\/b> &#8211; <strong style=\"font-weight: normal !important;\">Top exclusiv pentru femei<\/strong>Rochia Joy este croit\u0103 pe bies pentru a se mula pe corp \u0219i a crea o siluet\u0103 atemporal\u0103. <i style=\"font-style: normal !important;\">#FabricatinRomania<\/i>I Love Parlor | \u00cembr\u0103c\u0103minte \u0219i mod\u0103 pentru femei. Design <a style=\"font-weight: normal !important;\" title=\"Veronica Zaharia\" href=\"https:\/\/www.parlor.ro\/ro\/\">Veronica Zaharia<\/a>. #ConsciousDesign este nucleul brandului nostru. El se traduce prin reinterpretarea celor mai bine v\u00e2ndute modele ale noastre, evit\u00e2nd astfel producerea de\u0219eurilor in exces. Rochiile noastre sunt atemporale, usor de purtat, potrivite at\u00e2t ziua c\u00e2t si seara. Cum arat\u0103 rochia ta de vis? R\u0103sfoi\u021bi <a style=\"font-weight: normal !important;\" title=\"Magazin de rochii de dama\" href=\"https:\/\/www.parlor.ro\/ro\/magazin\/\">magazinul online I \u2665 Parlor<\/a> (pantaloni, fuste, rochii, jachete, salopete, topuri) \u0219i g\u0103se\u0219te-\u021bi rochia ACUM! Sau vizita\u021bi showroom-ul nostru pentru a v\u0103 g\u0103si rochia perfect\u0103 \/ suna\u021bi pentru programare la 0747501974! Recomand\u0103ri de cump\u0103r\u0103turi pentru tine: <a style=\"font-weight: normal !important;\" title=\"ROCHIE SHAPELY\" href=\"https:\/\/www.parlor.ro\/ro\/produs\/rochie-shapely\/\">ROCHIE SHAPELY<\/a>, <a style=\"font-weight: normal !important;\" title=\"ROCHIE WILD NEON\" href=\"https:\/\/www.parlor.ro\/ro\/produs\/rochie-wild-neon-2\/\">ROCHIE WILD NEON<\/a>. P\u00c2N\u0102 LA 50% REDUCERE Azi! <\/p>","protected":false},"excerpt":{"rendered":"<div>\n[sales_countdown_timer id=\"salescountdowntimer\"]\n<p>Joy Dress is cut on the bias to skim over the body to create a timeless silhouette. The back delicately supported by precious straps .<\/p>\n<\/div>\n<p>#MadeinRomania<\/p>\n<p>#FabricatinRomania<\/p>\n<p>We are happy to reveal our designs in our showroom \/ call for appointment 0747501974 .<\/p>\n","protected":false},"featured_media":13817,"template":"","meta":[],"product_brand":[],"product_cat":[97,99],"product_tag":[],"class_list":{"0":"post-13815","1":"product","2":"type-product","3":"status-publish","4":"has-post-thumbnail","6":"product_cat-i--parlor","7":"product_cat-dresses","8":"pa_size-124","9":"pa_size-74","10":"pif-has-gallery","12":"first","13":"outofstock","14":"shipping-taxable","15":"purchasable","16":"product-type-variable"},"post_mailing_queue_ids":[],"_links":{"self":[{"href":"https:\/\/www.parlor.ro\/ro\/wp-json\/wp\/v2\/product\/13815","targetHints":{"allow":["GET"]}}],"collection":[{"href":"https:\/\/www.parlor.ro\/ro\/wp-json\/wp\/v2\/product"}],"about":[{"href":"https:\/\/www.parlor.ro\/ro\/wp-json\/wp\/v2\/types\/product"}],"wp:featuredmedia":[{"embeddable":true,"href":"https:\/\/www.parlor.ro\/ro\/wp-json\/wp\/v2\/media\/13817"}],"wp:attachment":[{"href":"https:\/\/www.parlor.ro\/ro\/wp-json\/wp\/v2\/media?parent=13815"}],"wp:term":[{"taxonomy":"product_brand","embeddable":true,"href":"https:\/\/www.parlor.ro\/ro\/wp-json\/wp\/v2\/product_brand?post=13815"},{"taxonomy":"product_cat","embeddable":true,"href":"https:\/\/www.parlor.ro\/ro\/wp-json\/wp\/v2\/product_cat?post=13815"},{"taxonomy":"product_tag","embeddable":true,"href":"https:\/\/www.parlor.ro\/ro\/wp-json\/wp\/v2\/product_tag?post=13815"}],"curies":[{"name":"wp","href":"https:\/\/api.w.org\/{rel}","templated":true}]}}