{"id":13821,"date":"2024-04-15T18:28:47","date_gmt":"2024-04-15T15:28:47","guid":{"rendered":"https:\/\/www.parlor.ro\/?post_type=product&#038;p=13821"},"modified":"2025-06-11T17:37:39","modified_gmt":"2025-06-11T14:37:39","slug":"rochie-de-cer","status":"publish","type":"product","link":"https:\/\/www.parlor.ro\/ro\/product\/sky-dress\/","title":{"rendered":"ROCHIE SKY"},"content":{"rendered":"<p>ROCHIE SKY<\/p>\n<p>100% vascoza<\/p>\n<p><strong>Sp\u0103lare delicat\u0103 la ma\u0219in\u0103<\/strong><\/p>\n<p>Acest produs este realizat din \u021bes\u0103turi furnizate de produc\u0103tori certifica\u021bi conform standardelor europene.<\/p>\n<p>Imprimeurile sunt realizate cu vopsea ecologic\u0103 OEKO-TEX\u00ae.<\/p>\n<p>Acest produs este testat \u00een atelierul nostru \u0219i nu prezint\u0103 riscuri pentru s\u0103n\u0103tate si siguran\u021ba consumatorului.<\/p>\n<hr style=\"color:#404040; height: 1px;\" \/>\n<p><b style=\"text-align: left; font-size:1.8em;\" title=\"ROCHIE SKY - Rochie elegant\u0103 pentru femei\" name=\"SKY DRESS - Elegant Women's Dress\"><b style=\"font-weight: normal;\">ROCHIE SKY \u2013 Rochie elegant\u0103 pentru femei<\/b><\/b><br \/>\n<b style=\"font-weight: normal !important;\">ROCHIE SKY<\/b> &#8211; <strong style=\"font-weight: normal !important;\">Rochie elegant\u0103 de dam\u0103<\/strong>Rochia Sky este croit\u0103 pe bies pentru a se mula pe corp \u0219i a crea o siluet\u0103 atemporal\u0103. <i style=\"font-style: normal !important;\">#MadeinRomania<\/i>I Love Parlor | \u00cembr\u0103c\u0103minte \u0219i mod\u0103 pentru femei. Parlor <a style=\"font-weight: normal !important;\" title=\"Crea\u021biile Parlor\" href=\"https:\/\/www.parlor.ro\/ro\/\">Design<\/a> sunt cel mai simplu mod de a-\u021bi inveseli look-ul de zi cu zi. Rochiile noastre sunt atemporale, usor de purtat, potrivite at\u00e2t ziua c\u00e2t si seara . <a style=\"font-weight: normal !important;\" title=\"Viziteaza shop-ul nostru online\" href=\"https:\/\/www.parlor.ro\/ro\/magazin\/\">Viziteaza shop-ul nostru online<\/a> (fuste, pantaloni, <a style=\"font-weight: normal !important;\" title=\"rochii elegante\" href=\"https:\/\/www.parlor.ro\/ro\/categorie-produs\/i-%e2%99%a5-salon\/rochii\/\">rochii<\/a>, jachete, salopet\u0103, topuri) \u0219i g\u0103se\u0219te-\u021bi rochia ACUM! Sau vizita\u021bi showroom-ul nostru pentru a v\u0103 g\u0103si rochia perfect\u0103 \/ suna\u021bi pentru programare la 0747501974! Recomand\u0103ri de cump\u0103r\u0103turi pentru tine: <a style=\"font-weight: normal !important;\" title=\"ROCHIE JOY\" href=\"https:\/\/www.parlor.ro\/ro\/produs\/iubesc-pantalonii-scurti\/\">ROCHIE JOY<\/a>, <a style=\"font-weight: normal !important;\" title=\"ROCHIE SHAPELY\" href=\"https:\/\/www.parlor.ro\/ro\/produs\/rochie-shapely\/\">ROCHIE SHAPELY<\/a>. P\u00c2N\u0102 LA 50% REDUCERE Azi! <\/p>","protected":false},"excerpt":{"rendered":"<div>\n[sales_countdown_timer id=\"salescountdowntimer\"]\n<p>Sky Dress is cut on the bias to skim over the body to create a timeless silhouette. The back delicately supported by precious straps .<\/p>\n<\/div>\n<p>#MadeinRomania<\/p>\n<p>#FabricatinRomania<\/p>\n<p>We are happy to reveal our designs in our showroom \/ call for appointment 0747501974 .<\/p>\n","protected":false},"featured_media":13825,"template":"","meta":[],"product_brand":[],"product_cat":[97,99],"product_tag":[],"class_list":{"0":"post-13821","1":"product","2":"type-product","3":"status-publish","4":"has-post-thumbnail","6":"product_cat-i--parlor","7":"product_cat-dresses","8":"pa_size-74","9":"pif-has-gallery","11":"first","12":"outofstock","13":"shipping-taxable","14":"purchasable","15":"product-type-variable"},"post_mailing_queue_ids":[],"_links":{"self":[{"href":"https:\/\/www.parlor.ro\/ro\/wp-json\/wp\/v2\/product\/13821","targetHints":{"allow":["GET"]}}],"collection":[{"href":"https:\/\/www.parlor.ro\/ro\/wp-json\/wp\/v2\/product"}],"about":[{"href":"https:\/\/www.parlor.ro\/ro\/wp-json\/wp\/v2\/types\/product"}],"wp:featuredmedia":[{"embeddable":true,"href":"https:\/\/www.parlor.ro\/ro\/wp-json\/wp\/v2\/media\/13825"}],"wp:attachment":[{"href":"https:\/\/www.parlor.ro\/ro\/wp-json\/wp\/v2\/media?parent=13821"}],"wp:term":[{"taxonomy":"product_brand","embeddable":true,"href":"https:\/\/www.parlor.ro\/ro\/wp-json\/wp\/v2\/product_brand?post=13821"},{"taxonomy":"product_cat","embeddable":true,"href":"https:\/\/www.parlor.ro\/ro\/wp-json\/wp\/v2\/product_cat?post=13821"},{"taxonomy":"product_tag","embeddable":true,"href":"https:\/\/www.parlor.ro\/ro\/wp-json\/wp\/v2\/product_tag?post=13821"}],"curies":[{"name":"wp","href":"https:\/\/api.w.org\/{rel}","templated":true}]}}