{"id":13847,"date":"2024-04-19T10:52:55","date_gmt":"2024-04-19T07:52:55","guid":{"rendered":"https:\/\/www.parlor.ro\/?post_type=product&#038;p=13847"},"modified":"2025-11-03T13:42:01","modified_gmt":"2025-11-03T10:42:01","slug":"rochie-dorothy","status":"publish","type":"product","link":"https:\/\/www.parlor.ro\/ro\/product\/dorothy-dress\/","title":{"rendered":"ROCHIE DOROTHY"},"content":{"rendered":"<p>ROCHIE DOROTHY<\/p>\n<p>100% poliester deadstock<\/p>\n<p>Imprimare OEKO-TEX\u00ae Standard 100<\/p>\n<p><strong>Sp\u0103lare delicat\u0103 la ma\u0219in\u0103<\/strong><\/p>\n<p>Acest produs este realizat din \u021bes\u0103turi furnizate de produc\u0103tori certifica\u021bi conform standardelor europene.<\/p>\n<p>Imprimeurile sunt realizate cu vopsea ecologic\u0103 OEKO-TEX\u00ae.<\/p>\n<p>Acest produs este testat \u00een atelierul nostru \u0219i nu prezint\u0103 riscuri pentru s\u0103n\u0103tate si siguran\u021ba consumatorului.<\/p>\n<hr style=\"color: #404040; height: 1px;\" \/>\n<p><b style=\"text-align: left; font-size: 1.8em;\" title=\"ROCHIE DOROTHY - Rochie exclusiv\u0103 pentru femei\"><b style=\"font-weight: normal;\">ROCHIE DOROTHY \u2013 Rochie exclusiv\u0103 pentru femei<\/b><\/b><br \/>\n<b style=\"font-weight: normal !important;\">ROCHIE DOROTHY<\/b> &#8211; <strong style=\"font-weight: normal !important;\">Top exclusiv pentru femei<\/strong>. Rochie midi neagr\u0103 cu buline albe, are spate gol, funda la spate si maneci scurte bufante. <i style=\"font-style: normal !important;\">Rochia Dorothy<\/i> este fabricat din poliester mort. I Love Parlour | \u00cembr\u0103c\u0103minte pentru femei \u0219i pentru femei <a style=\"font-weight: normal !important;\" title=\"Moda pentru femei\" href=\"https:\/\/www.parlor.ro\/ro\/\">pentru femei<\/a>. Design Parlor de Veronica Zaharia. #ConsciousDesign este nucleul brandului nostru. El se traduce prin reinterpretarea celor mai bine v\u00e2ndute modele ale noastre, evit\u00e2nd astfel producerea de\u0219eurilor in exces. Parlor propune \u021binute cu t\u0103ieturi care flateaz\u0103 feminitatea, versatile care raman actuale de-a lungul anilor <a style=\"font-weight: normal !important;\" title=\"Cum arata rochia visurilor tale?\" href=\"https:\/\/www.parlor.ro\/ro\/categorie-produs\/i-%e2%99%a5-salon\/rochii\/\">.<\/a> R\u0103sfoi\u021bi <a style=\"font-weight: normal !important;\" title=\"Magazin de rochii de dama\" href=\"https:\/\/www.parlor.ro\/ro\/magazin\/\">magazinul online I \u2665 Parlor<\/a> (pantaloni, fuste, rochii, jachete, salopete, topuri) \u0219i g\u0103se\u0219te-\u021bi rochia ACUM! Sau vizita\u021bi showroom-ul nostru pentru a v\u0103 g\u0103si rochia perfect\u0103 \/ suna\u021bi pentru programare la 0747501974! Recomand\u0103ri de cump\u0103r\u0103turi pentru tine: <a style=\"font-weight: normal !important;\" title=\"ROCHIE WILD NEON\" href=\"https:\/\/www.parlor.ro\/ro\/produs\/rochie-wild-neon-2\/\">ROCHIE WILD NEON<\/a>, <a style=\"font-weight: normal !important;\" title=\"ROCHIE SEASHORE\" href=\"https:\/\/www.parlor.ro\/ro\/produs\/rochie-seashore-2\/\">ROCHIE SEASHORE<\/a>. P\u00c2N\u0102 LA 50% REDUCERE Azi!<\/p>","protected":false},"excerpt":{"rendered":"<div>\n[sales_countdown_timer id=\"salescountdowntimer\"]\n<p>Puffed sleeves, oversize bow, cutout detail, our perfect Dorothy dress is made from deadstock polyester, OEKO-TEX\u00ae in-house print. Model is wearing size 36.<\/p>\n<\/div>\n<p>#MadeinRomania<\/p>\n<p>#FabricatinRomania<\/p>\n<p>We are happy to reveal our designs in our showroom \/ call for appointment 0747501974 . <strong>The dress will be delivered in 4 working days.<\/strong><\/p>\n","protected":false},"featured_media":13852,"template":"","meta":[],"product_brand":[],"product_cat":[97,99],"product_tag":[],"class_list":{"0":"post-13847","1":"product","2":"type-product","3":"status-publish","4":"has-post-thumbnail","6":"product_cat-i--parlor","7":"product_cat-dresses","8":"pa_size-124","9":"pa_size-74","10":"pa_size-75","11":"pif-has-gallery","13":"first","14":"outofstock","15":"featured","16":"shipping-taxable","17":"purchasable","18":"product-type-variable"},"post_mailing_queue_ids":[],"_links":{"self":[{"href":"https:\/\/www.parlor.ro\/ro\/wp-json\/wp\/v2\/product\/13847","targetHints":{"allow":["GET"]}}],"collection":[{"href":"https:\/\/www.parlor.ro\/ro\/wp-json\/wp\/v2\/product"}],"about":[{"href":"https:\/\/www.parlor.ro\/ro\/wp-json\/wp\/v2\/types\/product"}],"wp:featuredmedia":[{"embeddable":true,"href":"https:\/\/www.parlor.ro\/ro\/wp-json\/wp\/v2\/media\/13852"}],"wp:attachment":[{"href":"https:\/\/www.parlor.ro\/ro\/wp-json\/wp\/v2\/media?parent=13847"}],"wp:term":[{"taxonomy":"product_brand","embeddable":true,"href":"https:\/\/www.parlor.ro\/ro\/wp-json\/wp\/v2\/product_brand?post=13847"},{"taxonomy":"product_cat","embeddable":true,"href":"https:\/\/www.parlor.ro\/ro\/wp-json\/wp\/v2\/product_cat?post=13847"},{"taxonomy":"product_tag","embeddable":true,"href":"https:\/\/www.parlor.ro\/ro\/wp-json\/wp\/v2\/product_tag?post=13847"}],"curies":[{"name":"wp","href":"https:\/\/api.w.org\/{rel}","templated":true}]}}