{"id":13958,"date":"2024-06-03T18:42:32","date_gmt":"2024-06-03T15:42:32","guid":{"rendered":"https:\/\/www.parlor.ro\/?post_type=product&#038;p=13958"},"modified":"2025-09-02T13:14:02","modified_gmt":"2025-09-02T10:14:02","slug":"pantaloni-scurti-blushing","status":"publish","type":"product","link":"https:\/\/www.parlor.ro\/ro\/product\/blushing-shorts\/","title":{"rendered":"PANTALONI SCURTI BLUSHING"},"content":{"rendered":"<p>PANTALONI SCURTI BLUSHING<\/p>\n<p>100% poliester deadstock<\/p>\n<p>Imprimare OEKO-TEX\u00ae Standard 100<\/p>\n<p><strong>Sp\u0103lare delicat\u0103 la ma\u0219in\u0103<\/strong><\/p>\n<p>Acest produs este realizat din \u021bes\u0103turi furnizate de produc\u0103tori certifica\u021bi conform standardelor europene.<\/p>\n<p>Imprimeurile sunt realizate cu vopsea ecologic\u0103 OEKO-TEX\u00ae.<\/p>\n<p>Acest produs este testat \u00een atelierul nostru \u0219i nu prezint\u0103 riscuri pentru s\u0103n\u0103tate si siguran\u021ba consumatorului.<\/p>\n<hr style=\"color: #404040; height: 1px;\" \/>\n<p><b style=\"text-align: left; font-size: 1.8em;\" title=\"PANTALONI SCURTI BLUSHING - Pantaloni scur\u021bi Glam pentru dam\u0103\"><b style=\"font-weight: normal;\">PANTALONI SCURTI BLUSHING \u2013 Pantaloni scur\u021bi Glam pentru dam\u0103<\/b><\/b><br \/>\n<strong style=\"font-weight: normal !important;\">PANTALONI SCURTI BLUSHING<\/strong> &#8211; <i style=\"font-style: normal !important;\">Pantaloni scur\u021bi Glam pentru dam\u0103<\/i>. <b style=\"font-weight: normal !important;\">PANTALONI SCURTI Glam<\/b> cu imprimeu, detalii nefinisate la tiv, cordon cu elastic in talie. <a style=\"font-weight: normal !important;\" title=\" \" href=\"https:\/\/www.\">I \u2665 Parlor<\/a> | \u00cembr\u0103c\u0103minte pentru femei \u0219i mod\u0103 pentru femei. Design de salon de Veronica Zaharia. #ConsciousDesign este nucleul m\u0103rcii noastre. Se traduce prin reinterpretarea articolelor noastre cele mai v\u00e2ndute cu o utilizare minim\u0103 a resurselor. Rochiile noastre \u00eentorc capul, r\u0103coroase f\u0103r\u0103 efort \u0219i pot merge de la zi la sear\u0103 \u00eentr-o clip\u0103. Cum arat\u0103 rochia ta de vis? R\u0103sfoi\u021bi rochiile noastre pentru femei <a style=\"font-weight: normal !important;\" title=\"Glam Shop\" href=\"https:\/\/www.parlor.ro\/ro\/magazin\/\">Parlor Shop<\/a> (<a style=\"font-weight: normal !important;\" title=\"Glam Bottoms\" href=\"https:\/\/www.parlor.ro\/ro\/categorie-produs\/i-%e2%99%a5-salon\/fundurile\/\">pantaloni,<\/a>, rochii, jachete, salopete, topuri) \u0219i g\u0103se\u0219te-\u021bi rochia ACUM! Sau vizita\u021bi showroom-ul nostru pentru a v\u0103 g\u0103si rochia perfect\u0103 \/ suna\u021bi pentru programare la 0747501974! Recomand\u0103ri de cump\u0103r\u0103turi pentru tine: <a style=\"font-weight: normal !important;\" title=\"SET KIMONO SEASHORE\" href=\"https:\/\/www.parlor.ro\/ro\/produs\/copie-set-kimono-seashore\/\">SET KIMONO SEASHORE<\/a>, <a style=\"font-weight: normal !important;\" title=\"PANTALONI SCURTI AZURE\" href=\"https:\/\/www.parlor.ro\/ro\/produs\/pantaloni-scurti-azure\/\">PANTALONI SCURTI AZURE<\/a>. P\u00c2N\u0102 LA 50% REDUCERE Azi!<\/p>","protected":false},"excerpt":{"rendered":"<div>\n[sales_countdown_timer id=\"salescountdowntimer\"]\n<p>Glam Shorts printed, elastic waist, raw finish along the hem line.<\/p>\n<\/div>\n<p>The Glam Shorts fit from 34 to 38 FR, they feature a loose cut. <strong>The item will be delivered in 3 working days.<\/strong><\/p>\n<p>#MadeinRomania<\/p>\n<p>#FabricatinRomania<\/p>\n<p>We are happy to reveal our designs in our showroom \/ call for appointment 0747501974 .<\/p>\n","protected":false},"featured_media":13960,"template":"","meta":[],"product_brand":[],"product_cat":[97,100,141],"product_tag":[],"class_list":{"0":"post-13958","1":"product","2":"type-product","3":"status-publish","4":"has-post-thumbnail","6":"product_cat-i--parlor","7":"product_cat-bottoms","8":"product_cat-new","9":"pa_size-one-size","10":"pif-has-gallery","12":"first","13":"instock","14":"sale","15":"shipping-taxable","16":"purchasable","17":"product-type-variable"},"post_mailing_queue_ids":[],"_links":{"self":[{"href":"https:\/\/www.parlor.ro\/ro\/wp-json\/wp\/v2\/product\/13958","targetHints":{"allow":["GET"]}}],"collection":[{"href":"https:\/\/www.parlor.ro\/ro\/wp-json\/wp\/v2\/product"}],"about":[{"href":"https:\/\/www.parlor.ro\/ro\/wp-json\/wp\/v2\/types\/product"}],"wp:featuredmedia":[{"embeddable":true,"href":"https:\/\/www.parlor.ro\/ro\/wp-json\/wp\/v2\/media\/13960"}],"wp:attachment":[{"href":"https:\/\/www.parlor.ro\/ro\/wp-json\/wp\/v2\/media?parent=13958"}],"wp:term":[{"taxonomy":"product_brand","embeddable":true,"href":"https:\/\/www.parlor.ro\/ro\/wp-json\/wp\/v2\/product_brand?post=13958"},{"taxonomy":"product_cat","embeddable":true,"href":"https:\/\/www.parlor.ro\/ro\/wp-json\/wp\/v2\/product_cat?post=13958"},{"taxonomy":"product_tag","embeddable":true,"href":"https:\/\/www.parlor.ro\/ro\/wp-json\/wp\/v2\/product_tag?post=13958"}],"curies":[{"name":"wp","href":"https:\/\/api.w.org\/{rel}","templated":true}]}}