{"id":14021,"date":"2024-06-03T18:47:15","date_gmt":"2024-06-03T15:47:15","guid":{"rendered":"https:\/\/www.parlor.ro\/?post_type=product&#038;p=14021"},"modified":"2025-10-27T10:30:43","modified_gmt":"2025-10-27T07:30:43","slug":"pantaloni-scurti-second-skin","status":"publish","type":"product","link":"https:\/\/www.parlor.ro\/ro\/product\/second-skin-shorts\/","title":{"rendered":"PANTALONI SCURTI SECOND SKIN"},"content":{"rendered":"<p>PANTALONI SCURTI SECOND SKIN<\/p>\n<p>100% poliester deadstock<\/p>\n<p>Imprimare OEKO-TEX\u00ae Standard 100<\/p>\n<p><strong>Sp\u0103lare delicat\u0103 la ma\u0219in\u0103<\/strong><\/p>\n<p>Acest produs este realizat din \u021bes\u0103turi furnizate de produc\u0103tori certifica\u021bi conform standardelor europene.<\/p>\n<p>Imprimeurile sunt realizate cu vopsea ecologic\u0103 OEKO-TEX\u00ae.<\/p>\n<p>Acest produs este testat \u00een atelierul nostru \u0219i nu prezint\u0103 riscuri pentru s\u0103n\u0103tate si siguran\u021ba consumatorului.<\/p>\n<hr style=\"color: #404040; height: 1px;\" \/>\n<p><b style=\"text-align: left; font-size: 1.8em;\" title=\"PANTALONI SCURTI SECOND SKIN - Pantaloni scurti cool pentru femei\"><b style=\"font-weight: normal;\">PANTALONI SCURTI SECOND SKIN \u2013 Pantaloni scurti cool pentru femei<\/b><\/b><br \/>\n<strong style=\"font-weight: normal !important;\">PANTALONI SCURTI SECOND SKIN<\/strong> &#8211; <b style=\"font-weight: normal !important;\">Pantaloni scurti cool pentru femei<\/b>. Secretul unei \u021binute cool de var\u0103? Alege-\u021bi imprimeul, stileaz\u0103-l cu un element de baz\u0103 cool \u0219i po\u021bi cuceri lumea! I Love Parlour | \u00cembr\u0103c\u0103minte pentru femei \u0219i mod\u0103 pentru femei. Salon <a style=\"font-weight: normal !important;\" title=\"Crea\u021biile Parlor \" href=\"https:\/\/www.parlor.ro\/ro\/\">Design<\/a> de <i style=\"font-style: normal !important;\">Veronica Zaharia<\/i>.#ConsciousDesign este nucleul brandului nostru. El se traduce prin reinterpretarea celor mai bine v\u00e2ndute modele ale noastre, evit\u00e2nd astfel producerea de\u0219eurilor in exces. Cum arat\u0103 rochia ta de vis? R\u0103sfoi\u021bi rochiile noastre pentru femei <a style=\"font-weight: normal !important;\" title=\"Cool Shop\" href=\"https:\/\/www.parlor.ro\/ro\/magazin\/\">Parlor Shop<\/a> (<a style=\"font-weight: normal !important;\" title=\"Bottoms cool\" href=\"https:\/\/www.parlor.ro\/ro\/categorie-produs\/i-%e2%99%a5-salon\/fundurile\/\">pantaloni,<\/a>, rochii, jachete, salopete, topuri) \u0219i g\u0103se\u0219te-\u021bi rochia ACUM! Sau vizita\u021bi showroom-ul nostru pentru a v\u0103 g\u0103si rochia perfect\u0103 \/ suna\u021bi pentru programare la 0747501974! Recomand\u0103ri de cump\u0103r\u0103turi pentru tine: <a style=\"font-weight: normal !important;\" title=\"PANTALONI SCURTI BLUSHING\" href=\"https:\/\/www.parlor.ro\/ro\/produs\/pantaloni-scurti-blushing\/\">PANTALONI SCURTI BLUSHING<\/a>, <a style=\"font-weight: normal !important;\" title=\"SET KIMONO SEASHORE\" href=\"https:\/\/www.parlor.ro\/ro\/produs\/copie-set-kimono-seashore\/\">SET KIMONO SEASHORE<\/a>. P\u00c2N\u0102 LA 50% REDUCERE Azi!<\/p>","protected":false},"excerpt":{"rendered":"<div>\n[sales_countdown_timer id=\"salescountdowntimer\"]\n<p>The secret to a breathtaking summer outfit? Pick your print, style with with a cool basic, and you can conquer the world!<\/p>\n<\/div>\n<p>The Glam Shorts fit from 34 to 38 FR, they feature a loose cut. <b>\u00a0<\/b><\/p>\n<p>#MadeinRomania<\/p>\n<p>#FabricatinRomania<\/p>\n<p>We are happy to reveal our designs in our showroom \/ call for appointment 0747501974 .<\/p>\n","protected":false},"featured_media":14025,"template":"","meta":[],"product_brand":[],"product_cat":[97,100],"product_tag":[],"class_list":{"0":"post-14021","1":"product","2":"type-product","3":"status-publish","4":"has-post-thumbnail","6":"product_cat-i--parlor","7":"product_cat-bottoms","8":"pa_size-one-size","9":"pif-has-gallery","11":"first","12":"instock","13":"sale","14":"shipping-taxable","15":"purchasable","16":"product-type-variable"},"post_mailing_queue_ids":[],"_links":{"self":[{"href":"https:\/\/www.parlor.ro\/ro\/wp-json\/wp\/v2\/product\/14021","targetHints":{"allow":["GET"]}}],"collection":[{"href":"https:\/\/www.parlor.ro\/ro\/wp-json\/wp\/v2\/product"}],"about":[{"href":"https:\/\/www.parlor.ro\/ro\/wp-json\/wp\/v2\/types\/product"}],"wp:featuredmedia":[{"embeddable":true,"href":"https:\/\/www.parlor.ro\/ro\/wp-json\/wp\/v2\/media\/14025"}],"wp:attachment":[{"href":"https:\/\/www.parlor.ro\/ro\/wp-json\/wp\/v2\/media?parent=14021"}],"wp:term":[{"taxonomy":"product_brand","embeddable":true,"href":"https:\/\/www.parlor.ro\/ro\/wp-json\/wp\/v2\/product_brand?post=14021"},{"taxonomy":"product_cat","embeddable":true,"href":"https:\/\/www.parlor.ro\/ro\/wp-json\/wp\/v2\/product_cat?post=14021"},{"taxonomy":"product_tag","embeddable":true,"href":"https:\/\/www.parlor.ro\/ro\/wp-json\/wp\/v2\/product_tag?post=14021"}],"curies":[{"name":"wp","href":"https:\/\/api.w.org\/{rel}","templated":true}]}}