{"id":14047,"date":"2024-06-03T19:05:18","date_gmt":"2024-06-03T16:05:18","guid":{"rendered":"https:\/\/www.parlor.ro\/?post_type=product&#038;p=14047"},"modified":"2026-01-05T16:18:23","modified_gmt":"2026-01-05T13:18:23","slug":"pantaloni-scurti-midnight","status":"publish","type":"product","link":"https:\/\/www.parlor.ro\/ro\/product\/midnight-shorts\/","title":{"rendered":"PANTALONI SCURTI MIDNIGHT"},"content":{"rendered":"<p>PANTALONI SCURTI MIDNIGHT<\/p>\n<p>100% m\u0103tase<\/p>\n<p><strong>Sp\u0103larea manual\u0103<\/strong><\/p>\n<p>Acest produs este realizat din \u021bes\u0103turi furnizate de produc\u0103tori certifica\u021bi conform standardelor europene.<\/p>\n<p>Imprimeurile sunt realizate cu vopsea ecologic\u0103 OEKO-TEX\u00ae.<\/p>\n<p>Acest produs este testat \u00een atelierul nostru \u0219i nu prezint\u0103 riscuri pentru s\u0103n\u0103tate si siguran\u021ba consumatorului.<\/p>\n<hr style=\"color: #404040; height: 1px;\" \/>\n<p><b style=\"text-align: left; font-size: 1.8em;\" title=\"PANTOR scur\u021bi de la miezul nop\u021bii - Pantaloni scur\u021bi Parlor pentru femei\"><b style=\"font-weight: normal;\">PANTALONI SCURTI  MIDNIGHT \u2013 Pantaloni scur\u021bi Parlor pentru dam\u0103<\/b><\/b><br \/>\n<b style=\"font-weight: normal !important;\">PANTALONI SCURTI MIDNIGHT<\/b> &#8211; <strong style=\"font-weight: normal !important;\">Pantaloni scurti de dam\u0103 Parlor<\/strong>. Pantaloni scur\u021bi Glam imprima\u021bi, talie elastic\u0103, finisaj brut de-a lungul liniei tivului. I Love Parlour | \u00cembr\u0103c\u0103minte pentru femei \u0219i mod\u0103 pentru femei. <a style=\"font-weight: normal !important;\" title=\"Crea\u021biile Parlor\" href=\"https:\/\/www.parlor.ro\/ro\/\">Crea\u021biile Parlor<\/a> de <i style=\"font-style: normal !important;\">Veronica Zaharia<\/i>.#ConsciousDesign este nucleul brandului nostru. El se traduce prin reinterpretarea celor mai bine v\u00e2ndute modele ale noastre, evit\u00e2nd astfel producerea de\u0219eurilor in exces. Cum arat\u0103 rochia ta de vis? R\u0103sfoi\u021bi rochiile noastre pentru femei <a style=\"font-weight: normal !important;\" title=\"Parlor Shop\" href=\"https:\/\/www.parlor.ro\/ro\/magazin\/\">Parlor Shop<\/a> (<a style=\"font-weight: normal !important;\" title=\"showroom-ul.\" href=\"https:\/\/www.parlor.ro\/ro\/categorie-produs\/i-%e2%99%a5-salon\/fundurile\/\">pantaloni,<\/a>, rochii, jachete, salopete, topuri) \u0219i g\u0103se\u0219te-\u021bi rochia ACUM! Sau vizita\u021bi showroom-ul nostru pentru a v\u0103 g\u0103si rochia perfect\u0103 \/ suna\u021bi pentru programare la 0747501974! Recomand\u0103ri de cump\u0103r\u0103turi pentru tine: <a style=\"font-weight: normal !important;\" title=\"PANTALONI SCURTI CHARMING\" href=\"https:\/\/www.parlor.ro\/ro\/produs\/pantaloni-scurti-charming\/\">PANTALONI SCURTI CHARMING<\/a>, <a style=\"font-weight: normal !important;\" title=\"PANTALONI SCURTI SECOND SKIN\" href=\"https:\/\/www.parlor.ro\/ro\/produs\/pantaloni-scurti-second-skin\/\">PANTALONI SCURTI SECOND SKIN<\/a>Preturi mici! P\u00c2N\u0102 LA 50% REDUCERE Azi!<\/p>","protected":false},"excerpt":{"rendered":"<div>\n<p>&nbsp;<\/p>\n<p>Pantaloni scurti cu imprimeu, detalii nefinisate la tiv, cordon cu elastic in talie.<\/p>\n<\/div>\n<p>Pantalonii scurti Glam se potrivesc de la 34 la 38 FR, au o croial\u0103 lejer\u0103.<\/p>\n<p>&nbsp;<\/p>\n<p>#MadeinRomania<\/p>\n<p>#FabricatinRomania<\/p>\n<p>Suntem incantati sa v\u0103 dezv\u0103luim modelele noastre si \u00een showroom: suna\u021bi pentru programare 0747501974.<\/p>","protected":false},"featured_media":14051,"template":"","meta":[],"product_brand":[],"product_cat":[97,100],"product_tag":[],"class_list":{"0":"post-14047","1":"product","2":"type-product","3":"status-publish","4":"has-post-thumbnail","6":"product_cat-i--parlor","7":"product_cat-bottoms","8":"pa_size-one-size","9":"pif-has-gallery","11":"first","12":"outofstock","13":"shipping-taxable","14":"purchasable","15":"product-type-variable"},"post_mailing_queue_ids":[],"_links":{"self":[{"href":"https:\/\/www.parlor.ro\/ro\/wp-json\/wp\/v2\/product\/14047","targetHints":{"allow":["GET"]}}],"collection":[{"href":"https:\/\/www.parlor.ro\/ro\/wp-json\/wp\/v2\/product"}],"about":[{"href":"https:\/\/www.parlor.ro\/ro\/wp-json\/wp\/v2\/types\/product"}],"wp:featuredmedia":[{"embeddable":true,"href":"https:\/\/www.parlor.ro\/ro\/wp-json\/wp\/v2\/media\/14051"}],"wp:attachment":[{"href":"https:\/\/www.parlor.ro\/ro\/wp-json\/wp\/v2\/media?parent=14047"}],"wp:term":[{"taxonomy":"product_brand","embeddable":true,"href":"https:\/\/www.parlor.ro\/ro\/wp-json\/wp\/v2\/product_brand?post=14047"},{"taxonomy":"product_cat","embeddable":true,"href":"https:\/\/www.parlor.ro\/ro\/wp-json\/wp\/v2\/product_cat?post=14047"},{"taxonomy":"product_tag","embeddable":true,"href":"https:\/\/www.parlor.ro\/ro\/wp-json\/wp\/v2\/product_tag?post=14047"}],"curies":[{"name":"wp","href":"https:\/\/api.w.org\/{rel}","templated":true}]}}