{"id":14057,"date":"2024-04-19T10:55:49","date_gmt":"2024-04-19T07:55:49","guid":{"rendered":"https:\/\/www.parlor.ro\/?post_type=product&#038;p=14057"},"modified":"2025-06-11T15:45:07","modified_gmt":"2025-06-11T12:45:07","slug":"pantaloni-scurti-star","status":"publish","type":"product","link":"https:\/\/www.parlor.ro\/ro\/product\/star-shorts\/","title":{"rendered":"PANTALONI SCURTI  STAR"},"content":{"rendered":"<p>PANTALONI SCURTI  STAR<\/p>\n<p>100% poliester deadstock<\/p>\n<p>Imprimare OEKO-TEX\u00ae Standard 100<\/p>\n<p><strong>Sp\u0103lare delicat\u0103 la ma\u0219in\u0103<\/strong><\/p>\n<p>Acest produs este realizat din \u021bes\u0103turi furnizate de produc\u0103tori certifica\u021bi conform standardelor europene.<\/p>\n<p>Imprimeurile sunt realizate cu vopsea ecologic\u0103 OEKO-TEX\u00ae.<\/p>\n<p>Acest produs este testat \u00een atelierul nostru \u0219i nu prezint\u0103 riscuri pentru s\u0103n\u0103tate si siguran\u021ba consumatorului.<\/p>\n<hr style=\"color:#404040; height: 1px;\" \/>\n<p><b style=\"text-align: left; font-size:1.8em;\" title=\"PANTALONI SCURTI STAR - Pantaloni scur\u021bi Parlor pentru femei \" name=\"STAR SHORTS - Parlor Women's Shorts \"><b style=\"font-weight: normal;\">PANTALONI SCURTI STAR \u2013 Pantaloni scur\u021bi Parlor pentru femei <\/b><\/b><br \/>\n<b style=\"font-weight: normal !important;\">PANTALONI SCURTI  STAR<\/b> &#8211; <strong style=\"font-weight: normal !important;\">Pantaloni scurti de dam\u0103 Parlor<\/strong>. <i style=\"font-style: normal !important;\">PANTALONI SCURTI Glam<\/i> Imprimeu, talie elastic\u0103, finisaj brut de-a lungul tivului. La reducere acum. Cump\u0103r\u0103 online sau ridic\u0103 din magazin. I Love Parlor | \u00cembr\u0103c\u0103minte \u0219i mod\u0103 pentru femei. <a style=\"font-weight: normal !important;\" title=\"Crea\u021biile Parlor\" href=\"https:\/\/www.parlor.ro\/ro\/\">Crea\u021biile Parlor<\/a> de Veronica Zaharia. #ConsciousDesign este nucleul brandului nostru. El se traduce prin reinterpretarea celor mai bine v\u00e2ndute modele ale noastre, evit\u00e2nd astfel producerea de\u0219eurilor in exces. Rochiile noastre sunt atemporale, usor de purtat, potrivite at\u00e2t ziua c\u00e2t si seara. Cum arat\u0103 rochia ta de vis? R\u0103sfoi\u021bi crea\u021biile noastre pentru femei <a style=\"font-weight: normal !important;\" title=\"Funduri de salon\" href=\"https:\/\/www.parlor.ro\/ro\/categorie-produs\/i-%e2%99%a5-salon\/fundurile\/\">Parlor Shop<\/a> (<a style=\"font-weight: normal !important;\" title=\"Funduri de salon\" href=\"https:\/\/www.parlor.ro\/ro\/categorie-produs\/i-%e2%99%a5-salon\/fundurile\/\">pantaloni,<\/a>, rochii, jachete, salopete, topuri) \u0219i g\u0103se\u0219te-\u021bi rochia ACUM! Sau vizita\u021bi showroom-ul nostru pentru a v\u0103 g\u0103si rochia perfect\u0103 \/ suna\u021bi pentru programare la 0747501974! Recomand\u0103ri de cump\u0103r\u0103turi pentru tine: <a style=\"font-weight: normal !important;\" title=\"PANTALONI SCURTI SPRING\" href=\"https:\/\/www.parlor.ro\/ro\/produs\/pantaloni-scurti-de-primavara\/\">PANTALONI SCURTI SPRING<\/a>, <a style=\"font-weight: normal !important;\" title=\"PANTALONI SCURTI FLOWER\" href=\"https:\/\/www.parlor.ro\/ro\/produs\/pantaloni-scurti-cu-flori\/\">PANTALONI SCURTI FLOWER<\/a>. P\u00c2N\u0102 LA 50% REDUCERE Azi! <\/p>","protected":false},"excerpt":{"rendered":"<div>\n<p>Pantaloni scurti cu imprimeu, detalii nefinisate la tiv, cordon cu elastic in talie.<\/p>\n<\/div>\n<p>Pantalonii scurti Glam se potrivesc de la 34 la 38 FR, au o croial\u0103 lejer\u0103. <b>\u00a0<\/b><\/p>\n<p>#MadeinRomania<\/p>\n<p>#FabricatinRomania<\/p>\n<p>Suntem incantati sa v\u0103 dezv\u0103luim modelele noastre si \u00een showroom: suna\u021bi pentru programare 0747501974.<\/p>","protected":false},"featured_media":14061,"template":"","meta":[],"product_brand":[],"product_cat":[97,100,141],"product_tag":[],"class_list":{"0":"post-14057","1":"product","2":"type-product","3":"status-publish","4":"has-post-thumbnail","6":"product_cat-i--parlor","7":"product_cat-bottoms","8":"product_cat-new","9":"pa_size-one-size","10":"pif-has-gallery","12":"first","13":"outofstock","14":"shipping-taxable","15":"purchasable","16":"product-type-variable"},"post_mailing_queue_ids":[],"_links":{"self":[{"href":"https:\/\/www.parlor.ro\/ro\/wp-json\/wp\/v2\/product\/14057","targetHints":{"allow":["GET"]}}],"collection":[{"href":"https:\/\/www.parlor.ro\/ro\/wp-json\/wp\/v2\/product"}],"about":[{"href":"https:\/\/www.parlor.ro\/ro\/wp-json\/wp\/v2\/types\/product"}],"wp:featuredmedia":[{"embeddable":true,"href":"https:\/\/www.parlor.ro\/ro\/wp-json\/wp\/v2\/media\/14061"}],"wp:attachment":[{"href":"https:\/\/www.parlor.ro\/ro\/wp-json\/wp\/v2\/media?parent=14057"}],"wp:term":[{"taxonomy":"product_brand","embeddable":true,"href":"https:\/\/www.parlor.ro\/ro\/wp-json\/wp\/v2\/product_brand?post=14057"},{"taxonomy":"product_cat","embeddable":true,"href":"https:\/\/www.parlor.ro\/ro\/wp-json\/wp\/v2\/product_cat?post=14057"},{"taxonomy":"product_tag","embeddable":true,"href":"https:\/\/www.parlor.ro\/ro\/wp-json\/wp\/v2\/product_tag?post=14057"}],"curies":[{"name":"wp","href":"https:\/\/api.w.org\/{rel}","templated":true}]}}