{"id":14078,"date":"2024-05-08T15:42:04","date_gmt":"2024-05-08T12:42:04","guid":{"rendered":"https:\/\/www.parlor.ro\/?post_type=product&#038;p=14078"},"modified":"2025-05-10T17:28:13","modified_gmt":"2025-05-10T14:28:13","slug":"copie-set-kimono-seashore","status":"publish","type":"product","link":"https:\/\/www.parlor.ro\/ro\/product\/seashore-kimono-set-copy\/","title":{"rendered":"SET KIMONO SEASHORE"},"content":{"rendered":"<p>SET KIMONO SEASHORE<\/p>\n<p>100% poliester deadstock<\/p>\n<p>Imprimare OEKO-TEX\u00ae Standard 100<\/p>\n<p><strong>Sp\u0103lare delicat\u0103 la ma\u0219in\u0103<\/strong><\/p>\n<p>Acest produs este realizat din \u021bes\u0103turi furnizate de produc\u0103tori certifica\u021bi conform standardelor europene.<\/p>\n<p>Imprimeurile sunt realizate cu vopsea ecologic\u0103 OEKO-TEX\u00ae.<\/p>\n<p>Acest produs este testat \u00een atelierul nostru \u0219i nu prezint\u0103 riscuri pentru s\u0103n\u0103tate si siguran\u021ba consumatorului.<\/p>\n<hr style=\"color: #404040; height: 1px;\" \/>\n<p><b style=\"text-align: left; font-size: 1.8em;\" title=\"SESHORE KIMONO SET - Salopete de dam\u0103 Parlor\"><b style=\"font-weight: normal;\">SEASHORE KIMONO SET \u2013 Salopete de dam\u0103 Parlor<\/b><\/b><br \/>\n<strong style=\"font-weight: normal !important;\">SET KIMONO SEASHORE<\/strong> &#8211; <b style=\"font-weight: normal !important;\">Salopete de dam\u0103 de salon<\/b>. <i style=\"font-style: normal !important;\">Kimono midi<\/i> detaliu alb la guler si mansete, maneci scurte, cordon in talie si crapaturi laterale. I love <a style=\"font-weight: normal !important;\" title=\"I \u2665 Parlor\" href=\"https:\/\/www.parlor.ro\/ro\/\">Parlor<\/a> | \u00cembr\u0103c\u0103minte pentru femei \u0219i mod\u0103 pentru femei. Design de salon de Veronica Zaharia. #ConsciousDesign este nucleul m\u0103rcii noastre. Se traduce prin reinterpretarea articolelor noastre cele mai v\u00e2ndute cu o utilizare minim\u0103 a resurselor. Rochiile noastre \u00eentorc capul, r\u0103coroase f\u0103r\u0103 efort \u0219i pot merge de la zi la sear\u0103 \u00eentr-o clip\u0103. Cum arat\u0103 rochia ta de vis? R\u0103sfoi\u021bi rochiile noastre pentru femei <a style=\"font-weight: normal !important;\" title=\"Parlor Shop\" href=\"https:\/\/www.parlor.ro\/ro\/magazin\/\">Parlor Shop<\/a> (pantaloni, rochii, jachete, <a style=\"font-weight: normal !important;\" title=\"Salopete de salon\" href=\"https:\/\/www.parlor.ro\/ro\/categorie-produs\/i-%e2%99%a5-salon\/per-total\/\">salopete<\/a>, topuri) \u0219i g\u0103se\u0219te-\u021bi rochia ACUM! Sau vizita\u021bi showroom-ul nostru pentru a v\u0103 g\u0103si rochia perfect\u0103 \/ suna\u021bi pentru programare la 0747501974! Recomand\u0103ri de cump\u0103r\u0103turi pentru tine: <a style=\"font-weight: normal !important;\" title=\"PANTALONI CRUSH\" href=\"https:\/\/www.parlor.ro\/ro\/produs\/strivi-pantalonii\/\">PANTALONI CRUSH<\/a>, <a style=\"font-weight: normal !important;\" title=\"FUSTA DESIRE ARGINT\" href=\"https:\/\/www.parlor.ro\/ro\/produs\/desire-fusta-argintie-2\/\">FUSTA DESIRE ARGINT<\/a>. P\u00c2N\u0102 LA 50% REDUCERE Azi!<\/p>","protected":false},"excerpt":{"rendered":"<div>\n<p>Kimono midi bleu cu imprimeu abstract, detaliu alb la guler si mansete, maneci scurte, cordon in talie si crapaturi laterale.<\/p>\n<\/div>\n<p>Kimonoul se potrive\u0219te de la 34 la 40 FR, are o croial\u0103 lejer\u0103. Lungimea este de 130 cm.<\/p>\n<p>Pantalonii scurti Glam se potrivesc de la 34 la 38 FR, au o croial\u0103 lejer\u0103. <b>\u00a0<\/b><\/p>\n<p>#MadeinRomania<\/p>\n<p>#FabricatinRomania<\/p>\n<p>Suntem incantati sa v\u0103 dezv\u0103luim modelele noastre si \u00een showroom: suna\u021bi pentru programare 0747501974.<\/p>","protected":false},"featured_media":14081,"template":"","meta":[],"product_brand":[],"product_cat":[97,141,109],"product_tag":[],"class_list":{"0":"post-14078","1":"product","2":"type-product","3":"status-publish","4":"has-post-thumbnail","6":"product_cat-i--parlor","7":"product_cat-new","8":"product_cat-overall","9":"pa_size-one-size","10":"pif-has-gallery","12":"first","13":"outofstock","14":"featured","15":"shipping-taxable","16":"purchasable","17":"product-type-variable"},"post_mailing_queue_ids":[],"_links":{"self":[{"href":"https:\/\/www.parlor.ro\/ro\/wp-json\/wp\/v2\/product\/14078","targetHints":{"allow":["GET"]}}],"collection":[{"href":"https:\/\/www.parlor.ro\/ro\/wp-json\/wp\/v2\/product"}],"about":[{"href":"https:\/\/www.parlor.ro\/ro\/wp-json\/wp\/v2\/types\/product"}],"wp:featuredmedia":[{"embeddable":true,"href":"https:\/\/www.parlor.ro\/ro\/wp-json\/wp\/v2\/media\/14081"}],"wp:attachment":[{"href":"https:\/\/www.parlor.ro\/ro\/wp-json\/wp\/v2\/media?parent=14078"}],"wp:term":[{"taxonomy":"product_brand","embeddable":true,"href":"https:\/\/www.parlor.ro\/ro\/wp-json\/wp\/v2\/product_brand?post=14078"},{"taxonomy":"product_cat","embeddable":true,"href":"https:\/\/www.parlor.ro\/ro\/wp-json\/wp\/v2\/product_cat?post=14078"},{"taxonomy":"product_tag","embeddable":true,"href":"https:\/\/www.parlor.ro\/ro\/wp-json\/wp\/v2\/product_tag?post=14078"}],"curies":[{"name":"wp","href":"https:\/\/api.w.org\/{rel}","templated":true}]}}