{"id":14084,"date":"2024-05-08T15:40:01","date_gmt":"2024-05-08T12:40:01","guid":{"rendered":"https:\/\/www.parlor.ro\/?post_type=product&#038;p=14084"},"modified":"2025-06-20T12:17:36","modified_gmt":"2025-06-20T09:17:36","slug":"pantaloni-scurti-azure","status":"publish","type":"product","link":"https:\/\/www.parlor.ro\/ro\/product\/azure-shorts\/","title":{"rendered":"PANTALONI SCURTI AZURE"},"content":{"rendered":"<p>PANTALONI SCURTI AZURE<\/p>\n<p>100% poliester<\/p>\n<p><strong>Sp\u0103lare delicat\u0103 la ma\u0219in\u0103<\/strong><\/p>\n<p>Acest produs este realizat din \u021bes\u0103turi furnizate de produc\u0103tori certifica\u021bi conform standardelor europene.<\/p>\n<p>Imprimeurile sunt realizate cu vopsea ecologic\u0103 OEKO-TEX\u00ae.<\/p>\n<p>Acest produs este testat \u00een atelierul nostru \u0219i nu prezint\u0103 riscuri pentru s\u0103n\u0103tate si siguran\u021ba consumatorului.<\/p>\n<hr style=\"color: #404040; height: 1px;\" \/>\n<p><b style=\"text-align: left; font-size: 1.8em;\" title=\"AZURE SHORT - Pantaloni scurti uimitori pentru femei\"><b style=\"font-weight: normal;\">AZURE SHORTS \u2013 Pantaloni scurti uimitori pentru femei<\/b><\/b><br \/>\n<b style=\"font-weight: normal !important;\">PANTALONI SCURTI AZURE<\/b> &#8211; <strong style=\"font-weight: normal !important;\">Pantaloni scurti extraordinari pentru femei<\/strong>. Pantaloni scurti cu talie inalta, au inchidere cu fermoar si nasture metalic. I Love Parlor | <a style=\"font-weight: normal !important;\" title=\"\u00cembr\u0103c\u0103minte pentru femei\" href=\"https:\/\/www.parlor.ro\/ro\/\">Parlor<\/a> <i style=\"font-style: normal !important;\">\u00cembr\u0103c\u0103minte pentru femei<\/i> &amp; Moda pentru femei. Design Parlor de Veronica Zaharia. #ConsciousDesign este nucleul brandului nostru. El se traduce prin reinterpretarea celor mai bine v\u00e2ndute modele ale noastre, evit\u00e2nd astfel producerea de\u0219eurilor in exces. Rochiile noastre sunt atemporale, usor de purtat, potrivite at\u00e2t ziua c\u00e2t si seara. Cum arat\u0103 rochia ta de vis? R\u0103sfoi\u021bi produsele noastre pentru femei <a style=\"font-weight: normal !important;\" title=\"Viziteaza shop-ul nostru online\" href=\"https:\/\/www.parlor.ro\/ro\/magazin\/\">Viziteaza shop-ul nostru online<\/a> (<a style=\"font-weight: normal !important;\" title=\"pantaloni,\" href=\"https:\/\/www.parlor.ro\/ro\/categorie-produs\/i-%e2%99%a5-salon\/fundurile\/\">pantaloni,<\/a>, rochii, jachete, salopete, topuri) \u0219i g\u0103se\u0219te-\u021bi rochia ACUM! Sau vizita\u021bi showroom-ul nostru pentru a v\u0103 g\u0103si rochia perfect\u0103 \/ suna\u021bi pentru programare la 0747501974! Recomand\u0103ri de cump\u0103r\u0103turi pentru tine: <a style=\"font-weight: normal !important;\" title=\"PANTALONI SCURTI POLKA DOT\" href=\"https:\/\/www.parlor.ro\/ro\/produs\/pantaloni-scurti-cu-buline\/\">PANTALONI SCURTI POLKA DOT<\/a>, <a style=\"font-weight: normal !important;\" title=\"PANTALONI SCURTI SPRING\" href=\"https:\/\/www.parlor.ro\/ro\/produs\/pantaloni-scurti-de-primavara\/\">PANTALONI SCURTI SPRING<\/a>. P\u00c2N\u0102 LA 50% REDUCERE Azi!<\/p>","protected":false},"excerpt":{"rendered":"<div>\n<p>Pantaloni scurti cu talie inalta,  au inchidere cu fermoar si nasture metalic.<\/p>\n<\/div>\n<p>#MadeinRomania<\/p>\n<p>#FabricatinRomania<\/p>\n<p>Suntem incantati sa v\u0103 dezv\u0103luim modelele noastre si \u00een showroom: suna\u021bi pentru programare 0747501974.<\/p>","protected":false},"featured_media":14411,"template":"","meta":[],"product_brand":[],"product_cat":[97,100,141],"product_tag":[],"class_list":{"0":"post-14084","1":"product","2":"type-product","3":"status-publish","4":"has-post-thumbnail","6":"product_cat-i--parlor","7":"product_cat-bottoms","8":"product_cat-new","9":"pa_size-74","10":"pif-has-gallery","12":"first","13":"outofstock","14":"shipping-taxable","15":"purchasable","16":"product-type-variable"},"post_mailing_queue_ids":[],"_links":{"self":[{"href":"https:\/\/www.parlor.ro\/ro\/wp-json\/wp\/v2\/product\/14084","targetHints":{"allow":["GET"]}}],"collection":[{"href":"https:\/\/www.parlor.ro\/ro\/wp-json\/wp\/v2\/product"}],"about":[{"href":"https:\/\/www.parlor.ro\/ro\/wp-json\/wp\/v2\/types\/product"}],"wp:featuredmedia":[{"embeddable":true,"href":"https:\/\/www.parlor.ro\/ro\/wp-json\/wp\/v2\/media\/14411"}],"wp:attachment":[{"href":"https:\/\/www.parlor.ro\/ro\/wp-json\/wp\/v2\/media?parent=14084"}],"wp:term":[{"taxonomy":"product_brand","embeddable":true,"href":"https:\/\/www.parlor.ro\/ro\/wp-json\/wp\/v2\/product_brand?post=14084"},{"taxonomy":"product_cat","embeddable":true,"href":"https:\/\/www.parlor.ro\/ro\/wp-json\/wp\/v2\/product_cat?post=14084"},{"taxonomy":"product_tag","embeddable":true,"href":"https:\/\/www.parlor.ro\/ro\/wp-json\/wp\/v2\/product_tag?post=14084"}],"curies":[{"name":"wp","href":"https:\/\/api.w.org\/{rel}","templated":true}]}}