{"id":14089,"date":"2024-04-14T19:27:37","date_gmt":"2024-04-14T16:27:37","guid":{"rendered":"https:\/\/www.parlor.ro\/?post_type=product&#038;p=14089"},"modified":"2025-11-12T18:46:23","modified_gmt":"2025-11-12T15:46:23","slug":"pantaloni-scurti-fluo","status":"publish","type":"product","link":"https:\/\/www.parlor.ro\/ro\/product\/fluo-shorts\/","title":{"rendered":"PANTALONI SCURTI FLUO"},"content":{"rendered":"<p>PANTALONI SCURTI FLUO<\/p>\n<p>100% poliester deadstock<\/p>\n<p>Imprimare OEKO-TEX\u00ae Standard 100<\/p>\n<p><strong>Sp\u0103lare delicat\u0103 la ma\u0219in\u0103<\/strong><\/p>\n<p>Acest produs este realizat din \u021bes\u0103turi furnizate de produc\u0103tori certifica\u021bi conform standardelor europene.<\/p>\n<p>Imprimeurile sunt realizate cu vopsea ecologic\u0103 OEKO-TEX\u00ae.<\/p>\n<p>Acest produs este testat \u00een atelierul nostru \u0219i nu prezint\u0103 riscuri pentru s\u0103n\u0103tate si siguran\u021ba consumatorului.<\/p>\n<hr style=\"color: #404040; height: 1px;\" \/>\n<p><b style=\"text-align: left; font-size: 1.8em;\" title=\"SHORTS FLUO - Pantaloni scurti uluitoare pentru femei\"><b style=\"font-weight: normal;\">PANTALONI SCURTI FLUO \u2013 Pantaloni scurti spectaculo\u0219i pentru femei<\/b><\/b><br \/>\n<b style=\"font-weight: normal !important;\">PANTALONI SCURTI FLUO<\/b> &#8211; <strong style=\"font-weight: normal !important;\">Pantaloni scurti uluitoare pentru femei<\/strong>. Pantaloni scurti cu talie inalta, au inchidere cu fermoar si nasture metalic. <a style=\"font-weight: normal !important;\" title=\"I \u2665 Parlor\" href=\"https:\/\/www.parlor.ro\/ro\/\">I \u2665 Parlor <\/a> | \u00cembr\u0103c\u0103minte pentru femei \u0219i mod\u0103 pentru femei. Design Parlor de <i style=\"font-style: normal !important;\">Veronica Zaharia<\/i>. #ConsciousDesign este nucleul brandului nostru. El se traduce prin reinterpretarea celor mai bine v\u00e2ndute modele ale noastre, evit\u00e2nd astfel producerea de\u0219eurilor in exces. Rochiile noastre sunt atemporale, usor de purtat, potrivite at\u00e2t ziua c\u00e2t si seara. Cum arat\u0103 rochia ta de vis? R\u0103sfoi\u021bi <a style=\"font-weight: normal !important;\" title=\"Magazin de rochii de dama\" href=\"https:\/\/www.parlor.ro\/ro\/magazin\/\">Parlor<\/a> Magazin de rochii (<a style=\"font-weight: normal !important;\" title=\"Funduri uluitoare\" href=\"https:\/\/www.parlor.ro\/ro\/categorie-produs\/i-%e2%99%a5-salon\/fundurile\/\">pantaloni,<\/a>, rochii, jachete, salopete, topuri) \u0219i g\u0103se\u0219te-\u021bi rochia ACUM! Sau vizita\u021bi showroom-ul nostru pentru a v\u0103 g\u0103si rochia perfect\u0103 \/ suna\u021bi pentru programare la 0747501974! Recomand\u0103ri de cump\u0103r\u0103turi pentru tine: <a style=\"font-weight: normal !important;\" title=\"PANTALONI CRUSH\" href=\"https:\/\/www.parlor.ro\/ro\/produs\/strivi-pantalonii\/\">PANTALONI CRUSH<\/a>, <a style=\"font-weight: normal !important;\" title=\"Fusta Wicked\" href=\"https:\/\/www.parlor.ro\/ro\/produs\/fusta-rea\/\">Fusta Wicked<\/a>. Pret uimitor. P\u00c2N\u0102 LA 50% REDUCERE Azi pentru PANTALONI SCURTI FLUO!<\/p>","protected":false},"excerpt":{"rendered":"<div>\n[sales_countdown_timer id=\"salescountdowntimer\"]\n<p>The secret to a breathtaking summer outfit? Pick your print, style with with a cool basic, and you can conquer the world! Zipper and button fastening.<\/p>\n<\/div>\n<p>#MadeinRomania<\/p>\n<p>#FabricatinRomania<\/p>\n<p>We are happy to reveal our designs in our showroom \/ call for appointment 0747501974 .<\/p>\n","protected":false},"featured_media":14092,"template":"","meta":[],"product_brand":[],"product_cat":[97,100],"product_tag":[],"class_list":{"0":"post-14089","1":"product","2":"type-product","3":"status-publish","4":"has-post-thumbnail","6":"product_cat-i--parlor","7":"product_cat-bottoms","8":"pa_size-124","9":"pa_size-74","10":"pa_size-75","11":"pif-has-gallery","13":"first","14":"instock","15":"sale","16":"shipping-taxable","17":"purchasable","18":"product-type-variable"},"post_mailing_queue_ids":[],"_links":{"self":[{"href":"https:\/\/www.parlor.ro\/ro\/wp-json\/wp\/v2\/product\/14089","targetHints":{"allow":["GET"]}}],"collection":[{"href":"https:\/\/www.parlor.ro\/ro\/wp-json\/wp\/v2\/product"}],"about":[{"href":"https:\/\/www.parlor.ro\/ro\/wp-json\/wp\/v2\/types\/product"}],"wp:featuredmedia":[{"embeddable":true,"href":"https:\/\/www.parlor.ro\/ro\/wp-json\/wp\/v2\/media\/14092"}],"wp:attachment":[{"href":"https:\/\/www.parlor.ro\/ro\/wp-json\/wp\/v2\/media?parent=14089"}],"wp:term":[{"taxonomy":"product_brand","embeddable":true,"href":"https:\/\/www.parlor.ro\/ro\/wp-json\/wp\/v2\/product_brand?post=14089"},{"taxonomy":"product_cat","embeddable":true,"href":"https:\/\/www.parlor.ro\/ro\/wp-json\/wp\/v2\/product_cat?post=14089"},{"taxonomy":"product_tag","embeddable":true,"href":"https:\/\/www.parlor.ro\/ro\/wp-json\/wp\/v2\/product_tag?post=14089"}],"curies":[{"name":"wp","href":"https:\/\/api.w.org\/{rel}","templated":true}]}}