{"id":14097,"date":"2024-04-23T13:20:46","date_gmt":"2024-04-23T10:20:46","guid":{"rendered":"https:\/\/www.parlor.ro\/?post_type=product&#038;p=14097"},"modified":"2025-06-10T15:49:31","modified_gmt":"2025-06-10T12:49:31","slug":"pantaloni-scurti-regali","status":"publish","type":"product","link":"https:\/\/www.parlor.ro\/ro\/product\/royal-shorts\/","title":{"rendered":"PANTALONI SCURTI ROYAL"},"content":{"rendered":"<p>PANTALONI SCURTI ROYAL<\/p>\n<p>100% poliester<\/p>\n<p><strong>Cur\u0103\u021bare uscat\u0103<\/strong><\/p>\n<p>Acest produs este realizat din \u021bes\u0103turi furnizate de produc\u0103tori certifica\u021bi conform standardelor europene.<\/p>\n<p>Imprimeurile sunt realizate cu vopsea ecologic\u0103 OEKO-TEX\u00ae.<\/p>\n<p>Acest produs este testat \u00een atelierul nostru \u0219i nu prezint\u0103 riscuri pentru s\u0103n\u0103tate si siguran\u021ba consumatorului.<\/p>\n<hr style=\"color:#404040; height: 1px;\" \/>\n<p><b style=\"text-align: left; font-size:1.8em;\" title=\"ROYAL SHORTS - Pantaloni scur\u021bi de dam\u0103 uluitori\" name=\"ROYAL SHORTS - Breathtaking Women's Shorts\"><b style=\"font-weight: normal;\">ROYAL SHORTS \u2013 Pantaloni scur\u021bi de dam\u0103 uluitori<\/b><\/b><br \/>\n<b style=\"font-weight: normal !important;\">PANTALONI SCURTI ROYAL<\/b> &#8211; <strong style=\"font-weight: normal !important;\">Pantaloni scurti uluitoare pentru femei<\/strong>Secretul unei experien\u021be care \u00ee\u021bi taie respira\u021bia <i style=\"font-style: normal !important;\">\u021binut\u0103 de var\u0103<\/i>Alege-\u021bi imprimeul, asorteaz\u0103-l cu o pies\u0103 de baz\u0103 cool \u0219i po\u021bi cuceri lumea! I Love Parlor | \u00cembr\u0103c\u0103minte pentru femei \u0219i <a style=\"font-weight: normal !important;\" title=\"Moda pentru femei\" href=\"https:\/\/www.parlor.ro\/ro\/\">Moda pentru femei<\/a>Designuri de salon de Veronica Zaharia. #ConsciousDesign este nucleul brandului nostru. Se traduce prin reinterpretarea articolelor noastre cele mai bine v\u00e2ndute cu un consum minim de resurse. Rochiile noastre atrage toate privirile, sunt cool \u0219i pot fi purtate instantaneu de la o zi la alta. Cum arat\u0103 rochia visurilor tale? Vrei s\u0103 afli mai multe? R\u0103sfoie\u0219te rochiile noastre pentru femei. <a style=\"font-weight: normal !important;\" title=\"magazin de femei\" href=\"https:\/\/www.parlor.ro\/ro\/magazin\/\">Parlor Shop<\/a> (<a style=\"font-weight: normal !important;\" title=\"pantaloni,\" href=\"https:\/\/www.parlor.ro\/ro\/categorie-produs\/i-%e2%99%a5-salon\/fundurile\/\">pantaloni,<\/a>, rochii, jachete, salopete, topuri) \u0219i g\u0103se\u0219te-\u021bi rochia ACUM! Sau vizita\u021bi showroom-ul nostru pentru a v\u0103 g\u0103si rochia perfect\u0103 \/ suna\u021bi pentru programare la 0747501974! Recomand\u0103ri de cump\u0103r\u0103turi pentru tine: <a style=\"font-weight: normal !important;\" title=\"PANTALONI SCURTI POLKA DOT\" href=\"https:\/\/www.parlor.ro\/ro\/produs\/pantaloni-scurti-cu-buline\/\">PANTALONI SCURTI POLKA DOT<\/a>, <a style=\"font-weight: normal !important;\" title=\"PANTALONI SCURTI  STAR\" href=\"https:\/\/www.parlor.ro\/ro\/produs\/pantaloni-scurti-star\/\">PANTALONI SCURTI  STAR<\/a>. P\u00c2N\u0102 LA 50% REDUCERE Azi! <\/p>","protected":false},"excerpt":{"rendered":"<div>\n<p>&nbsp;<\/p>\n<p>Pantaloni scurti cu talie inalta,  au inchidere cu fermoar si nasture metalic.<\/p>\n<\/div>\n<p>&nbsp;<\/p>\n<p>#MadeinRomania<\/p>\n<p>#FabricatinRomania<\/p>\n<p>Suntem incantati sa v\u0103 dezv\u0103luim modelele noastre si \u00een showroom: suna\u021bi pentru programare 0747501974.<\/p>","protected":false},"featured_media":14103,"template":"","meta":[],"product_brand":[],"product_cat":[97,100,141],"product_tag":[],"class_list":{"0":"post-14097","1":"product","2":"type-product","3":"status-publish","4":"has-post-thumbnail","6":"product_cat-i--parlor","7":"product_cat-bottoms","8":"product_cat-new","9":"pa_size-124","10":"pa_size-74","11":"pif-has-gallery","13":"first","14":"outofstock","15":"shipping-taxable","16":"purchasable","17":"product-type-variable"},"post_mailing_queue_ids":[],"_links":{"self":[{"href":"https:\/\/www.parlor.ro\/ro\/wp-json\/wp\/v2\/product\/14097","targetHints":{"allow":["GET"]}}],"collection":[{"href":"https:\/\/www.parlor.ro\/ro\/wp-json\/wp\/v2\/product"}],"about":[{"href":"https:\/\/www.parlor.ro\/ro\/wp-json\/wp\/v2\/types\/product"}],"wp:featuredmedia":[{"embeddable":true,"href":"https:\/\/www.parlor.ro\/ro\/wp-json\/wp\/v2\/media\/14103"}],"wp:attachment":[{"href":"https:\/\/www.parlor.ro\/ro\/wp-json\/wp\/v2\/media?parent=14097"}],"wp:term":[{"taxonomy":"product_brand","embeddable":true,"href":"https:\/\/www.parlor.ro\/ro\/wp-json\/wp\/v2\/product_brand?post=14097"},{"taxonomy":"product_cat","embeddable":true,"href":"https:\/\/www.parlor.ro\/ro\/wp-json\/wp\/v2\/product_cat?post=14097"},{"taxonomy":"product_tag","embeddable":true,"href":"https:\/\/www.parlor.ro\/ro\/wp-json\/wp\/v2\/product_tag?post=14097"}],"curies":[{"name":"wp","href":"https:\/\/api.w.org\/{rel}","templated":true}]}}