{"id":14120,"date":"2024-04-23T13:12:18","date_gmt":"2024-04-23T10:12:18","guid":{"rendered":"https:\/\/www.parlor.ro\/?post_type=product&#038;p=14120"},"modified":"2025-06-11T15:37:45","modified_gmt":"2025-06-11T12:37:45","slug":"set-de-kimono-cu-crin","status":"publish","type":"product","link":"https:\/\/www.parlor.ro\/ro\/product\/lily-kimono-set\/","title":{"rendered":"SET KIMONO LILY"},"content":{"rendered":"<p>SET KIMONO LILY<\/p>\n<p>100% poliester deadstock<\/p>\n<p>Imprimare OEKO-TEX\u00ae Standard 100<\/p>\n<p><strong>Sp\u0103lare delicat\u0103 la ma\u0219in\u0103<\/strong><\/p>\n<p>Acest produs este realizat din \u021bes\u0103turi furnizate de produc\u0103tori certifica\u021bi conform standardelor europene.<\/p>\n<p>Imprimeurile sunt realizate cu vopsea ecologic\u0103 OEKO-TEX\u00ae.<\/p>\n<p>Acest produs este testat \u00een atelierul nostru \u0219i nu prezint\u0103 riscuri pentru s\u0103n\u0103tate si siguran\u021ba consumatorului.<\/p>\n<hr style=\"color:#404040; height: 1px;\" \/>\n<p><b style=\"text-align: left; font-size:1.8em;\" title=\"SET KIMONO LILY - KIMONO de designer pentru femei\" name=\"LILY KIMONO SET - Designer Women's KIMONO\"><b style=\"font-weight: normal;\">SET KIMONO LILY \u2013 KIMONO de designer pentru femei<\/b><\/b><br \/>\n<b style=\"font-weight: normal !important;\">SET KIMONO LILY<\/b> &#8211; <strong style=\"font-weight: normal !important;\">KIMONO de designer pentru femei<\/strong>. <i style=\"font-style: normal !important;\">Kimono midi<\/i> cu imprimeu floral, fante laterale \u0219i detalii simple de-a lungul tivului. I Love Parlor | \u00cembr\u0103c\u0103minte pentru femei \u0219i rochii pentru femei <a style=\"font-weight: normal !important;\" title=\"Moda pentru femei\" href=\"https:\/\/www.parlor.ro\/ro\/\">pentru femei<\/a>. Design Parlor de Veronica Zaharia. #ConsciousDesign este nucleul brandului nostru. El se traduce prin reinterpretarea celor mai bine v\u00e2ndute modele ale noastre, evit\u00e2nd astfel producerea de\u0219eurilor in exces. Rochiile noastre sunt atemporale, usor de purtat, potrivite at\u00e2t ziua c\u00e2t si seara . Cum arat\u0103 rochia ta de vis? R\u0103sfoi\u021bi rochiile noastre pentru femei <a style=\"font-weight: normal !important;\" title=\"magazin de designeri\" href=\"https:\/\/www.parlor.ro\/ro\/magazin\/\">Parlor Shop<\/a> (pantaloni, rochii, jachete, <a style=\"font-weight: normal !important;\" title=\"per total\" href=\"https:\/\/www.parlor.ro\/ro\/categorie-produs\/i-%e2%99%a5-salon\/per-total\/\">per total<\/a>, topuri) \u0219i g\u0103se\u0219te-\u021bi rochia ACUM! Sau vizita\u021bi showroom-ul nostru pentru a v\u0103 g\u0103si rochia perfect\u0103 \/ suna\u021bi pentru programare la 0747501974! Recomand\u0103ri de cump\u0103r\u0103turi pentru tine: <a style=\"font-weight: normal !important;\" title=\"Costum Serenity\" href=\"https:\/\/www.parlor.ro\/ro\/produs\/costum-de-seninatate\/\">Costum Serenity<\/a>, <a style=\"font-weight: normal !important;\" title=\"SALOPETA CATWOMAN\" href=\"https:\/\/www.parlor.ro\/ro\/produs\/salopeta-catwoman\/\">SALOPETA CATWOMAN<\/a>. P\u00c2N\u0102 LA 50% REDUCERE Azi! <\/p>","protected":false},"excerpt":{"rendered":"<div>\n<p>Kimono midi, roz cu motive florale rosii, cu detalii rosii la guler, cordon, crapaturi laterale, maneca larga.<\/p>\n<\/div>\n<p>Kimonoul se potrive\u0219te de la 34 la 40 FR, are o croial\u0103 lejer\u0103. Lungimea este de 130 cm.<\/p>\n<p>Pantalonii scurti Glam se potrivesc de la 34 la 38 FR, au o croial\u0103 lejer\u0103.<\/p>\n<p>#MadeinRomania<\/p>\n<p>#FabricatinRomania<\/p>\n<p>Suntem incantati sa v\u0103 dezv\u0103luim modelele noastre si \u00een showroom: suna\u021bi pentru programare 0747501974.<\/p>","protected":false},"featured_media":14124,"template":"","meta":[],"product_brand":[],"product_cat":[97,141,109],"product_tag":[],"class_list":{"0":"post-14120","1":"product","2":"type-product","3":"status-publish","4":"has-post-thumbnail","6":"product_cat-i--parlor","7":"product_cat-new","8":"product_cat-overall","9":"pa_size-one-size","10":"pif-has-gallery","12":"first","13":"outofstock","14":"shipping-taxable","15":"purchasable","16":"product-type-variable"},"post_mailing_queue_ids":[],"_links":{"self":[{"href":"https:\/\/www.parlor.ro\/ro\/wp-json\/wp\/v2\/product\/14120","targetHints":{"allow":["GET"]}}],"collection":[{"href":"https:\/\/www.parlor.ro\/ro\/wp-json\/wp\/v2\/product"}],"about":[{"href":"https:\/\/www.parlor.ro\/ro\/wp-json\/wp\/v2\/types\/product"}],"wp:featuredmedia":[{"embeddable":true,"href":"https:\/\/www.parlor.ro\/ro\/wp-json\/wp\/v2\/media\/14124"}],"wp:attachment":[{"href":"https:\/\/www.parlor.ro\/ro\/wp-json\/wp\/v2\/media?parent=14120"}],"wp:term":[{"taxonomy":"product_brand","embeddable":true,"href":"https:\/\/www.parlor.ro\/ro\/wp-json\/wp\/v2\/product_brand?post=14120"},{"taxonomy":"product_cat","embeddable":true,"href":"https:\/\/www.parlor.ro\/ro\/wp-json\/wp\/v2\/product_cat?post=14120"},{"taxonomy":"product_tag","embeddable":true,"href":"https:\/\/www.parlor.ro\/ro\/wp-json\/wp\/v2\/product_tag?post=14120"}],"curies":[{"name":"wp","href":"https:\/\/api.w.org\/{rel}","templated":true}]}}