{"id":14156,"date":"2024-06-12T13:16:56","date_gmt":"2024-06-12T10:16:56","guid":{"rendered":"https:\/\/www.parlor.ro\/?post_type=product&#038;p=14156"},"modified":"2025-03-27T18:56:14","modified_gmt":"2025-03-27T15:56:14","slug":"kiss-shorts","status":"publish","type":"product","link":"https:\/\/www.parlor.ro\/ro\/product\/kiss-shorts\/","title":{"rendered":"PANTALONI SCURTI KISS"},"content":{"rendered":"<p>PANTALONI SCURTI KISS<\/p>\n<p>100% poliester deadstock<\/p>\n<p>Imprimare OEKO-TEX\u00ae Standard 100<\/p>\n<p><strong>Sp\u0103lare delicat\u0103 la ma\u0219in\u0103<\/strong><\/p>\n<p>Acest produs este realizat din \u021bes\u0103turi furnizate de produc\u0103tori certifica\u021bi conform standardelor europene.<\/p>\n<p>Imprimeurile sunt realizate cu vopsea ecologic\u0103 OEKO-TEX\u00ae.<\/p>\n<p>Acest produs este testat \u00een atelierul nostru \u0219i nu prezint\u0103 riscuri pentru s\u0103n\u0103tate si siguran\u021ba consumatorului.<\/p>\n<hr style=\"color: #404040; height: 1px;\" \/>\n<p><b style=\"text-align: left; font-size: 1.8em;\" title=\"KISS SHORT - Pantaloni scurti romantici pentru femei\"><b style=\"font-weight: normal;\">KISS SHORT \u2013 Pantaloni scurti romantici pentru femei<\/b><\/b><br \/>\n<b style=\"font-weight: normal !important;\">PANTALONI SCURTI KISS<\/b> &#8211; <i style=\"font-style: normal !important;\">Pantaloni scurti romantici pentru femei<\/i>. <strong style=\"font-weight: normal !important;\">Pantaloni scur\u021bi Glam cu imprimeu<\/strong>, talie elastic\u0103, finisaj brut de-a lungul liniei tivului. I Love Parlour | \u00cembr\u0103c\u0103minte pentru femei \u0219i mod\u0103 pentru femei. Design de salon de <a style=\"font-weight: normal !important;\" title=\" \" href=\"https:\/\/www.\">Veronica Zaharia<\/a>.#ConsciousDesign este nucleul brandului nostru. El se traduce prin reinterpretarea celor mai bine v\u00e2ndute modele ale noastre, evit\u00e2nd astfel producerea de\u0219eurilor in exces. Cum arat\u0103 rochia ta de vis? R\u0103sfoi\u021bi rochiile noastre pentru femei <a style=\"font-weight: normal !important;\" title=\"magazin de pantaloni scur\u021bi\" href=\"https:\/\/www.parlor.ro\/ro\/magazin\/\">Parlor Shop<\/a> (<a style=\"font-weight: normal !important;\" title=\"pantaloni scur\u021bi - pantaloni\" href=\"https:\/\/www.parlor.ro\/ro\/categorie-produs\/i-%e2%99%a5-salon\/fundurile\/\">pantaloni,<\/a>, rochii, jachete, salopete, topuri) \u0219i g\u0103se\u0219te-\u021bi rochia ACUM! Sau vizita\u021bi showroom-ul nostru pentru a v\u0103 g\u0103si rochia perfect\u0103 \/ suna\u021bi pentru programare la 0747501974! Recomand\u0103ri de cump\u0103r\u0103turi pentru tine: <a style=\"font-weight: normal !important;\" title=\"PANTALONI SCURTI LOLLYPOP\" href=\"https:\/\/www.parlor.ro\/ro\/produs\/pantaloni-scurti-acadele\/\">PANTALONI SCURTI LOLLYPOP<\/a>, <a style=\"font-weight: normal !important;\" title=\"PANTALONI SCURTI MORNING GLOW\" href=\"https:\/\/www.parlor.ro\/ro\/produs\/pantaloni-scurti-morning-glow\/\">PANTALONI SCURTI MORNING GLOW<\/a>. Cel mai bun pre\u021b! P\u00c2N\u0102 LA 50% REDUCERE Azi!<\/p>","protected":false},"excerpt":{"rendered":"<div>\n<p>Pantaloni scurti cu imprimeu, detalii nefinisate la tiv, cordon cu elastic in talie.<\/p>\n<\/div>\n<p>Pantalonii scurti Glam se potrivesc de la 34 la 38 FR, au o croial\u0103 lejer\u0103. <b>\u00a0<\/b><\/p>\n<p>#MadeinRomania<\/p>\n<p>#FabricatinRomania<\/p>\n<p>Suntem incantati sa v\u0103 dezv\u0103luim modelele noastre si \u00een showroom: suna\u021bi pentru programare 0747501974.<\/p>","protected":false},"featured_media":14159,"template":"","meta":[],"product_brand":[],"product_cat":[97,100],"product_tag":[],"class_list":{"0":"post-14156","1":"product","2":"type-product","3":"status-publish","4":"has-post-thumbnail","6":"product_cat-i--parlor","7":"product_cat-bottoms","8":"pa_size-one-size","9":"pif-has-gallery","11":"first","12":"outofstock","13":"shipping-taxable","14":"purchasable","15":"product-type-variable"},"post_mailing_queue_ids":[],"_links":{"self":[{"href":"https:\/\/www.parlor.ro\/ro\/wp-json\/wp\/v2\/product\/14156","targetHints":{"allow":["GET"]}}],"collection":[{"href":"https:\/\/www.parlor.ro\/ro\/wp-json\/wp\/v2\/product"}],"about":[{"href":"https:\/\/www.parlor.ro\/ro\/wp-json\/wp\/v2\/types\/product"}],"wp:featuredmedia":[{"embeddable":true,"href":"https:\/\/www.parlor.ro\/ro\/wp-json\/wp\/v2\/media\/14159"}],"wp:attachment":[{"href":"https:\/\/www.parlor.ro\/ro\/wp-json\/wp\/v2\/media?parent=14156"}],"wp:term":[{"taxonomy":"product_brand","embeddable":true,"href":"https:\/\/www.parlor.ro\/ro\/wp-json\/wp\/v2\/product_brand?post=14156"},{"taxonomy":"product_cat","embeddable":true,"href":"https:\/\/www.parlor.ro\/ro\/wp-json\/wp\/v2\/product_cat?post=14156"},{"taxonomy":"product_tag","embeddable":true,"href":"https:\/\/www.parlor.ro\/ro\/wp-json\/wp\/v2\/product_tag?post=14156"}],"curies":[{"name":"wp","href":"https:\/\/api.w.org\/{rel}","templated":true}]}}