{"id":14184,"date":"2024-06-16T22:15:31","date_gmt":"2024-06-16T19:15:31","guid":{"rendered":"https:\/\/www.parlor.ro\/?post_type=product&#038;p=14184"},"modified":"2025-11-03T13:31:42","modified_gmt":"2025-11-03T10:31:42","slug":"rochie-de-vis","status":"publish","type":"product","link":"https:\/\/www.parlor.ro\/ro\/product\/daydream-dress\/","title":{"rendered":"ROCHIE DAYDREAM"},"content":{"rendered":"<p>100% poliester deadstock<\/p>\n<p>Imprimare OEKO-TEX\u00ae Standard 100<\/p>\n<p><strong>Sp\u0103lare delicat\u0103 la ma\u0219in\u0103<\/strong><\/p>\n<p>Acest produs este realizat din \u021bes\u0103turi furnizate de produc\u0103tori certifica\u021bi conform standardelor europene.<\/p>\n<p>Imprimeurile sunt realizate cu vopsea ecologic\u0103 OEKO-TEX\u00ae.<\/p>\n<p>Acest produs este testat \u00een atelierul nostru \u0219i nu prezint\u0103 riscuri pentru s\u0103n\u0103tate si siguran\u021ba consumatorului.<\/p>\n<hr style=\"color: #404040; height: 1px;\" \/>\n<p><b style=\"text-align: left; font-size: 1.8em;\" title=\"ROCHIE DAYDREAM - Rochie Glamour dama\"><b style=\"font-weight: normal;\">ROCHIE DAYDREAM \u2013 Rochie Glamour pentru femei<\/b><\/b><br \/>\n<b style=\"font-weight: normal !important;\">ROCHIE DAYDREAM<\/b> &#8211; <i style=\"font-style: normal !important;\">Rochie Glamour pentru femei<\/i>. <strong style=\"font-weight: normal !important;\">Rochia DayDream<\/strong>midi verde deschis, cu saruturi negre, spate gol, maneci ample si crapaturi pe lateral. I Love Parlor | \u00cembr\u0103c\u0103minte pentru <a style=\"font-weight: normal !important;\" title=\"\u00cembr\u0103c\u0103minte pentru femei\" href=\"https:\/\/www.parlor.ro\/ro\/\">\u00cembr\u0103c\u0103minte pentru femei<\/a> &amp; Moda pentru femei. Design Parlor de Veronica Zaharia. #ConsciousDesign este nucleul brandului nostru. El se traduce prin reinterpretarea celor mai bine v\u00e2ndute modele ale noastre, evit\u00e2nd astfel producerea de\u0219eurilor in exces. Rochiile noastre sunt atemporale, usor de purtat, potrivite at\u00e2t ziua c\u00e2t si seara. Cum arat\u0103 rochia ta de vis? R\u0103sfoi\u021bi rochiile noastre pentru femei. <a style=\"font-weight: normal !important;\" title=\"Magazin de farmec\" href=\"https:\/\/www.parlor.ro\/ro\/magazin\/\">Parlor Shop<\/a> (fuste, pantaloni, rochii, jachete, salopete, topuri) \u0219i g\u0103se\u0219te-\u021bi rochia ACUM! Sau vizita\u021bi showroom-ul nostru pentru a v\u0103 g\u0103si <a style=\"font-weight: normal !important;\" title=\"rochia perfecta\" href=\"https:\/\/www.parlor.ro\/ro\/categorie-produs\/i-%e2%99%a5-salon\/rochii\/\">rochia perfecta<\/a> \/ suna pentru programare 0747501974! Recomand\u0103ri de cump\u0103r\u0103turi pentru tine: <a style=\"font-weight: normal !important;\" title=\"ROCHIE BLISS\" href=\"https:\/\/www.parlor.ro\/ro\/produs\/rochie-bliss\/\">ROCHIE BLISS<\/a>, <a style=\"font-weight: normal !important;\" title=\"ROCHIE DOROTHY\" href=\"https:\/\/www.parlor.ro\/ro\/produs\/rochie-dorothy\/\">ROCHIE DOROTHY<\/a>). P\u00c2N\u0102 LA 50% REDUCERE Azi!<\/p>","protected":false},"excerpt":{"rendered":"<div>\n[sales_countdown_timer id=\"salescountdowntimer\"]\n<p>DayDream dress comes with a delicious kiss print, oversized sleeves and a beautiful open back. \u00a0The \u00a0dress is made from deadstock polyester, OEKO-TEX\u00ae in-house print. <b>\u00a0<\/b><\/p>\n<\/div>\n<p>#MadeinRomania<\/p>\n<p>#FabricatinRomania<\/p>\n<p>We are happy to reveal our designs in our showroom \/ call for appointment 0747501974 .<\/p>\n<p><a href=\"https:\/\/www.parlor.ro\/wp-content\/uploads\/2021\/04\/size-_chart-_Parlor.jpg\">VIEW SIZE CHART<\/a><\/p>\n<p>&nbsp;<\/p>\n","protected":false},"featured_media":14214,"template":"","meta":[],"product_brand":[],"product_cat":[97,99],"product_tag":[],"class_list":{"0":"post-14184","1":"product","2":"type-product","3":"status-publish","4":"has-post-thumbnail","6":"product_cat-i--parlor","7":"product_cat-dresses","8":"pa_size-124","9":"pa_size-74","10":"pa_size-75","11":"pif-has-gallery","13":"first","14":"instock","15":"sale","16":"featured","17":"shipping-taxable","18":"purchasable","19":"product-type-variable"},"post_mailing_queue_ids":[],"_links":{"self":[{"href":"https:\/\/www.parlor.ro\/ro\/wp-json\/wp\/v2\/product\/14184","targetHints":{"allow":["GET"]}}],"collection":[{"href":"https:\/\/www.parlor.ro\/ro\/wp-json\/wp\/v2\/product"}],"about":[{"href":"https:\/\/www.parlor.ro\/ro\/wp-json\/wp\/v2\/types\/product"}],"wp:featuredmedia":[{"embeddable":true,"href":"https:\/\/www.parlor.ro\/ro\/wp-json\/wp\/v2\/media\/14214"}],"wp:attachment":[{"href":"https:\/\/www.parlor.ro\/ro\/wp-json\/wp\/v2\/media?parent=14184"}],"wp:term":[{"taxonomy":"product_brand","embeddable":true,"href":"https:\/\/www.parlor.ro\/ro\/wp-json\/wp\/v2\/product_brand?post=14184"},{"taxonomy":"product_cat","embeddable":true,"href":"https:\/\/www.parlor.ro\/ro\/wp-json\/wp\/v2\/product_cat?post=14184"},{"taxonomy":"product_tag","embeddable":true,"href":"https:\/\/www.parlor.ro\/ro\/wp-json\/wp\/v2\/product_tag?post=14184"}],"curies":[{"name":"wp","href":"https:\/\/api.w.org\/{rel}","templated":true}]}}