{"id":14513,"date":"2024-09-15T17:56:57","date_gmt":"2024-09-15T14:56:57","guid":{"rendered":"https:\/\/www.parlor.ro\/?post_type=product&#038;p=14513"},"modified":"2026-05-02T02:53:44","modified_gmt":"2026-05-01T23:53:44","slug":"blat-de-ciocolata-calda","status":"publish","type":"product","link":"https:\/\/www.parlor.ro\/ro\/product\/hot-chocolate-top\/","title":{"rendered":"Top Hot Chocolate"},"content":{"rendered":"<p>Top Hot Chocolate<\/p>\n<p>100% bumbac<\/p>\n<p><strong>Sp\u0103lare delicat\u0103 la ma\u0219in\u0103<\/strong><\/p>\n<p>Acest produs este realizat din \u021bes\u0103turi furnizate de produc\u0103tori certifica\u021bi conform standardelor europene.<\/p>\n<p>Imprimeurile sunt realizate cu vopsea ecologic\u0103 OEKO-TEX\u00ae.<\/p>\n<p>Acest produs este testat \u00een atelierul nostru \u0219i nu prezint\u0103 riscuri pentru s\u0103n\u0103tate si siguran\u021ba consumatorului.<\/p>\n<hr style=\"color: #404040; height: 1px;\" \/>\n<p><b style=\"text-align: left; font-size: 1.8em;\" title=\"Top cu ciocolat\u0103 cald\u0103 - Topuri exclusiviste pentru femei\"><b style=\"font-weight: normal;\">TOP HOT CHOCOLATE \u2013 Topuri exclusiviste pentru femei<\/b><\/b><br \/>\n<b style=\"font-weight: normal !important;\">Top Hot Chocolate<\/b> &#8211; <i style=\"font-style: normal !important;\">Topuri exclusiviste pentru femei<\/i>. Tricoul Hot Chocolate cu maneca scurta, din bumbac, cu esarfa neagra, in contrast, peste bust, care se inchide cu funda la spate.  I Love Parlor | \u00cembr\u0103c\u0103minte pentru femei \u0219i Moda <a style=\"font-weight: normal !important;\" title=\"Moda pentru femei\" href=\"https:\/\/www.parlor.ro\/ro\/\">pentru femei<\/a>. Design Parlor de Veronica Zaharia. #ConsciousDesign este nucleul brandului nostru. El se traduce prin reinterpretarea celor mai bine v\u00e2ndute modele ale noastre, evit\u00e2nd astfel producerea de\u0219eurilor in exces. Cum arat\u0103 rochia ta de vis? R\u0103sfoieste <strong style=\"font-weight: normal !important;\">Rochii de dama<\/strong> <a style=\"font-weight: normal !important;\" title=\"Magazin online\" href=\"https:\/\/www.parlor.ro\/ro\/magazin\/\">Magazin online<\/a> (pantaloni, rochii, jachete, salopete, <a style=\"font-weight: normal !important;\" title=\"Topuri de salon\" href=\"https:\/\/www.parlor.ro\/ro\/categorie-produs\/i-%e2%99%a5-salon\/varfuri\/\">topuri<\/a>) \u0219i g\u0103se\u0219te-\u021bi rochia ACUM! Sau vizita\u021bi showroom-ul nostru pentru a v\u0103 g\u0103si rochia perfect\u0103 \/ suna\u021bi pentru programare la 0747501974! Recomand\u0103ri de cump\u0103r\u0103turi pentru tine: <a style=\"font-weight: normal !important;\" title=\"TOP INNOCENT\" href=\"https:\/\/www.parlor.ro\/ro\/produs\/top-nevinovat\/\">TOP INNOCENT<\/a>, <a style=\"font-weight: normal !important;\" title=\"TOP GLAM NEGRU\" href=\"https:\/\/www.parlor.ro\/ro\/produs\/top-glam-negru\/\">TOP GLAM NEGRU<\/a>. P\u00c2N\u0102 LA 50% REDUCERE Azi!<\/p>","protected":false},"excerpt":{"rendered":"<div>\n[sales_countdown_timer id=\"salescountdowntimer\"]\n<p><span lang=\"EN-US\">Hot Chocolate \u00a0T-shirt <\/span><span lang=\"EN-US\">comes in a relaxed shape that\u2019s appliqu\u00e9d with an oversize contrasting bow. <b>\u00a0<\/b><\/span><\/p>\n<\/div>\n<p>#MadeinRomania<\/p>\n<p>#FabricatinRomania<\/p>\n<p>We are happy to reveal our designs in our showroom \/ call for appointment 0747501974 .<\/p>\n","protected":false},"featured_media":14691,"template":"","meta":[],"product_brand":[],"product_cat":[97,141,102],"product_tag":[],"class_list":{"0":"post-14513","1":"product","2":"type-product","3":"status-publish","4":"has-post-thumbnail","6":"product_cat-i--parlor","7":"product_cat-new","8":"product_cat-tops","9":"pa_size-one-size","10":"pif-has-gallery","12":"first","13":"instock","14":"shipping-taxable","15":"purchasable","16":"product-type-variable"},"post_mailing_queue_ids":[],"_links":{"self":[{"href":"https:\/\/www.parlor.ro\/ro\/wp-json\/wp\/v2\/product\/14513","targetHints":{"allow":["GET"]}}],"collection":[{"href":"https:\/\/www.parlor.ro\/ro\/wp-json\/wp\/v2\/product"}],"about":[{"href":"https:\/\/www.parlor.ro\/ro\/wp-json\/wp\/v2\/types\/product"}],"wp:featuredmedia":[{"embeddable":true,"href":"https:\/\/www.parlor.ro\/ro\/wp-json\/wp\/v2\/media\/14691"}],"wp:attachment":[{"href":"https:\/\/www.parlor.ro\/ro\/wp-json\/wp\/v2\/media?parent=14513"}],"wp:term":[{"taxonomy":"product_brand","embeddable":true,"href":"https:\/\/www.parlor.ro\/ro\/wp-json\/wp\/v2\/product_brand?post=14513"},{"taxonomy":"product_cat","embeddable":true,"href":"https:\/\/www.parlor.ro\/ro\/wp-json\/wp\/v2\/product_cat?post=14513"},{"taxonomy":"product_tag","embeddable":true,"href":"https:\/\/www.parlor.ro\/ro\/wp-json\/wp\/v2\/product_tag?post=14513"}],"curies":[{"name":"wp","href":"https:\/\/api.w.org\/{rel}","templated":true}]}}