{"id":14519,"date":"2024-09-16T08:12:24","date_gmt":"2024-09-16T05:12:24","guid":{"rendered":"https:\/\/www.parlor.ro\/?post_type=product&#038;p=14519"},"modified":"2025-07-01T14:32:15","modified_gmt":"2025-07-01T11:32:15","slug":"tricou-de-dama-alb","status":"publish","type":"product","link":"https:\/\/www.parlor.ro\/ro\/product\/lady-t-shirt-white\/","title":{"rendered":"Tricou Lady Alb"},"content":{"rendered":"<p>Tricou Lady Alb<\/p>\n<p>100% bumbac<\/p>\n<p>Dantela din poliester 100%<\/p>\n<p><strong>Sp\u0103lare delicat\u0103 la ma\u0219in\u0103<\/strong><\/p>\n<p>Acest produs este realizat din \u021bes\u0103turi furnizate de produc\u0103tori certifica\u021bi conform standardelor europene.<\/p>\n<p>Imprimeurile sunt realizate cu vopsea ecologic\u0103 OEKO-TEX\u00ae.<\/p>\n<p>Acest produs este testat \u00een atelierul nostru \u0219i nu prezint\u0103 riscuri pentru s\u0103n\u0103tate si siguran\u021ba consumatorului.<\/p>\n<hr style=\"color: #404040; height: 1px;\" \/>\n<p><b style=\"text-align: left; font-size: 1.8em;\" title=\"Tricou Dam\u0103 Alb - Tricouri Elegante pentru Dam\u0103\"><b style=\"font-weight: normal;\">Tricou Dam\u0103 Alb \u2013 Tricouri elegante de dam\u0103<\/b><\/b><br \/>\n<strong style=\"font-weight: normal !important;\">Tricou Lady Alb<\/strong> &#8211; <b style=\"font-weight: normal !important;\">Tricouri elegante pentru femei<\/b>. Tricou alb, cu maneca scurta, din bumbac, cu detaliu de dantela la tiv. <i style=\"font-style: normal !important;\">I \u2665 Parlor<\/i> | \u00cembr\u0103c\u0103minte pentru femei \u0219i mod\u0103 pentru femei <a style=\"font-weight: normal !important;\" title=\"Crea\u021biile Parlor\" href=\"https:\/\/www.parlor.ro\/ro\/\"> de Veronica Zaharia. #ConsciousDesign este nucleul brandului nostru. El se traduce prin reinterpretarea celor mai bine v\u00e2ndute modele ale noastre, evit\u00e2nd astfel producerea de\u0219eurilor in exces. Rochiile noastre sunt atemporale, usor de purtat, potrivite at\u00e2t ziua c\u00e2t si seara. Cum arat\u0103 rochia ta de vis? R\u0103sfoi\u021bi crea\u021biile noastre pentru femei <\/a><a style=\"font-weight: normal !important;\" title=\"Parlor Shop\" href=\"https:\/\/www.parlor.ro\/ro\/magazin\/\">Parlor Shop<\/a><a style=\"font-weight: normal !important;\" title=\"Crea\u021biile Parlor\" href=\"https:\/\/www.parlor.ro\/ro\/\"> (<\/a><a style=\"font-weight: normal !important;\" title=\"Pantaloni eleganti\" href=\"https:\/\/www.parlor.ro\/ro\/categorie-produs\/i-%e2%99%a5-salon\/fundurile\/\">pantaloni,<\/a><a style=\"font-weight: normal !important;\" title=\"Crea\u021biile Parlor\" href=\"https:\/\/www.parlor.ro\/ro\/\">, rochii, jachete, salopete, topuri) \u0219i g\u0103se\u0219te-\u021bi rochia ACUM! Sau vizita\u021bi showroom-ul nostru pentru a v\u0103 g\u0103si rochia perfect\u0103 \/ suna\u021bi pentru programare la 0747501974! Recomand\u0103ri de cump\u0103r\u0103turi pentru tine: <\/a><a style=\"font-weight: normal !important;\" title=\"DREAM TOP ROZ\" href=\"https:\/\/www.parlor.ro\/ro\/produs\/top-de-vis-roz\/\">DREAM TOP ROZ<\/a><a style=\"font-weight: normal !important;\" title=\"Crea\u021biile Parlor\" href=\"https:\/\/www.parlor.ro\/ro\/\">, <\/a><a style=\"font-weight: normal !important;\" title=\"Baby Top\" href=\"https:\/\/www.parlor.ro\/ro\/produs\/top-baby\/\">Baby Top<\/a><a style=\"font-weight: normal !important;\" title=\"Crea\u021biile Parlor\" href=\"https:\/\/www.parlor.ro\/ro\/\">. P\u00c2N\u0102 LA 50% REDUCERE Azi! <\/a><\/p>","protected":false},"excerpt":{"rendered":"<p>Tricou alb, cu maneca scurta, din bumbac, cu detaliu de dantela la tiv.<\/p>\n<p>#MadeinRomania<\/p>\n<p>#FabricatinRomania<\/p>\n<p>Suntem incantati sa v\u0103 dezv\u0103luim modelele noastre si \u00een showroom: suna\u021bi pentru programare 0747501974.<\/p>","protected":false},"featured_media":14692,"template":"","meta":[],"product_brand":[],"product_cat":[97,141,102],"product_tag":[],"class_list":{"0":"post-14519","1":"product","2":"type-product","3":"status-publish","4":"has-post-thumbnail","6":"product_cat-i--parlor","7":"product_cat-new","8":"product_cat-tops","9":"pa_size-one-size","10":"pif-has-gallery","12":"first","13":"outofstock","14":"shipping-taxable","15":"purchasable","16":"product-type-variable"},"post_mailing_queue_ids":[],"_links":{"self":[{"href":"https:\/\/www.parlor.ro\/ro\/wp-json\/wp\/v2\/product\/14519","targetHints":{"allow":["GET"]}}],"collection":[{"href":"https:\/\/www.parlor.ro\/ro\/wp-json\/wp\/v2\/product"}],"about":[{"href":"https:\/\/www.parlor.ro\/ro\/wp-json\/wp\/v2\/types\/product"}],"wp:featuredmedia":[{"embeddable":true,"href":"https:\/\/www.parlor.ro\/ro\/wp-json\/wp\/v2\/media\/14692"}],"wp:attachment":[{"href":"https:\/\/www.parlor.ro\/ro\/wp-json\/wp\/v2\/media?parent=14519"}],"wp:term":[{"taxonomy":"product_brand","embeddable":true,"href":"https:\/\/www.parlor.ro\/ro\/wp-json\/wp\/v2\/product_brand?post=14519"},{"taxonomy":"product_cat","embeddable":true,"href":"https:\/\/www.parlor.ro\/ro\/wp-json\/wp\/v2\/product_cat?post=14519"},{"taxonomy":"product_tag","embeddable":true,"href":"https:\/\/www.parlor.ro\/ro\/wp-json\/wp\/v2\/product_tag?post=14519"}],"curies":[{"name":"wp","href":"https:\/\/api.w.org\/{rel}","templated":true}]}}