{"id":14526,"date":"2024-09-15T15:48:58","date_gmt":"2024-09-15T12:48:58","guid":{"rendered":"https:\/\/www.parlor.ro\/?post_type=product&#038;p=14526"},"modified":"2025-12-05T14:28:18","modified_gmt":"2025-12-05T11:28:18","slug":"top-desire","status":"publish","type":"product","link":"https:\/\/www.parlor.ro\/ro\/product\/desire-top\/","title":{"rendered":"Desire Top"},"content":{"rendered":"<p>100% bumbac<\/p>\n<p>100% organza de m\u0103tase<\/p>\n<p><strong>Cur\u0103\u021bare uscat\u0103<\/strong><\/p>\n<p>Acest produs este realizat din \u021bes\u0103turi furnizate de produc\u0103tori certifica\u021bi conform standardelor europene.<\/p>\n<p>Imprimeurile sunt realizate cu vopsea ecologic\u0103 OEKO-TEX\u00ae.<\/p>\n<p>Acest produs este testat \u00een atelierul nostru \u0219i nu prezint\u0103 riscuri pentru s\u0103n\u0103tate si siguran\u021ba consumatorului.<\/p>\n<hr style=\"color: #404040; height: 1px;\" \/>\n<p><b style=\"text-align: left; font-size: 1.8em;\" title=\"Desire Top - Topuri pentru femei de designer\"><b style=\"font-weight: normal;\">Desire Top \u2013 Topuri pentru femei de designer<\/b><\/b><br \/>\n<strong style=\"font-weight: normal !important;\">Desire Top<\/strong> &#8211; <i style=\"font-style: normal !important;\">Topuri de dam\u0103 de designer<\/i>. Tricoul Desire roz deschis are o form\u0103 relaxat\u0103, aplicat\u0103 cu o fund\u0103 supradimensionat\u0103 din organza de m\u0103tase contrastant\u0103. Iubesc <a style=\"font-weight: normal !important;\" title=\"I \u2665 Parlor\" href=\"https:\/\/www.parlor.ro\/ro\/\">Parlor<\/a> | \u00cembr\u0103c\u0103minte pentru femei \u0219i mod\u0103 pentru femei. Design Parlor de <b style=\"font-weight: normal !important;\">Veronica Zaharia<\/b>. #ConsciousDesign este nucleul m\u0103rcii noastre. Se traduce prin reinterpretarea articolelor noastre cele mai v\u00e2ndute cu o utilizare minim\u0103 a resurselor. Rochiile noastre \u00eentorc capul, r\u0103coroase f\u0103r\u0103 efort \u0219i pot merge de la zi la sear\u0103 \u00eentr-o clip\u0103. Cum arat\u0103 rochia ta de vis? R\u0103sfoie\u0219te <a style=\"font-weight: normal !important;\" title=\"Parlor Shop\" href=\"https:\/\/www.parlor.ro\/ro\/magazin\/\">Parlor Shop<\/a> (pantaloni, rochii, jachete, salopete, <a style=\"font-weight: normal !important;\" title=\"Topuri de salon\" href=\"https:\/\/www.parlor.ro\/ro\/categorie-produs\/i-%e2%99%a5-salon\/varfuri\/\">topuri<\/a>) \u0219i g\u0103se\u0219te-\u021bi rochia ACUM! Sau vizita\u021bi showroom-ul nostru pentru a v\u0103 g\u0103si rochia perfect\u0103 \/ suna\u021bi pentru programare la 0747501974! Recomand\u0103ri de cump\u0103r\u0103turi pentru tine: <a style=\"font-weight: normal !important;\" title=\"GROOVE TOP\" href=\"https:\/\/www.parlor.ro\/ro\/produs\/top-groove\/\">GROOVE TOP<\/a>, <a style=\"font-weight: normal !important;\" title=\"PANTALONI SCURTI LILY\" href=\"https:\/\/www.parlor.ro\/ro\/produs\/pantaloni-scurti-lily\/\">PANTALONI SCURTI LILY<\/a>. P\u00c2N\u0102 LA 50% REDUCERE Azi!<\/p>","protected":false},"excerpt":{"rendered":"[sales_countdown_timer id=\"salescountdowntimer\"]\n<p>Desire tee light pink comes in a relaxed shape that&#8217;s appliqu\u00e9d with an oversize contrasting silk organza bow.<\/p>\n<p>#MadeinRomania<\/p>\n<p>#FabricatinRomania<\/p>\n<p>We are happy to reveal our designs in our showroom \/ call for appointment 0747501974 .<\/p>\n","protected":false},"featured_media":14905,"template":"","meta":[],"product_brand":[],"product_cat":[97,102],"product_tag":[],"class_list":{"0":"post-14526","1":"product","2":"type-product","3":"status-publish","4":"has-post-thumbnail","6":"product_cat-i--parlor","7":"product_cat-tops","8":"pa_size-one-size","9":"pif-has-gallery","11":"first","12":"instock","13":"shipping-taxable","14":"purchasable","15":"product-type-variable"},"post_mailing_queue_ids":[],"_links":{"self":[{"href":"https:\/\/www.parlor.ro\/ro\/wp-json\/wp\/v2\/product\/14526","targetHints":{"allow":["GET"]}}],"collection":[{"href":"https:\/\/www.parlor.ro\/ro\/wp-json\/wp\/v2\/product"}],"about":[{"href":"https:\/\/www.parlor.ro\/ro\/wp-json\/wp\/v2\/types\/product"}],"wp:featuredmedia":[{"embeddable":true,"href":"https:\/\/www.parlor.ro\/ro\/wp-json\/wp\/v2\/media\/14905"}],"wp:attachment":[{"href":"https:\/\/www.parlor.ro\/ro\/wp-json\/wp\/v2\/media?parent=14526"}],"wp:term":[{"taxonomy":"product_brand","embeddable":true,"href":"https:\/\/www.parlor.ro\/ro\/wp-json\/wp\/v2\/product_brand?post=14526"},{"taxonomy":"product_cat","embeddable":true,"href":"https:\/\/www.parlor.ro\/ro\/wp-json\/wp\/v2\/product_cat?post=14526"},{"taxonomy":"product_tag","embeddable":true,"href":"https:\/\/www.parlor.ro\/ro\/wp-json\/wp\/v2\/product_tag?post=14526"}],"curies":[{"name":"wp","href":"https:\/\/api.w.org\/{rel}","templated":true}]}}