{"id":14608,"date":"2024-11-19T11:18:05","date_gmt":"2024-11-19T08:18:05","guid":{"rendered":"https:\/\/www.parlor.ro\/?post_type=product&#038;p=14608"},"modified":"2025-11-10T13:46:48","modified_gmt":"2025-11-10T10:46:48","slug":"rochie-dulce-3","status":"publish","type":"product","link":"https:\/\/www.parlor.ro\/ro\/product\/sweet-dress-3\/","title":{"rendered":"ROCHIE SWEET"},"content":{"rendered":"<p>100% poliester<\/p>\n<p>C\u0103ptu\u0219eal\u0103 din viscoz\u0103 100%<\/p>\n<p><strong>Sp\u0103lare delicat\u0103 la ma\u0219in\u0103<\/strong><\/p>\n<p>Acest produs este realizat din \u021bes\u0103turi furnizate de produc\u0103tori certifica\u021bi conform standardelor europene.<\/p>\n<p>Imprimeurile sunt realizate cu vopsea ecologic\u0103 OEKO-TEX\u00ae.<\/p>\n<p>Acest produs este testat \u00een atelierul nostru \u0219i nu prezint\u0103 riscuri pentru s\u0103n\u0103tate si siguran\u021ba consumatorului.<\/p>\n<hr style=\"color: #404040; height: 1px;\" \/>\n<p><b style=\"text-align: left; font-size: 1.8em;\" title=\"ROCHIE DULCE - Rochie Premium pentru femei\"><b style=\"font-weight: normal;\">ROCHIE DULCE \u2013 Rochie Premium pentru femei<\/b><\/b><br \/>\n<b style=\"font-weight: normal !important;\">ROCHIE SWEET<\/b> &#8211; <strong style=\"font-weight: normal !important;\">Rochie Premium pentru femei<\/strong>. Rochie mini ivoar, cu funda sub bust, detalii de cusaturi negre si maneca scurta. Inchidere cu fermoar la spate. I love <a style=\"font-weight: normal !important;\" title=\"Parlor\" href=\"https:\/\/www.parlor.ro\/ro\/\">Parlor<\/a> | <i style=\"font-style: normal !important;\">\u00cembr\u0103c\u0103minte pentru femei<\/i> &amp; Moda pentru femei. Design de salon de Veronica Zaharia. #ConsciousDesign este nucleul m\u0103rcii noastre. Se traduce prin reinterpretarea articolelor noastre cele mai v\u00e2ndute cu o utilizare minim\u0103 a resurselor. <a style=\"font-weight: normal !important;\" title=\"Rochiile Parlor\" href=\"https:\/\/www.parlor.ro\/ro\/categorie-produs\/i-%e2%99%a5-salon\/rochii\/\">Rochiile Parlor<\/a> sunt atemporale, usor de purtat, potrivite at\u00e2t ziua c\u00e2t si seara . Cum arat\u0103 rochia ta de vis? R\u0103sfoi\u021bi produsele noastre pentru femei <a style=\"font-weight: normal !important;\" title=\"Viziteaza shop-ul nostru online\" href=\"https:\/\/www.parlor.ro\/ro\/magazin\/\">Viziteaza shop-ul nostru online<\/a> (pantaloni, fuste, rochii, jachete, salopete, topuri) \u0219i g\u0103se\u0219te-\u021bi rochia ACUM! Sau vizita\u021bi showroom-ul nostru pentru a v\u0103 g\u0103si rochia perfect\u0103 \/ suna\u021bi pentru programare la 0747501974! Recomand\u0103ri de cump\u0103r\u0103turi pentru tine: <a style=\"font-weight: normal !important;\" title=\"SALOPETA WILD CHILD\" href=\"https:\/\/www.parlor.ro\/ro\/produs\/salopeta-de-copil-salbatic\/\">SALOPETA WILD CHILD<\/a>, <a style=\"font-weight: normal !important;\" title=\"ROCHIE POWER\" href=\"https:\/\/www.parlor.ro\/ro\/produs\/rochie-putere-2\/\">ROCHIE POWER<\/a>. P\u00c2N\u0102 LA 50% REDUCERE Azi!<\/p>","protected":false},"excerpt":{"rendered":"<div>\n[sales_countdown_timer id=\"salescountdowntimer\"]\n<p>Sweet dress comes with black seams along the fitted bust for a contouring, corset\u2014like effect and a delicious \u00a0bow. This dress is made from deadstock polyester.<\/p>\n<\/div>\n<p>#MadeinRomania<\/p>\n<p>#FabricatinRomania<\/p>\n<p>We are happy to reveal our designs in our showroom \/ call for appointment 0747501974 .<\/p>\n<p><a href=\"https:\/\/www.parlor.ro\/wp-content\/uploads\/size-chart.jpg\">VIEW SIZE CHART<\/a><\/p>\n<p>&nbsp;<\/p>\n","protected":false},"featured_media":14756,"template":"","meta":[],"product_brand":[],"product_cat":[97,99,141],"product_tag":[],"class_list":{"0":"post-14608","1":"product","2":"type-product","3":"status-publish","4":"has-post-thumbnail","6":"product_cat-i--parlor","7":"product_cat-dresses","8":"product_cat-new","9":"pa_size-124","10":"pa_size-74","11":"pa_size-75","12":"pa_size-76","13":"pif-has-gallery","15":"first","16":"instock","17":"sale","18":"featured","19":"shipping-taxable","20":"purchasable","21":"product-type-variable"},"post_mailing_queue_ids":[],"_links":{"self":[{"href":"https:\/\/www.parlor.ro\/ro\/wp-json\/wp\/v2\/product\/14608","targetHints":{"allow":["GET"]}}],"collection":[{"href":"https:\/\/www.parlor.ro\/ro\/wp-json\/wp\/v2\/product"}],"about":[{"href":"https:\/\/www.parlor.ro\/ro\/wp-json\/wp\/v2\/types\/product"}],"wp:featuredmedia":[{"embeddable":true,"href":"https:\/\/www.parlor.ro\/ro\/wp-json\/wp\/v2\/media\/14756"}],"wp:attachment":[{"href":"https:\/\/www.parlor.ro\/ro\/wp-json\/wp\/v2\/media?parent=14608"}],"wp:term":[{"taxonomy":"product_brand","embeddable":true,"href":"https:\/\/www.parlor.ro\/ro\/wp-json\/wp\/v2\/product_brand?post=14608"},{"taxonomy":"product_cat","embeddable":true,"href":"https:\/\/www.parlor.ro\/ro\/wp-json\/wp\/v2\/product_cat?post=14608"},{"taxonomy":"product_tag","embeddable":true,"href":"https:\/\/www.parlor.ro\/ro\/wp-json\/wp\/v2\/product_tag?post=14608"}],"curies":[{"name":"wp","href":"https:\/\/api.w.org\/{rel}","templated":true}]}}