{"id":14613,"date":"2024-11-19T11:27:38","date_gmt":"2024-11-19T08:27:38","guid":{"rendered":"https:\/\/www.parlor.ro\/?post_type=product&#038;p=14613"},"modified":"2026-03-24T13:40:25","modified_gmt":"2026-03-24T10:40:25","slug":"rochie-fard-de-obraz-3","status":"publish","type":"product","link":"https:\/\/www.parlor.ro\/ro\/product\/blush-dress-3\/","title":{"rendered":"ROCHIE BLUSH"},"content":{"rendered":"<p>100% poliester<\/p>\n<p><strong>Sp\u0103lare delicat\u0103 la ma\u0219in\u0103<\/strong><\/p>\n<p>Acest produs este realizat din \u021bes\u0103turi furnizate de produc\u0103tori certifica\u021bi conform standardelor europene.<\/p>\n<p>Imprimeurile sunt realizate cu vopsea ecologic\u0103 OEKO-TEX\u00ae.<\/p>\n<p>Acest produs este testat \u00een atelierul nostru \u0219i nu prezint\u0103 riscuri pentru s\u0103n\u0103tate si siguran\u021ba consumatorului.<\/p>\n<hr style=\"color: #404040; height: 1px;\" \/>\n<p><b style=\"text-align: left; font-size: 1.8em;\" title=\"ROCHIE BLUSH - Rochie fermec\u0103toare pentru femei\"><b style=\"font-weight: normal;\">ROCHIE BLUSH \u2013 Rochie fermec\u0103toare pentru femei<\/b><\/b><br \/>\n<b style=\"font-weight: normal !important;\">ROCHIE BLUSH<\/b> &#8211; <strong style=\"font-weight: normal !important;\">Rochie fermec\u0103toare pentru femei<\/strong>. Rochia Blush midi bej deschis, cu bust decoltat, detaliu de volane peste brate, nasturi negri din catifea si funda in contrast. <i style=\"font-style: normal !important;\">I \u2665 Parlor<\/i> | \u00cembr\u0103c\u0103minte pentru femei \u0219i <a style=\"font-weight: normal !important;\" title=\"Moda pentru femei\" href=\"https:\/\/www.parlor.ro\/ro\/\">Moda pentru femei<\/a>. <a style=\"font-weight: normal !important;\" title=\"Rochiile Parlor\" href=\"https:\/\/www.parlor.ro\/ro\/categorie-produs\/i-%e2%99%a5-salon\/rochii\/\">Parlor<\/a> Design de Veronica Zaharia. #ConsciousDesign este nucleul brandului nostru. El se traduce prin reinterpretarea celor mai bine v\u00e2ndute modele ale noastre, evit\u00e2nd astfel producerea de\u0219eurilor in exces. Rochiile noastre sunt atemporale, usor de purtat, potrivite at\u00e2t ziua c\u00e2t si seara. Cum arat\u0103 rochia ta de vis? R\u0103sfoi\u021bi produsele noastre pentru femei <a style=\"font-weight: normal !important;\" title=\"Magazin de rochii\" href=\"https:\/\/www.parlor.ro\/ro\/magazin\/\">Magazin de rochii<\/a> (pantaloni, fuste, rochii, jachete, salopete, topuri) \u0219i g\u0103se\u0219te-\u021bi rochia ACUM! Sau vizita\u021bi showroom-ul nostru pentru a v\u0103 g\u0103si rochia perfect\u0103 \/ suna\u021bi pentru programare la 0747501974! Recomand\u0103ri de cump\u0103r\u0103turi pentru tine: <a style=\"font-weight: normal !important;\" title=\"ROCHIE SWEET\" href=\"https:\/\/www.parlor.ro\/ro\/produs\/rochie-dulce-3\/\">ROCHIE SWEET<\/a>, <a style=\"font-weight: normal !important;\" title=\"SALOPETA WILD CHILD\" href=\"https:\/\/www.parlor.ro\/ro\/produs\/salopeta-de-copil-salbatic\/\">SALOPETA WILD CHILD<\/a>. P\u00c2N\u0102 LA 50% REDUCERE Azi!<\/p>","protected":false},"excerpt":{"rendered":"<div>\n<p>&nbsp;<\/p>\n<p>Rochie midi bej deschis, cu bust decoltat, detaliu de volane peste brate, nasturi negri din catifea si funda in contrast. Inchidere cu fermoar.<\/p>\n<\/div>\n<p>#MadeinRomania<\/p>\n<p>#FabricatinRomania<\/p>\n<p>Suntem incantati sa v\u0103 dezv\u0103luim modelele noastre si \u00een showroom: suna\u021bi pentru programare 0747501974.<\/p>\n<p><a href=\"https:\/\/www.parlor.ro\/wp-content\/uploads\/size-chart.jpg\">VEZI TABELUL M\u0102RIMILOR<\/a><\/p>","protected":false},"featured_media":14728,"template":"","meta":[],"product_brand":[],"product_cat":[97,99,141],"product_tag":[],"class_list":{"0":"post-14613","1":"product","2":"type-product","3":"status-publish","4":"has-post-thumbnail","6":"product_cat-i--parlor","7":"product_cat-dresses","8":"product_cat-new","9":"pa_size-124","10":"pa_size-74","11":"pa_size-75","12":"pa_size-76","13":"pif-has-gallery","15":"first","16":"outofstock","17":"shipping-taxable","18":"purchasable","19":"product-type-variable"},"post_mailing_queue_ids":[],"_links":{"self":[{"href":"https:\/\/www.parlor.ro\/ro\/wp-json\/wp\/v2\/product\/14613","targetHints":{"allow":["GET"]}}],"collection":[{"href":"https:\/\/www.parlor.ro\/ro\/wp-json\/wp\/v2\/product"}],"about":[{"href":"https:\/\/www.parlor.ro\/ro\/wp-json\/wp\/v2\/types\/product"}],"wp:featuredmedia":[{"embeddable":true,"href":"https:\/\/www.parlor.ro\/ro\/wp-json\/wp\/v2\/media\/14728"}],"wp:attachment":[{"href":"https:\/\/www.parlor.ro\/ro\/wp-json\/wp\/v2\/media?parent=14613"}],"wp:term":[{"taxonomy":"product_brand","embeddable":true,"href":"https:\/\/www.parlor.ro\/ro\/wp-json\/wp\/v2\/product_brand?post=14613"},{"taxonomy":"product_cat","embeddable":true,"href":"https:\/\/www.parlor.ro\/ro\/wp-json\/wp\/v2\/product_cat?post=14613"},{"taxonomy":"product_tag","embeddable":true,"href":"https:\/\/www.parlor.ro\/ro\/wp-json\/wp\/v2\/product_tag?post=14613"}],"curies":[{"name":"wp","href":"https:\/\/api.w.org\/{rel}","templated":true}]}}