{"id":14618,"date":"2024-11-19T14:05:04","date_gmt":"2024-11-19T11:05:04","guid":{"rendered":"https:\/\/www.parlor.ro\/?post_type=product&#038;p=14618"},"modified":"2025-08-13T07:55:17","modified_gmt":"2025-08-13T04:55:17","slug":"rochie-condimentata-4","status":"publish","type":"product","link":"https:\/\/www.parlor.ro\/ro\/product\/spice-dress-4\/","title":{"rendered":"ROCHIE SPICE"},"content":{"rendered":"<p>ROCHIE SPICE<\/p>\n<p>100% poliester deadstock<\/p>\n<p><strong>Cur\u0103\u021bare uscat\u0103<\/strong><\/p>\n<p>Acest produs este realizat din \u021bes\u0103turi furnizate de produc\u0103tori certifica\u021bi conform standardelor europene.<\/p>\n<p>Imprimeurile sunt realizate cu vopsea ecologic\u0103 OEKO-TEX\u00ae.<\/p>\n<p>Acest produs este testat \u00een atelierul nostru \u0219i nu prezint\u0103 riscuri pentru s\u0103n\u0103tate si siguran\u021ba consumatorului.<\/p>\n<hr style=\"color: #404040; height: 1px;\" \/>\n<p><b style=\"text-align: left; font-size: 1.8em;\" title=\"SPICE DRESS - Rochie de dama lucrata manual\"><b style=\"font-weight: normal;\">ROCHIE SPICE \u2013 Rochie de dam\u0103 realizat\u0103 manual<\/b><\/b><br \/>\n<strong style=\"font-weight: normal !important;\">ROCHIE SPICE<\/strong> &#8211; <b style=\"font-weight: normal !important;\">Rochie de dama lucrata manual<\/b>. Rochie midi SPICE, fucsia peliculizat cu patina lucioasa, are fusta plisata prin metoda traditionala si bust cu bretele si funde. Se inchide cu fermoar.\nI Love Parlor | \u00cembr\u0103c\u0103minte pentru femei \u0219i mod\u0103 pentru femei. Design de salon de Veronica Zaharia. #ConsciousDesign este nucleul m\u0103rcii noastre. Se traduce prin reinterpretarea articolelor noastre cele mai v\u00e2ndute cu o utilizare minim\u0103 a resurselor. Rochiile noastre sunt atemporale, usor de purtat, potrivite at\u00e2t ziua c\u00e2t si seara . <i style=\"font-style: normal !important;\">Cum arata rochia visurilor tale?<\/i> R\u0103sfoi\u021bi rochiile noastre pentru femei <a style=\"font-weight: normal !important;\" title=\"Viziteaza shop-ul nostru online\" href=\"https:\/\/www.parlor.ro\/ro\/categorie-produs\/i-%e2%99%a5-salon\/rochii\/\">Parlor Shop<\/a> (fuste, pantaloni, <a style=\"font-weight: normal !important;\" title=\"Rochiile\" href=\"https:\/\/www.parlor.ro\/ro\/magazin\/\">rochii<\/a>, jachete, salopete, topuri) \u0219i g\u0103si\u021bi-v\u0103 preferata <a style=\"font-weight: normal !important;\" title=\"Rochie de dama\" href=\"https:\/\/www.parlor.ro\/ro\/\">.<\/a> ACUM! Sau vizita\u021bi showroom-ul nostru pentru a v\u0103 g\u0103si rochia perfect\u0103 \/ suna\u021bi pentru programare la 0747501974! Recomand\u0103ri de cump\u0103r\u0103turi pentru tine: <a style=\"font-weight: normal !important;\" title=\"ROCHIE PASSION\" href=\"https:\/\/www.parlor.ro\/ro\/produs\/rochie-pasiune\/\">ROCHIE PASSION<\/a>, <a style=\"font-weight: normal !important;\" title=\"ROCHIE HOPE\" href=\"https:\/\/www.parlor.ro\/ro\/produs\/rochie-sper-2\/\">ROCHIE HOPE<\/a>. P\u00c2N\u0102 LA 50% REDUCERE Azi!<\/p>","protected":false},"excerpt":{"rendered":"<div>\n[sales_countdown_timer id=\"salescountdowntimer\"]\n<p>With her hand pleated skirt and heart decoltage, Spice Dress is here to steal the show . \u00a0The dress is made from deadstock polyester.<\/p>\n<\/div>\n<p>#MadeinRomania<\/p>\n<p>#FabricatinRomania<\/p>\n<p>We are happy to reveal our designs in our showroom \/ call for appointment 0747501974 .<\/p>\n<p><a href=\"https:\/\/www.parlor.ro\/wp-content\/uploads\/size-chart.jpg\">VIEW SIZE CHART<\/a><\/p>\n<p>&nbsp;<\/p>\n","protected":false},"featured_media":14718,"template":"","meta":[],"product_brand":[],"product_cat":[97,99,141],"product_tag":[],"class_list":{"0":"post-14618","1":"product","2":"type-product","3":"status-publish","4":"has-post-thumbnail","6":"product_cat-i--parlor","7":"product_cat-dresses","8":"product_cat-new","9":"pa_size-124","10":"pa_size-74","11":"pa_size-75","12":"pa_size-76","13":"pif-has-gallery","15":"first","16":"instock","17":"sale","18":"shipping-taxable","19":"purchasable","20":"product-type-variable"},"post_mailing_queue_ids":[],"_links":{"self":[{"href":"https:\/\/www.parlor.ro\/ro\/wp-json\/wp\/v2\/product\/14618","targetHints":{"allow":["GET"]}}],"collection":[{"href":"https:\/\/www.parlor.ro\/ro\/wp-json\/wp\/v2\/product"}],"about":[{"href":"https:\/\/www.parlor.ro\/ro\/wp-json\/wp\/v2\/types\/product"}],"wp:featuredmedia":[{"embeddable":true,"href":"https:\/\/www.parlor.ro\/ro\/wp-json\/wp\/v2\/media\/14718"}],"wp:attachment":[{"href":"https:\/\/www.parlor.ro\/ro\/wp-json\/wp\/v2\/media?parent=14618"}],"wp:term":[{"taxonomy":"product_brand","embeddable":true,"href":"https:\/\/www.parlor.ro\/ro\/wp-json\/wp\/v2\/product_brand?post=14618"},{"taxonomy":"product_cat","embeddable":true,"href":"https:\/\/www.parlor.ro\/ro\/wp-json\/wp\/v2\/product_cat?post=14618"},{"taxonomy":"product_tag","embeddable":true,"href":"https:\/\/www.parlor.ro\/ro\/wp-json\/wp\/v2\/product_tag?post=14618"}],"curies":[{"name":"wp","href":"https:\/\/api.w.org\/{rel}","templated":true}]}}