{"id":14632,"date":"2024-11-19T14:07:37","date_gmt":"2024-11-19T11:07:37","guid":{"rendered":"https:\/\/www.parlor.ro\/?post_type=product&#038;p=14632"},"modified":"2025-11-10T14:21:46","modified_gmt":"2025-11-10T11:21:46","slug":"rochie-de-dragoste-magenta","status":"publish","type":"product","link":"https:\/\/www.parlor.ro\/ro\/product\/love-dress-magenta\/","title":{"rendered":"ROCHIE LOVE MAGENTA"},"content":{"rendered":"<p>ROCHIE LOVE MAGENTA<\/p>\n<p>100% poliester deadstock<\/p>\n<p><strong>Sp\u0103lare delicat\u0103 la ma\u0219in\u0103<\/strong><\/p>\n<p>Acest produs este realizat din \u021bes\u0103turi furnizate de produc\u0103tori certifica\u021bi conform standardelor europene.<\/p>\n<p>Imprimeurile sunt realizate cu vopsea ecologic\u0103 OEKO-TEX\u00ae.<\/p>\n<p>Acest produs este testat \u00een atelierul nostru \u0219i nu prezint\u0103 riscuri pentru s\u0103n\u0103tate si siguran\u021ba consumatorului.<\/p>\n<hr style=\"color: #404040; height: 1px;\" \/>\n<p><b style=\"text-align: left; font-size: 1.8em;\" title=\"LOVE DRESS MAGENTA - Rochie Trending Femei\"><b style=\"font-weight: normal;\">LOVE DRESS MAGENTA \u2013 Rochie Trending Femei<\/b><\/b><br \/>\n<b style=\"font-weight: normal !important;\">ROCHIE LOVE MAGENTA<\/b> &#8211; <strong style=\"font-weight: normal !important;\">Rochie pentru femei la mod\u0103<\/strong>. <i style=\"font-style: normal !important;\">Rochie maxi LOVE magenta<\/i> cu patina lucioasa, are spate gol, funda la spate si maneci scurte bufante. Se inchide cu fermoar si nasture. I Love Parlor | \u00cembr\u0103c\u0103minte pentru femei \u0219i mod\u0103 pentru femei. Design Parlor de Veronica Zaharia. #ConsciousDesign este nucleul m\u0103rcii noastre. Se traduce prin reinterpretarea articolelor noastre cele mai v\u00e2ndute cu o utilizare minim\u0103 a resurselor. Rochiile noastre sunt atemporale, usor de purtat, potrivite at\u00e2t ziua c\u00e2t si seara. Cum arat\u0103 rochia ta de vis? R\u0103sfoi\u021bi <a style=\"font-weight: normal !important;\" title=\"Magazin Parlor\" href=\"https:\/\/www.parlor.ro\/ro\/magazin\/\">Magazin pentru femei<\/a> (fuste, pantaloni, rochii, jachete, salopete, topuri) \u0219i g\u0103se\u0219te-\u021bi <a style=\"font-weight: normal !important;\" title=\"Rochie de dam\u0103 de salon\" href=\"https:\/\/www.parlor.ro\/ro\/\">Parlor<\/a> ACUM! Sau vizita\u021bi showroom-ul nostru pentru a v\u0103 g\u0103si <a style=\"font-weight: normal !important;\" title=\".\" href=\"https:\/\/www.parlor.ro\/ro\/categorie-produs\/i-%e2%99%a5-salon\/rochii\/\">.<\/a> \/ suna pentru programare 0747501974! Recomand\u0103ri de cump\u0103r\u0103turi pentru tine: <a style=\"font-weight: normal !important;\" title=\"ROCHIE CRUSH\" href=\"https:\/\/www.parlor.ro\/ro\/produs\/rochie-zdrobita-3\/\">ROCHIE CRUSH<\/a>, <a style=\"font-weight: normal !important;\" title=\"ROCHIE SPICE\" href=\"https:\/\/www.parlor.ro\/ro\/produs\/rochie-condimentata-4\/\">ROCHIE SPICE<\/a>. P\u00c2N\u0102 LA 50% REDUCERE Azi!<\/p>","protected":false},"excerpt":{"rendered":"[sales_countdown_timer id=\"salescountdowntimer\"]\n<p>LOVE magenta maxi dress is cut on the bias to skim over the body to create a timeless silhouette.<\/p>\n<p>#MadeinRomania<\/p>\n<p>#FabricatinRomania<\/p>\n<p>We are happy to reveal our designs in our showroom \/ call for appointment 0747501974 .<\/p>\n<p><a href=\"https:\/\/www.parlor.ro\/wp-content\/uploads\/size-chart.jpg\">VIEW SIZE CHART<\/a><\/p>\n<p>&nbsp;<\/p>\n","protected":false},"featured_media":14698,"template":"","meta":[],"product_brand":[],"product_cat":[97,99,141],"product_tag":[],"class_list":{"0":"post-14632","1":"product","2":"type-product","3":"status-publish","4":"has-post-thumbnail","6":"product_cat-i--parlor","7":"product_cat-dresses","8":"product_cat-new","9":"pa_size-124","10":"pa_size-74","11":"pa_size-75","12":"pif-has-gallery","14":"first","15":"instock","16":"sale","17":"shipping-taxable","18":"purchasable","19":"product-type-variable"},"post_mailing_queue_ids":[],"_links":{"self":[{"href":"https:\/\/www.parlor.ro\/ro\/wp-json\/wp\/v2\/product\/14632","targetHints":{"allow":["GET"]}}],"collection":[{"href":"https:\/\/www.parlor.ro\/ro\/wp-json\/wp\/v2\/product"}],"about":[{"href":"https:\/\/www.parlor.ro\/ro\/wp-json\/wp\/v2\/types\/product"}],"wp:featuredmedia":[{"embeddable":true,"href":"https:\/\/www.parlor.ro\/ro\/wp-json\/wp\/v2\/media\/14698"}],"wp:attachment":[{"href":"https:\/\/www.parlor.ro\/ro\/wp-json\/wp\/v2\/media?parent=14632"}],"wp:term":[{"taxonomy":"product_brand","embeddable":true,"href":"https:\/\/www.parlor.ro\/ro\/wp-json\/wp\/v2\/product_brand?post=14632"},{"taxonomy":"product_cat","embeddable":true,"href":"https:\/\/www.parlor.ro\/ro\/wp-json\/wp\/v2\/product_cat?post=14632"},{"taxonomy":"product_tag","embeddable":true,"href":"https:\/\/www.parlor.ro\/ro\/wp-json\/wp\/v2\/product_tag?post=14632"}],"curies":[{"name":"wp","href":"https:\/\/api.w.org\/{rel}","templated":true}]}}