{"id":14636,"date":"2024-11-19T14:13:21","date_gmt":"2024-11-19T11:13:21","guid":{"rendered":"https:\/\/www.parlor.ro\/?post_type=product&#038;p=14636"},"modified":"2025-11-10T14:22:05","modified_gmt":"2025-11-10T11:22:05","slug":"rochie-de-dragoste-rosie","status":"publish","type":"product","link":"https:\/\/www.parlor.ro\/ro\/product\/love-dress-red\/","title":{"rendered":"ROCHIE LOVE ROSIE"},"content":{"rendered":"<p>ROCHIE LOVE ROSIE<\/p>\n<p>100% poliester deadstock<\/p>\n<p><strong>Sp\u0103lare delicat\u0103 la ma\u0219in\u0103<\/strong><\/p>\n<p>Acest produs este realizat din \u021bes\u0103turi furnizate de produc\u0103tori certifica\u021bi conform standardelor europene.<\/p>\n<p>Imprimeurile sunt realizate cu vopsea ecologic\u0103 OEKO-TEX\u00ae.<\/p>\n<p>Acest produs este testat \u00een atelierul nostru \u0219i nu prezint\u0103 riscuri pentru s\u0103n\u0103tate si siguran\u021ba consumatorului.<\/p>\n<hr style=\"color: #404040; height: 1px;\" \/>\n<p><b style=\"text-align: left; font-size: 1.8em;\" title=\"LOVE DRESS RED - Rochie de dama Parlor\"><b style=\"font-weight: normal;\">LOVE DRESS RED \u2013 Rochie de dam\u0103 Parlor<\/b><\/b><br \/>\n<b style=\"font-weight: normal !important;\">ROCHIE LOVE ROSIE<\/b> &#8211; <a style=\"font-weight: normal !important;\" title=\"Rochie de dam\u0103 de salon\" href=\"https:\/\/www.parlor.ro\/ro\/\">Rochie Parlor<\/a>. Rochia maxi ro\u0219ie LOVE este decupat\u0103 pe bias pentru a trece peste corp pentru a crea o siluet\u0103 atemporal\u0103. <strong style=\"font-weight: normal !important;\">I \u2665 Parlor<\/strong> | \u00cembr\u0103c\u0103minte pentru femei \u0219i mod\u0103 pentru femei <i style=\"font-style: normal !important;\">Crea\u021biile Parlor<\/i> de Veronica Zaharia. #ConsciousDesign este nucleul brandului nostru. El se traduce prin reinterpretarea celor mai bine v\u00e2ndute modele ale noastre, evit\u00e2nd astfel producerea de\u0219eurilor in exces.. Rochiile <a style=\"font-weight: normal !important;\" title=\"Magazin de rochii\" href=\"https:\/\/www.parlor.ro\/ro\/magazin\/\">rochii<\/a>sunt atemporale, usor de purtat, potrivite at\u00e2t ziua c\u00e2t si seara . Cum arat\u0103 rochia ta de vis? R\u0103sfoi\u021bi <a style=\"font-weight: normal !important;\" title=\"Rochii de dama\" href=\"https:\/\/www.parlor.ro\/ro\/categorie-produs\/i-%e2%99%a5-salon\/rochii\/\">Rochii de dama<\/a> Cump\u0103r\u0103 \u0219i g\u0103se\u0219te-\u021bi rochia ACUM! Sau vizita\u021bi showroom-ul nostru pentru a g\u0103si rochia de vis \/ sun\u0103 pentru programare 0747501974! Recomand\u0103ri de cump\u0103r\u0103turi pentru tine: <a style=\"font-weight: normal !important;\" title=\"ROCHIE LOVE MAGENTA\" href=\"https:\/\/www.parlor.ro\/ro\/produs\/rochie-de-dragoste-magenta\/\">ROCHIE LOVE MAGENTA<\/a>, <a style=\"font-weight: normal !important;\" title=\"ROCHIE CRUSH\" href=\"https:\/\/www.parlor.ro\/ro\/produs\/rochie-zdrobita-3\/\">ROCHIE CRUSH<\/a>. P\u00c2N\u0102 LA 50% REDUCERE Azi!<\/p>","protected":false},"excerpt":{"rendered":"[sales_countdown_timer id=\"salescountdowntimer\"]\n<p>LOVE red maxi dress is cut on the bias to skim over the body to create a timeless silhouette.<\/p>\n<p>#MadeinRomania<\/p>\n<p>#FabricatinRomania<\/p>\n<p>We are happy to reveal our designs in our showroom \/ call for appointment 0747501974 .<\/p>\n<p><a href=\"https:\/\/www.parlor.ro\/wp-content\/uploads\/size-chart.jpg\">VIEW SIZE CHART<\/a><\/p>\n","protected":false},"featured_media":14700,"template":"","meta":[],"product_brand":[],"product_cat":[97,99,141],"product_tag":[],"class_list":{"0":"post-14636","1":"product","2":"type-product","3":"status-publish","4":"has-post-thumbnail","6":"product_cat-i--parlor","7":"product_cat-dresses","8":"product_cat-new","9":"pa_size-124","10":"pa_size-74","11":"pa_size-75","12":"pif-has-gallery","14":"first","15":"instock","16":"sale","17":"featured","18":"shipping-taxable","19":"purchasable","20":"product-type-variable"},"post_mailing_queue_ids":[],"_links":{"self":[{"href":"https:\/\/www.parlor.ro\/ro\/wp-json\/wp\/v2\/product\/14636","targetHints":{"allow":["GET"]}}],"collection":[{"href":"https:\/\/www.parlor.ro\/ro\/wp-json\/wp\/v2\/product"}],"about":[{"href":"https:\/\/www.parlor.ro\/ro\/wp-json\/wp\/v2\/types\/product"}],"wp:featuredmedia":[{"embeddable":true,"href":"https:\/\/www.parlor.ro\/ro\/wp-json\/wp\/v2\/media\/14700"}],"wp:attachment":[{"href":"https:\/\/www.parlor.ro\/ro\/wp-json\/wp\/v2\/media?parent=14636"}],"wp:term":[{"taxonomy":"product_brand","embeddable":true,"href":"https:\/\/www.parlor.ro\/ro\/wp-json\/wp\/v2\/product_brand?post=14636"},{"taxonomy":"product_cat","embeddable":true,"href":"https:\/\/www.parlor.ro\/ro\/wp-json\/wp\/v2\/product_cat?post=14636"},{"taxonomy":"product_tag","embeddable":true,"href":"https:\/\/www.parlor.ro\/ro\/wp-json\/wp\/v2\/product_tag?post=14636"}],"curies":[{"name":"wp","href":"https:\/\/api.w.org\/{rel}","templated":true}]}}