{"id":14644,"date":"2024-11-19T14:25:42","date_gmt":"2024-11-19T11:25:42","guid":{"rendered":"https:\/\/www.parlor.ro\/?post_type=product&#038;p=14644"},"modified":"2025-11-12T22:23:14","modified_gmt":"2025-11-12T19:23:14","slug":"rochie-de-dragoste-aqua-inchis","status":"publish","type":"product","link":"https:\/\/www.parlor.ro\/ro\/product\/love-dress-dark-aqua\/","title":{"rendered":"ROCHIE LOVE DARK AQUA"},"content":{"rendered":"<p>ROCHIE LOVE DARK AQUA<\/p>\n<p>100% poliester deadstock<\/p>\n<p><strong>Sp\u0103lare delicat\u0103 la ma\u0219in\u0103<\/strong><\/p>\n<p>Acest produs este realizat din \u021bes\u0103turi furnizate de produc\u0103tori certifica\u021bi conform standardelor europene.<\/p>\n<p>Imprimeurile sunt realizate cu vopsea ecologic\u0103 OEKO-TEX\u00ae.<\/p>\n<p>Acest produs este testat \u00een atelierul nostru \u0219i nu prezint\u0103 riscuri pentru s\u0103n\u0103tate si siguran\u021ba consumatorului.<\/p>\n<hr style=\"color: #404040; height: 1px;\" \/>\n<p><b style=\"text-align: left; font-size: 1.8em;\" title=\"LOVE DRESS DARK AQUA - Rochie de designer pentru femei\"><b style=\"font-weight: normal;\">LOVE DRESS DARK AQUA \u2013 Rochie de designer pentru femei<\/b><\/b><br \/>\n<strong style=\"font-weight: normal !important;\">ROCHIE LOVE DARK AQUA<\/strong> &#8211; <b style=\"font-weight: normal !important;\">Rochie de designer pentru femei<\/b>. Rochia maxi cu trena, turcoaz peliculizat cu patina lucioasa, are spate gol, funda la spate si maneci scurte bufante. I Love Parlor | \u00cembr\u0103c\u0103minte pentru femei \u0219i <a style=\"font-weight: normal !important;\" title=\"Moda pentru femei\" href=\"https:\/\/www.parlor.ro\/ro\/\">Moda pentru femei<\/a>. Design Parlor de Veronica Zaharia. <i style=\"font-style: normal !important;\">#ConsciousDesign<\/i> este nucleul brandului nostru. Se traduce prin reinterpretarea articolelor noastre cele mai v\u00e2ndute cu o utilizare minim\u0103 a resurselor. <a style=\"font-weight: normal !important;\" title=\"rochii\" href=\"https:\/\/www.parlor.ro\/ro\/categorie-produs\/i-%e2%99%a5-salon\/rochii\/\">rochii<\/a> sunt atemporale, usor de purtat, potrivite at\u00e2t ziua c\u00e2t si seara . Cum arat\u0103 rochia ta de vis? R\u0103sfoi\u021bi produsele noastre pentru femei <a style=\"font-weight: normal !important;\" title=\"Magazin de femei\" href=\"https:\/\/www.parlor.ro\/ro\/magazin\/\">aici<\/a> \u0219i g\u0103se\u0219te-\u021bi rochia ACUM! Sau vizita\u021bi showroom-ul nostru pentru a g\u0103si rochia de vis \/ sun\u0103 pentru programare 0747501974! Recomand\u0103ri de cump\u0103r\u0103turi pentru tine: <a style=\"font-weight: normal !important;\" title=\"ROCHIE LOVE CAMEL\" href=\"https:\/\/www.parlor.ro\/ro\/produs\/rochie-de-dragoste-camel\/\">ROCHIE LOVE CAMEL<\/a>, <a style=\"font-weight: normal !important;\" title=\"ROCHIE LOVE ROSIE\" href=\"https:\/\/www.parlor.ro\/ro\/produs\/rochie-de-dragoste-rosie\/\">ROCHIE LOVE ROSIE<\/a>. P\u00c2N\u0102 LA 50% REDUCERE Azi!<\/p>","protected":false},"excerpt":{"rendered":"[sales_countdown_timer id=\"salescountdowntimer\"]\n<p>LOVE dark aqua maxi dress is cut on the bias to skim over the body to create a timeless silhouette.<\/p>\n<p>#MadeinRomania<\/p>\n<p>#FabricatinRomania<\/p>\n<p>We are happy to reveal our designs in our showroom \/ call for appointment 0747501974 .<\/p>\n<p><a href=\"https:\/\/www.parlor.ro\/wp-content\/uploads\/size-chart.jpg\">VIEW SIZE CHART<\/a><\/p>\n","protected":false},"featured_media":14704,"template":"","meta":[],"product_brand":[],"product_cat":[97,99],"product_tag":[],"class_list":{"0":"post-14644","1":"product","2":"type-product","3":"status-publish","4":"has-post-thumbnail","6":"product_cat-i--parlor","7":"product_cat-dresses","8":"pa_size-124","9":"pa_size-74","10":"pa_size-75","11":"pif-has-gallery","13":"first","14":"instock","15":"sale","16":"shipping-taxable","17":"purchasable","18":"product-type-variable"},"post_mailing_queue_ids":[],"_links":{"self":[{"href":"https:\/\/www.parlor.ro\/ro\/wp-json\/wp\/v2\/product\/14644","targetHints":{"allow":["GET"]}}],"collection":[{"href":"https:\/\/www.parlor.ro\/ro\/wp-json\/wp\/v2\/product"}],"about":[{"href":"https:\/\/www.parlor.ro\/ro\/wp-json\/wp\/v2\/types\/product"}],"wp:featuredmedia":[{"embeddable":true,"href":"https:\/\/www.parlor.ro\/ro\/wp-json\/wp\/v2\/media\/14704"}],"wp:attachment":[{"href":"https:\/\/www.parlor.ro\/ro\/wp-json\/wp\/v2\/media?parent=14644"}],"wp:term":[{"taxonomy":"product_brand","embeddable":true,"href":"https:\/\/www.parlor.ro\/ro\/wp-json\/wp\/v2\/product_brand?post=14644"},{"taxonomy":"product_cat","embeddable":true,"href":"https:\/\/www.parlor.ro\/ro\/wp-json\/wp\/v2\/product_cat?post=14644"},{"taxonomy":"product_tag","embeddable":true,"href":"https:\/\/www.parlor.ro\/ro\/wp-json\/wp\/v2\/product_tag?post=14644"}],"curies":[{"name":"wp","href":"https:\/\/api.w.org\/{rel}","templated":true}]}}