{"id":14800,"date":"2024-11-11T11:17:50","date_gmt":"2024-11-11T08:17:50","guid":{"rendered":"https:\/\/www.parlor.ro\/?post_type=product&#038;p=14800"},"modified":"2025-12-05T14:26:57","modified_gmt":"2025-12-05T11:26:57","slug":"salopeta-de-copil-salbatic","status":"publish","type":"product","link":"https:\/\/www.parlor.ro\/ro\/product\/wild-child-jumpsuit\/","title":{"rendered":"SALOPETA WILD CHILD"},"content":{"rendered":"<div>\n<p>75% poliester, 25% poliester reciclat<\/p>\n<\/div>\n<p><strong>Cur\u0103\u021bare uscat\u0103<\/strong><\/p>\n<p>Acest produs este realizat din \u021bes\u0103turi furnizate de produc\u0103tori certifica\u021bi conform standardelor europene.<\/p>\n<p>Imprimeurile sunt realizate cu vopsea ecologic\u0103 OEKO-TEX\u00ae.<\/p>\n<p>Acest produs este testat \u00een atelierul nostru \u0219i nu prezint\u0103 riscuri pentru s\u0103n\u0103tate si siguran\u021ba consumatorului.<\/p>\n<hr style=\"color: #404040; height: 1px;\" \/>\n<p><b style=\"text-align: left; font-size: 1.8em;\" title=\"WILD CHILD JUMPSUIT - Salopete de dama Parlor\"><b style=\"font-weight: normal;\">WILD CHILD JUMPSUIT \u2013 Salopete de dam\u0103 Parlor<\/b><\/b><br \/>\n<b style=\"font-weight: normal !important;\">SALOPETA WILD CHILD<\/b> &#8211; <strong style=\"font-weight: normal !important;\">Salopete de dam\u0103 de salon<\/strong>. Salopeta Wild Child neagra, fluida, cu volan dublu pe bust, pantaloni bufanti si elastic in talie. <i style=\"font-style: normal !important;\">I \u2665 Parlor<\/i> | <a style=\"font-weight: normal !important;\" title=\"\u00cembr\u0103c\u0103minte pentru femei\" href=\"https:\/\/www.parlor.ro\/ro\/\">\u00cembr\u0103c\u0103minte pentru femei<\/a> &amp; Moda pentru femei. Design Parlor de Veronica Zaharia. #ConsciousDesign este nucleul m\u0103rcii noastre. Se traduce prin reinterpretarea articolelor noastre cele mai v\u00e2ndute cu o utilizare minim\u0103 a resurselor.  Rochiile noastre sunt atemporale, usor de purtat, potrivite at\u00e2t ziua c\u00e2t si seara. Cum arat\u0103 rochia ta de vis? R\u0103sfoie\u0219te <a style=\"font-weight: normal !important;\" title=\"Magazin de rochii de dama\" href=\"https:\/\/www.parlor.ro\/ro\/magazin\/\">magazinul online I \u2665 Parlor<\/a> (pantaloni, rochii, jachete, <a style=\"font-weight: normal !important;\" title=\"per total\" href=\"https:\/\/www.parlor.ro\/ro\/categorie-produs\/i-%e2%99%a5-salon\/per-total\/\">per total<\/a>, topuri) \u0219i g\u0103se\u0219te-\u021bi rochia ACUM! Sau vizita\u021bi showroom-ul nostru pentru a v\u0103 g\u0103si rochia perfect\u0103 \/ suna\u021bi pentru programare la 0747501974! Recomand\u0103ri de cump\u0103r\u0103turi pentru tine: <a style=\"font-weight: normal !important;\" title=\"SET KIMONO JUNGLE\" href=\"https:\/\/www.parlor.ro\/ro\/produs\/set-de-kimono-jungle\/\">SET KIMONO JUNGLE<\/a>, <a style=\"font-weight: normal !important;\" title=\"SET KIMONO SEASHORE\" href=\"https:\/\/www.parlor.ro\/ro\/produs\/copie-set-kimono-seashore\/\">SET KIMONO SEASHORE<\/a>). P\u00c2N\u0102 LA 50% REDUCERE Azi!<\/p>","protected":false},"excerpt":{"rendered":"[sales_countdown_timer id=\"salescountdowntimer\"]\n<p>Wild Child has wide legs that taper at the cuffs, cinched at the waist and oversize ruffle along the bust line.<\/p>\n<p>&nbsp;<\/p>\n<p>#MADEinROMANIA<\/p>\n<p>#FABRICATinROMANIA<\/p>\n<p><a href=\"https:\/\/www.parlor.ro\/wp-content\/uploads\/size-chart.jpg\">View size chart<\/a><\/p>\n","protected":false},"featured_media":14765,"template":"","meta":[],"product_brand":[],"product_cat":[97,141,109],"product_tag":[],"class_list":{"0":"post-14800","1":"product","2":"type-product","3":"status-publish","4":"has-post-thumbnail","6":"product_cat-i--parlor","7":"product_cat-new","8":"product_cat-overall","9":"pa_size-124","10":"pa_size-74","11":"pa_size-75","12":"pa_size-76","13":"pif-has-gallery","15":"first","16":"instock","17":"sale","18":"shipping-taxable","19":"purchasable","20":"product-type-variable"},"post_mailing_queue_ids":[],"_links":{"self":[{"href":"https:\/\/www.parlor.ro\/ro\/wp-json\/wp\/v2\/product\/14800","targetHints":{"allow":["GET"]}}],"collection":[{"href":"https:\/\/www.parlor.ro\/ro\/wp-json\/wp\/v2\/product"}],"about":[{"href":"https:\/\/www.parlor.ro\/ro\/wp-json\/wp\/v2\/types\/product"}],"wp:featuredmedia":[{"embeddable":true,"href":"https:\/\/www.parlor.ro\/ro\/wp-json\/wp\/v2\/media\/14765"}],"wp:attachment":[{"href":"https:\/\/www.parlor.ro\/ro\/wp-json\/wp\/v2\/media?parent=14800"}],"wp:term":[{"taxonomy":"product_brand","embeddable":true,"href":"https:\/\/www.parlor.ro\/ro\/wp-json\/wp\/v2\/product_brand?post=14800"},{"taxonomy":"product_cat","embeddable":true,"href":"https:\/\/www.parlor.ro\/ro\/wp-json\/wp\/v2\/product_cat?post=14800"},{"taxonomy":"product_tag","embeddable":true,"href":"https:\/\/www.parlor.ro\/ro\/wp-json\/wp\/v2\/product_tag?post=14800"}],"curies":[{"name":"wp","href":"https:\/\/api.w.org\/{rel}","templated":true}]}}