{"id":14920,"date":"2025-01-10T15:28:02","date_gmt":"2025-01-10T12:28:02","guid":{"rendered":"https:\/\/www.parlor.ro\/?post_type=product&#038;p=14920"},"modified":"2025-09-11T12:27:51","modified_gmt":"2025-09-11T09:27:51","slug":"rochie-briza-2","status":"publish","type":"product","link":"https:\/\/www.parlor.ro\/ro\/product\/breeze-dress-2\/","title":{"rendered":"ROCHIE BREEZE"},"content":{"rendered":"<p>100% poliester deadstock<\/p>\n<p><strong>Cur\u0103\u021bare uscat\u0103<\/strong><\/p>\n<p>Acest produs este realizat din \u021bes\u0103turi furnizate de produc\u0103tori certifica\u021bi conform standardelor europene.<\/p>\n<p>Imprimeurile sunt realizate cu vopsea ecologic\u0103 OEKO-TEX\u00ae.<\/p>\n<p>Acest produs este testat \u00een atelierul nostru \u0219i nu prezint\u0103 riscuri pentru s\u0103n\u0103tate si siguran\u021ba consumatorului.<\/p>\n<hr style=\"color: #404040; height: 1px;\" \/>\n<p><b style=\"text-align: left; font-size: 1.8em;\" title=\"ROCHIE BREEZE - Rochie elegant\u0103 pentru femei\"><b style=\"font-weight: normal;\">ROCHIE BREEZE \u2013 Rochie elegant\u0103 pentru femei<\/b><\/b><br \/>\n<b style=\"font-weight: normal !important;\">ROCHIE BREEZE<\/b> &#8211; <strong style=\"font-weight: normal !important;\">Rochie elegant\u0103 pentru femei<\/strong>. \u0219i crepon plisat \u0219i fund\u0103 grogr\u00e9n contrastant\u0103. O vei iubi! I Love Parlour | \u00cembr\u0103c\u0103minte pentru femei \u0219i mod\u0103 pentru femei. <i style=\"font-style: normal !important;\">Crea\u021biile Parlor<\/i> de <a style=\"font-weight: normal !important;\" title=\"Veronica Zaharia\" href=\"https:\/\/www.parlor.ro\/ro\/\">Veronica Zaharia<\/a>.#ConsciousDesign este nucleul brandului nostru. El se traduce prin reinterpretarea celor mai bine v\u00e2ndute modele ale noastre, evit\u00e2nd astfel producerea de\u0219eurilor in exces. Cum arat\u0103 rochia ta de vis? R\u0103sfoi\u021bi rochiile noastre pentru femei <a style=\"font-weight: normal !important;\" title=\"Magazin de designer\" href=\"https:\/\/www.parlor.ro\/ro\/magazin\/\">Parlor Shop<\/a> \u0219i g\u0103se\u0219te-\u021bi <a style=\"font-weight: normal !important;\" title=\"Rochia Veronica\" href=\"https:\/\/www.parlor.ro\/ro\/categorie-produs\/i-%e2%99%a5-salon\/rochii\/\">.<\/a> ACUM! Sau vizita\u021bi showroom-ul nostru pentru a g\u0103si rochia de vis \/ sun\u0103 pentru programare 0747501974! Recomand\u0103ri de cump\u0103r\u0103turi pentru tine: <a style=\"font-weight: normal !important;\" title=\"ROCHIE GRACEFUL\" href=\"https:\/\/www.parlor.ro\/ro\/produs\/rochie-gratioasa-2\/\">ROCHIE GRACEFUL<\/a>, <a style=\"font-weight: normal !important;\" title=\"ROCHIE LOVE DARK AQUA\" href=\"https:\/\/www.parlor.ro\/ro\/produs\/rochie-de-dragoste-aqua-inchis\/\">ROCHIE LOVE DARK AQUA<\/a>. Cel mai bun pre\u021b ast\u0103zi! P\u00c2N\u0102 LA 50% OFF!<\/p>","protected":false},"excerpt":{"rendered":"[sales_countdown_timer id=\"salescountdowntimer\"]\n<p>Hand pleated crepe and contrasting grosgrain bow. You will love her!<\/p>\n<p>#MadeinRomania<\/p>\n<p>#FabricatinRomania<\/p>\n<p>We are happy to reveal our designs in our showroom \/ call for appointment 0747501974 .<\/p>\n<p>&nbsp;<\/p>\n<p><a href=\"https:\/\/www.parlor.ro\/wp-content\/uploads\/size-chart.jpg\">VIEW SIZE CHART<\/a><\/p>\n","protected":false},"featured_media":14860,"template":"","meta":[],"product_brand":[],"product_cat":[97,99,141],"product_tag":[],"class_list":{"0":"post-14920","1":"product","2":"type-product","3":"status-publish","4":"has-post-thumbnail","6":"product_cat-i--parlor","7":"product_cat-dresses","8":"product_cat-new","9":"pa_size-124","10":"pa_size-74","11":"pa_size-75","12":"pa_size-76","13":"pif-has-gallery","15":"first","16":"instock","17":"sale","18":"shipping-taxable","19":"purchasable","20":"product-type-variable"},"post_mailing_queue_ids":[],"_links":{"self":[{"href":"https:\/\/www.parlor.ro\/ro\/wp-json\/wp\/v2\/product\/14920","targetHints":{"allow":["GET"]}}],"collection":[{"href":"https:\/\/www.parlor.ro\/ro\/wp-json\/wp\/v2\/product"}],"about":[{"href":"https:\/\/www.parlor.ro\/ro\/wp-json\/wp\/v2\/types\/product"}],"wp:featuredmedia":[{"embeddable":true,"href":"https:\/\/www.parlor.ro\/ro\/wp-json\/wp\/v2\/media\/14860"}],"wp:attachment":[{"href":"https:\/\/www.parlor.ro\/ro\/wp-json\/wp\/v2\/media?parent=14920"}],"wp:term":[{"taxonomy":"product_brand","embeddable":true,"href":"https:\/\/www.parlor.ro\/ro\/wp-json\/wp\/v2\/product_brand?post=14920"},{"taxonomy":"product_cat","embeddable":true,"href":"https:\/\/www.parlor.ro\/ro\/wp-json\/wp\/v2\/product_cat?post=14920"},{"taxonomy":"product_tag","embeddable":true,"href":"https:\/\/www.parlor.ro\/ro\/wp-json\/wp\/v2\/product_tag?post=14920"}],"curies":[{"name":"wp","href":"https:\/\/api.w.org\/{rel}","templated":true}]}}