{"id":14928,"date":"2025-01-12T12:36:43","date_gmt":"2025-01-12T09:36:43","guid":{"rendered":"https:\/\/www.parlor.ro\/?post_type=product&#038;p=14928"},"modified":"2025-12-10T13:15:50","modified_gmt":"2025-12-10T10:15:50","slug":"rochie-boema-3","status":"publish","type":"product","link":"https:\/\/www.parlor.ro\/ro\/product\/bohemian-dress-3\/","title":{"rendered":"ROCHIE BOHEMIAN"},"content":{"rendered":"<p>100% poliester deadstock<\/p>\n<p>Imprimare OEKO-TEX\u00ae Standard 100<\/p>\n<p><strong>Sp\u0103lare delicat\u0103 la ma\u0219in\u0103<\/strong><\/p>\n<p>Modelul poart\u0103 m\u0103rimea 36.<\/p>\n<p>Acest produs este realizat din \u021bes\u0103turi furnizate de produc\u0103tori certifica\u021bi conform standardelor europene.<\/p>\n<p>Imprimeurile sunt realizate cu vopsea ecologic\u0103 OEKO-TEX\u00ae.<\/p>\n<p>Acest produs este testat \u00een atelierul nostru \u0219i nu prezint\u0103 riscuri pentru s\u0103n\u0103tate si siguran\u021ba consumatorului.<\/p>\n<hr style=\"color: #404040; height: 1px;\" \/>\n<p><b style=\"text-align: left; font-size: 1.8em;\" title=\"ROCHIE BOHEMIAN - Rochie de dama colectie\"><b style=\"font-weight: normal;\">ROCHIE BOHEMIAN \u2013 Colectie Rochie Dama<\/b><\/b><br \/>\n<b style=\"font-weight: normal !important;\">ROCHIE BOHEMIAN<\/b> &#8211; <i style=\"font-style: normal !important;\">Rochii de dama<\/i>. Rochia Bohemian  imprimata cu saruturi, in contrast are guler si volane negre, m\u00e2neci scurte bufante si crapaturi pe cusaturile laterale. I Love Parlor | Femei <a style=\"font-weight: normal !important;\" title=\"\u00cembr\u0103c\u0103minte pentru femei \" href=\"https:\/\/www.parlor.ro\/ro\/\">\u00cembr\u0103c\u0103minte pentru femei<\/a> &amp; Moda pentru femei. Design Parlor de <strong style=\"font-weight: normal !important;\">Veronica Zaharia<\/strong>.#ConsciousDesign este nucleul brandului nostru. El se traduce prin reinterpretarea celor mai bine v\u00e2ndute modele ale noastre, evit\u00e2nd astfel producerea de\u0219eurilor in exces. Cum arat\u0103 rochia ta de vis? R\u0103sfoi\u021bi rochiile noastre pentru femei <a style=\"font-weight: normal !important;\" title=\"Viziteaza shop-ul nostru online\" href=\"https:\/\/www.parlor.ro\/ro\/magazin\/\">Parlor Shop<\/a> \u0219i g\u0103se\u0219te-\u021bi <a style=\"font-weight: normal !important;\" title=\"Rochia ta\" href=\"https:\/\/www.parlor.ro\/ro\/categorie-produs\/i-%e2%99%a5-salon\/rochii\/\">.<\/a> ACUM! Sau vizita\u021bi showroom-ul nostru pentru a g\u0103si rochia de vis \/ sun\u0103 pentru programare 0747501974! Recomand\u0103ri de cump\u0103r\u0103turi pentru tine: <a style=\"font-weight: normal !important;\" title=\"ROCHIE BREEZE\" href=\"https:\/\/www.parlor.ro\/ro\/produs\/rochie-briza-2\/\">ROCHIE BREEZE<\/a>, <a style=\"font-weight: normal !important;\" title=\"ROCHIE GRACEFUL\" href=\"https:\/\/www.parlor.ro\/ro\/produs\/rochie-gratioasa-2\/\">ROCHIE GRACEFUL<\/a>. P\u00c2N\u0102 LA 50% REDUCERE Azi!<\/p>","protected":false},"excerpt":{"rendered":"[sales_countdown_timer id=\"salescountdowntimer\"]\n<p>Bohemian dress is kiss printed, with contrasting black ruffles and collar, \u00a0puffy sleeves and a sexy side slit.<\/p>\n<p>#MadeinRomania<\/p>\n<p>#FabricatinRomania<\/p>\n<p>We are happy to reveal our designs in our showroom \/ call for appointment 0747501974 .<\/p>\n<p><a href=\"https:\/\/www.parlor.ro\/wp-content\/uploads\/size-chart.jpg\">VIEW SIZE CHART<\/a><\/p>\n","protected":false},"featured_media":14883,"template":"","meta":[],"product_brand":[],"product_cat":[97,99],"product_tag":[],"class_list":{"0":"post-14928","1":"product","2":"type-product","3":"status-publish","4":"has-post-thumbnail","6":"product_cat-i--parlor","7":"product_cat-dresses","8":"pa_size-124","9":"pa_size-74","10":"pa_size-75","11":"pa_size-76","12":"pif-has-gallery","14":"first","15":"instock","16":"sale","17":"shipping-taxable","18":"purchasable","19":"product-type-variable"},"post_mailing_queue_ids":[],"_links":{"self":[{"href":"https:\/\/www.parlor.ro\/ro\/wp-json\/wp\/v2\/product\/14928","targetHints":{"allow":["GET"]}}],"collection":[{"href":"https:\/\/www.parlor.ro\/ro\/wp-json\/wp\/v2\/product"}],"about":[{"href":"https:\/\/www.parlor.ro\/ro\/wp-json\/wp\/v2\/types\/product"}],"wp:featuredmedia":[{"embeddable":true,"href":"https:\/\/www.parlor.ro\/ro\/wp-json\/wp\/v2\/media\/14883"}],"wp:attachment":[{"href":"https:\/\/www.parlor.ro\/ro\/wp-json\/wp\/v2\/media?parent=14928"}],"wp:term":[{"taxonomy":"product_brand","embeddable":true,"href":"https:\/\/www.parlor.ro\/ro\/wp-json\/wp\/v2\/product_brand?post=14928"},{"taxonomy":"product_cat","embeddable":true,"href":"https:\/\/www.parlor.ro\/ro\/wp-json\/wp\/v2\/product_cat?post=14928"},{"taxonomy":"product_tag","embeddable":true,"href":"https:\/\/www.parlor.ro\/ro\/wp-json\/wp\/v2\/product_tag?post=14928"}],"curies":[{"name":"wp","href":"https:\/\/api.w.org\/{rel}","templated":true}]}}