{"id":14932,"date":"2025-01-12T13:06:32","date_gmt":"2025-01-12T10:06:32","guid":{"rendered":"https:\/\/www.parlor.ro\/?post_type=product&#038;p=14932"},"modified":"2025-12-16T16:28:34","modified_gmt":"2025-12-16T13:28:34","slug":"fusta-de-miere-2","status":"publish","type":"product","link":"https:\/\/www.parlor.ro\/ro\/product\/honey-skirt-2\/","title":{"rendered":"FUSTA HONEY"},"content":{"rendered":"<p>100% poliester deadstock<\/p>\n<p><strong>Cur\u0103\u021bare uscat\u0103<\/strong><\/p>\n<p>Acest produs este realizat din \u021bes\u0103turi furnizate de produc\u0103tori certifica\u021bi conform standardelor europene.<\/p>\n<p>Imprimeurile sunt realizate cu vopsea ecologic\u0103 OEKO-TEX\u00ae.<\/p>\n<p>Acest produs este testat \u00een atelierul nostru \u0219i nu prezint\u0103 riscuri pentru s\u0103n\u0103tate si siguran\u021ba consumatorului.<\/p>\n<hr style=\"color: #404040; height: 1px;\" \/>\n<p><b style=\"text-align: left; font-size: 1.8em;\" title=\"FUSTA HONEY - Rochie de designer pentru femei\"><b style=\"font-weight: normal;\">FUSTA HONEY \u2013 Fusta de designer pentru femei<\/b><\/b><br \/>\n<b style=\"font-weight: normal !important;\">FUSTA HONEY<\/b> &#8211; <i style=\"font-style: normal !important;\">Rochie de designer pentru femei<\/i>. Fusta Honey este petrecuta, plisata prin metoda traditionala, lungime asimetrica, are ca detaliu o catarama aurie in talie. Super preturi azi! I Love Parlor | <a style=\"font-weight: normal !important;\" title=\"\u00cembr\u0103c\u0103minte pentru femei\" href=\"https:\/\/www.parlor.ro\/ro\/\">\u00cembr\u0103c\u0103minte pentru femei<\/a> &amp; Moda pentru femei. <strong style=\"font-weight: normal !important;\">Crea\u021biile Parlor<\/strong> de Veronica Zaharia. #ConsciousDesign este nucleul brandului nostru. El se traduce prin reinterpretarea celor mai bine v\u00e2ndute modele ale noastre, evit\u00e2nd astfel producerea de\u0219eurilor in exces. Cum arat\u0103 rochia ta de vis? R\u0103sfoie\u0219te <a style=\"font-weight: normal !important;\" title=\"Magazin de femei\" href=\"https:\/\/www.parlor.ro\/ro\/magazin\/\">Magazin de femei<\/a> \u0219i g\u0103se\u0219te-\u021bi rochia ACUM! Sau vizita\u021bi showroom-ul nostru pentru a g\u0103si rochia de vis \/ sun\u0103 pentru programare 0747501974! Recomand\u0103ri de cump\u0103r\u0103turi pentru tine: <a style=\"font-weight: normal !important;\" title=\"FUSTA IRRESISTIBLE\" href=\"https:\/\/www.parlor.ro\/ro\/produs\/fusta-irezistibila\/\">FUSTA IRRESISTIBLE<\/a>, <a style=\"font-weight: normal !important;\" title=\"TRICOU QUEEN\" href=\"https:\/\/www.parlor.ro\/ro\/produs\/tricou-regina\/\">TRICOU QUEEN<\/a>. P\u00c2N\u0102 LA 50% OFF Ast\u0103zi. <a style=\"font-weight: normal !important;\" title=\"Pantaloni de dam\u0103\" href=\"https:\/\/www.parlor.ro\/ro\/categorie-produs\/i-%e2%99%a5-salon\/fundurile\/\">FUSTE<\/a> Magazin Bucuresti!<\/p>","protected":false},"excerpt":{"rendered":"[sales_countdown_timer id=\"salescountdowntimer\"]\n<p>Honey skirt black is sleek and stylish with a dash of hand pleates and a golden detail.<\/p>\n<p>#MadeinRomania<\/p>\n<p>#FabricatinRomania<\/p>\n<p>We are happy to reveal our designs in our showroom \/ call for appointment 0747501974 .<\/p>\n<p><a href=\"https:\/\/www.parlor.ro\/wp-content\/uploads\/size-chart.jpg\">VIEW SIZE CHART<\/a><\/p>\n","protected":false},"featured_media":14898,"template":"","meta":[],"product_brand":[],"product_cat":[97,100,141],"product_tag":[],"class_list":{"0":"post-14932","1":"product","2":"type-product","3":"status-publish","4":"has-post-thumbnail","6":"product_cat-i--parlor","7":"product_cat-bottoms","8":"product_cat-new","9":"pa_size-124","10":"pa_size-74","11":"pa_size-75","12":"pa_size-76","13":"pif-has-gallery","15":"first","16":"instock","17":"sale","18":"shipping-taxable","19":"purchasable","20":"product-type-variable"},"post_mailing_queue_ids":[],"_links":{"self":[{"href":"https:\/\/www.parlor.ro\/ro\/wp-json\/wp\/v2\/product\/14932","targetHints":{"allow":["GET"]}}],"collection":[{"href":"https:\/\/www.parlor.ro\/ro\/wp-json\/wp\/v2\/product"}],"about":[{"href":"https:\/\/www.parlor.ro\/ro\/wp-json\/wp\/v2\/types\/product"}],"wp:featuredmedia":[{"embeddable":true,"href":"https:\/\/www.parlor.ro\/ro\/wp-json\/wp\/v2\/media\/14898"}],"wp:attachment":[{"href":"https:\/\/www.parlor.ro\/ro\/wp-json\/wp\/v2\/media?parent=14932"}],"wp:term":[{"taxonomy":"product_brand","embeddable":true,"href":"https:\/\/www.parlor.ro\/ro\/wp-json\/wp\/v2\/product_brand?post=14932"},{"taxonomy":"product_cat","embeddable":true,"href":"https:\/\/www.parlor.ro\/ro\/wp-json\/wp\/v2\/product_cat?post=14932"},{"taxonomy":"product_tag","embeddable":true,"href":"https:\/\/www.parlor.ro\/ro\/wp-json\/wp\/v2\/product_tag?post=14932"}],"curies":[{"name":"wp","href":"https:\/\/api.w.org\/{rel}","templated":true}]}}