{"id":14947,"date":"2025-01-15T11:09:30","date_gmt":"2025-01-15T08:09:30","guid":{"rendered":"https:\/\/www.parlor.ro\/?post_type=product&#038;p=14947"},"modified":"2026-03-27T12:16:25","modified_gmt":"2026-03-27T09:16:25","slug":"rochie-de-vrajitoare-3","status":"publish","type":"product","link":"https:\/\/www.parlor.ro\/ro\/product\/enchantress-dress-3\/","title":{"rendered":"ROCHIE ENCHANTRESS"},"content":{"rendered":"<p>75% poliester, 25% poliester reciclat<\/p>\n<p><strong>Sp\u0103lare delicat\u0103 la ma\u0219in\u0103<\/strong><\/p>\n<p>Modelul poart\u0103 m\u0103rimea 36.<\/p>\n<p>&nbsp;<\/p>\n<p>Acest produs este realizat din \u021bes\u0103turi furnizate de produc\u0103tori certifica\u021bi conform standardelor europene.<\/p>\n<p>Imprimeurile sunt realizate cu vopsea ecologic\u0103 OEKO-TEX\u00ae.<\/p>\n<p>Acest produs este testat \u00een atelierul nostru \u0219i nu prezint\u0103 riscuri pentru s\u0103n\u0103tate si siguran\u021ba consumatorului.<\/p>\n<hr style=\"color: #404040; height: 1px;\" \/>\n<p><b style=\"text-align: left; font-size: 1.8em;\" title=\"Rochie Enchantress - Rochie de lux pentru femei\"><b style=\"font-weight: normal;\">Rochie Enchantress \u2013 Rochie de lux pentru femei<\/b><\/b><br \/>\n<b style=\"font-weight: normal !important;\">Rochie Enchantress<\/b> &#8211; <i style=\"font-style: normal !important;\">Rochie de lux pentru femei<\/i> &#8211; <a style=\"font-weight: normal !important;\" title=\"Rochie de designer\" href=\"https:\/\/www.parlor.ro\/ro\/\">Rochie de designer<\/a>. Rochia de vr\u0103jitoare este croit\u0103 pentru a v\u0103 eviden\u021bia silueta \u0219i se \u00eentoarce pentru a dezv\u0103lui un spate deschis, care arat\u0103 pielea. iubesc salonul | \u00cembr\u0103c\u0103minte pentru femei \u0219i mod\u0103 pentru femei. Design de salon de Veronica Zaharia. #ConsciousDesign este nucleul m\u0103rcii noastre. Se traduce prin reinterpretarea articolelor noastre cele mai v\u00e2ndute cu o utilizare minim\u0103 a resurselor. Noastre <strong style=\"font-weight: normal !important;\">rochii<\/strong> sunt atemporale, usor de purtat, potrivite at\u00e2t ziua c\u00e2t si seara . Cum arat\u0103 rochia ta de vis? R\u0103sfoi\u021bi produsele noastre pentru femei <a style=\"font-weight: normal !important;\" title=\"Magazin de rochii\" href=\"https:\/\/www.parlor.ro\/ro\/magazin\/\">Viziteaza shop-ul nostru online<\/a> sau viziteaz\u0103 showroom-ul nostru unde echipa Parlor iti va recomanda tinuta <a style=\"font-weight: normal !important;\" title=\".\" href=\"https:\/\/www.parlor.ro\/ro\/categorie-produs\/i-%e2%99%a5-salon\/rochii\/\">.<\/a> \/ suna pentru programare 0747501974! Recomand\u0103ri de cump\u0103r\u0103turi pentru tine: <a style=\"font-weight: normal !important;\" title=\"FUSTA HONEY IVORY\" href=\"https:\/\/www.parlor.ro\/ro\/produs\/miere-fusta-fildes\/\">FUSTA HONEY IVORY<\/a>, <a style=\"font-weight: normal !important;\" title=\"ROCHIE LUST\" href=\"https:\/\/www.parlor.ro\/ro\/produs\/rochie-pofta-2\/\">ROCHIE LUST<\/a>. P\u00c2N\u0102 LA 50% REDUCERE Azi!<\/p>","protected":false},"excerpt":{"rendered":"[sales_countdown_timer id=\"salescountdowntimer\"]\n<p>ENCHANTRESS dress is cut to highlight your figure and turns to reveal a skin-baring open back.<\/p>\n<p>#MadeinRomania<\/p>\n<p>#FabricatinRomania<\/p>\n<p>We are happy to reveal our designs in our showroom \/ call for appointment 0747501974 .<\/p>\n<p><a href=\"https:\/\/www.parlor.ro\/wp-content\/uploads\/size-chart.jpg\">VIEW SIZE CHART<\/a><\/p>\n","protected":false},"featured_media":14972,"template":"","meta":[],"product_brand":[],"product_cat":[97,99,141],"product_tag":[],"class_list":{"0":"post-14947","1":"product","2":"type-product","3":"status-publish","4":"has-post-thumbnail","6":"product_cat-i--parlor","7":"product_cat-dresses","8":"product_cat-new","9":"pa_size-124","10":"pa_size-74","11":"pa_size-75","12":"pa_size-76","13":"pif-has-gallery","15":"first","16":"instock","17":"sale","18":"shipping-taxable","19":"purchasable","20":"product-type-variable"},"post_mailing_queue_ids":[],"_links":{"self":[{"href":"https:\/\/www.parlor.ro\/ro\/wp-json\/wp\/v2\/product\/14947","targetHints":{"allow":["GET"]}}],"collection":[{"href":"https:\/\/www.parlor.ro\/ro\/wp-json\/wp\/v2\/product"}],"about":[{"href":"https:\/\/www.parlor.ro\/ro\/wp-json\/wp\/v2\/types\/product"}],"wp:featuredmedia":[{"embeddable":true,"href":"https:\/\/www.parlor.ro\/ro\/wp-json\/wp\/v2\/media\/14972"}],"wp:attachment":[{"href":"https:\/\/www.parlor.ro\/ro\/wp-json\/wp\/v2\/media?parent=14947"}],"wp:term":[{"taxonomy":"product_brand","embeddable":true,"href":"https:\/\/www.parlor.ro\/ro\/wp-json\/wp\/v2\/product_brand?post=14947"},{"taxonomy":"product_cat","embeddable":true,"href":"https:\/\/www.parlor.ro\/ro\/wp-json\/wp\/v2\/product_cat?post=14947"},{"taxonomy":"product_tag","embeddable":true,"href":"https:\/\/www.parlor.ro\/ro\/wp-json\/wp\/v2\/product_tag?post=14947"}],"curies":[{"name":"wp","href":"https:\/\/api.w.org\/{rel}","templated":true}]}}