{"id":15202,"date":"2025-06-02T16:07:44","date_gmt":"2025-06-02T13:07:44","guid":{"rendered":"https:\/\/www.parlor.ro\/?post_type=product&#038;p=15202"},"modified":"2026-05-11T14:52:25","modified_gmt":"2026-05-11T11:52:25","slug":"rochie-veronica-2","status":"publish","type":"product","link":"https:\/\/www.parlor.ro\/ro\/product\/veronica-dress-2\/","title":{"rendered":"Rochie Veronica"},"content":{"rendered":"<p>Voal de m\u0103tase 100%<\/p>\n<p>C\u0103ptu\u0219eal\u0103 din viscoz\u0103 100%<\/p>\n<p>Cur\u0103\u021bare uscat\u0103<\/p>\n<p>M\u0103rimea se potrive\u0219te de la 34FR la 38FR.<\/p>\n<p>Acest produs este realizat din \u021bes\u0103turi furnizate de produc\u0103tori certifica\u021bi conform standardelor europene.<\/p>\n<p>Imprimeurile sunt realizate cu vopsea ecologic\u0103 OEKO-TEX\u00ae.<\/p>\n<p>Acest produs este testat \u00een atelierul nostru \u0219i nu prezint\u0103 riscuri pentru s\u0103n\u0103tate si siguran\u021ba consumatorului.<\/p>\n<hr style=\"color:#404040; height: 1px;\" \/>\n<section>\n<header><b style=\"text-align: left; font-size:1.8em;\" title=\"Rochie Veronica - FABRICAT in ROMANIA Rochii pentru Femei\" name=\"Veronica Dress - FABRICAT in ROMANIA Women's Dress\"><b style=\"font-weight: normal;\">Rochie Veronica \u2013 FABRICAT in ROMANIA Rochii pentru Femei<\/b><\/b><\/header>\n<p><b style=\"font-weight: normal !important;\">Rochie Veronica<\/b> &#8211; <b style=\"font-weight: normal !important;\">FABRICAT in ROMANIA<\/b> <strong style=\"font-weight: normal !important;\">Rochie de dama<\/strong> &#8211; <a style=\"font-weight: normal !important;\" title=\"Rochie de designer\" href=\"https:\/\/www.parlor.ro\/ro\/\">Rochie de designer<\/a> <strong style=\"font-weight: normal !important;\">Rochia Veronica<\/strong>\u00eembin\u0103 confortul casual cu rafinamentul, fiind perfecta at\u00e2t pentru aventurile de zi, c\u00e2t \u0219i pentru serile romantice. I Love Parlor | Haine pentru Femei &amp; Moda pentru Femei. Design Parlor by <i style=\"font-style: normal !important;\">Veronica Zaharia<\/i>. #ConsciousDesign este nucleul brandului nostru. El se traduce prin reinterpretarea celor mai bine v\u00e2ndute modele ale noastre, evit\u00e2nd astfel producerea de\u0219eurilor in exces. Rochiile noastre sunt atemporale, usor de purtat, potrivite at\u00e2t ziua c\u00e2t si seara. Cum arat\u0103 rochia ta de vis? R\u0103sfoi\u021bi produsele noastre pentru femei <a style=\"font-weight: normal !important;\" title=\"Magazin de rochii\" href=\"https:\/\/www.parlor.ro\/ro\/magazin\/\">Magazin de rochii<\/a> (fuste, pantaloni, <a style=\"font-weight: normal !important;\" title=\"rochii\" href=\"https:\/\/www.parlor.ro\/ro\/categorie-produs\/i-%e2%99%a5-salon\/rochii\/\">rochii<\/a>, jachete, salopete, topuri) si g\u0103se\u0219te-ti rochia de vis ACUM! Sau viziteaz\u0103 showroomul nostru pentru a g\u0103si <i style=\"font-style: normal !important;\">rochia perfecta<\/i> \/ suna pentru programare 0747501974! Recomand\u0103ri de cump\u0103r\u0103turi pentru tine: <a style=\"font-weight: normal !important;\" title=\"Rochie Zora\" href=\"https:\/\/www.parlor.ro\/ro\/produs\/rochie-zora-2\/\">Rochie Zora<\/a>, <a style=\"font-weight: normal !important;\" title=\"Maria Top\" href=\"https:\/\/www.parlor.ro\/ro\/produs\/maria-top\/\">Maria Top<\/a>. P\u00c2N\u0102 LA 50% REDUCERE Azi!<br \/>\n<\/section>","protected":false},"excerpt":{"rendered":"[sales_countdown_timer id=\"salescountdowntimer\"]\n<p>Embrace effortless femininity with delicate ruffles and whimsical ivory lame pattern which add a touch of playful charm. Veronica dress blends <strong>casual comfort<\/strong> with <strong>refined sophistication<\/strong>, making it perfect for both daytime adventures and romantic evenings.<\/p>\n<p>#MADEinROMANIA<\/p>\n<p>#FABRICATinROMANIA<\/p>\n","protected":false},"featured_media":15288,"template":"","meta":[],"product_brand":[],"product_cat":[96,99],"product_tag":[],"class_list":{"0":"post-15202","1":"product","2":"type-product","3":"status-publish","4":"has-post-thumbnail","6":"product_cat-alice-cavaleru-x-i--parlor","7":"product_cat-dresses","8":"pa_size-one-size","9":"pif-has-gallery","11":"first","12":"instock","13":"sale","14":"shipping-taxable","15":"purchasable","16":"product-type-variable"},"post_mailing_queue_ids":[],"_links":{"self":[{"href":"https:\/\/www.parlor.ro\/ro\/wp-json\/wp\/v2\/product\/15202","targetHints":{"allow":["GET"]}}],"collection":[{"href":"https:\/\/www.parlor.ro\/ro\/wp-json\/wp\/v2\/product"}],"about":[{"href":"https:\/\/www.parlor.ro\/ro\/wp-json\/wp\/v2\/types\/product"}],"wp:featuredmedia":[{"embeddable":true,"href":"https:\/\/www.parlor.ro\/ro\/wp-json\/wp\/v2\/media\/15288"}],"wp:attachment":[{"href":"https:\/\/www.parlor.ro\/ro\/wp-json\/wp\/v2\/media?parent=15202"}],"wp:term":[{"taxonomy":"product_brand","embeddable":true,"href":"https:\/\/www.parlor.ro\/ro\/wp-json\/wp\/v2\/product_brand?post=15202"},{"taxonomy":"product_cat","embeddable":true,"href":"https:\/\/www.parlor.ro\/ro\/wp-json\/wp\/v2\/product_cat?post=15202"},{"taxonomy":"product_tag","embeddable":true,"href":"https:\/\/www.parlor.ro\/ro\/wp-json\/wp\/v2\/product_tag?post=15202"}],"curies":[{"name":"wp","href":"https:\/\/api.w.org\/{rel}","templated":true}]}}