{"id":15218,"date":"2025-06-02T15:57:04","date_gmt":"2025-06-02T12:57:04","guid":{"rendered":"https:\/\/www.parlor.ro\/?post_type=product&#038;p=15218"},"modified":"2025-11-05T13:41:14","modified_gmt":"2025-11-05T10:41:14","slug":"rochie-alegra","status":"publish","type":"product","link":"https:\/\/www.parlor.ro\/ro\/product\/alegra-dress\/","title":{"rendered":"Rochie Alegra"},"content":{"rendered":"<p>100% in<\/p>\n<p>C\u0103ptu\u0219eal\u0103 din viscoz\u0103 100%<\/p>\n<p>Cur\u0103\u021bare uscat\u0103<\/p>\n<p>M\u0103rimea se potrive\u0219te de la 34FR la 38FR<\/p>\n<p>Acest produs este realizat din \u021bes\u0103turi furnizate de produc\u0103tori certifica\u021bi conform standardelor europene.<\/p>\n<p>Imprimeurile sunt realizate cu vopsea ecologic\u0103 OEKO-TEX\u00ae.<\/p>\n<p>Acest produs este testat \u00een atelierul nostru \u0219i nu prezint\u0103 riscuri pentru s\u0103n\u0103tate si siguran\u021ba consumatorului.<\/p>\n<hr style=\"color:#404040; height: 1px;\" \/>\n<section>\n<header><b style=\"text-align: left; font-size:1.8em;\" title=\"Alegra Dress - Made in Romania Women's Dress\" name=\"Alegra Dress - Made in Romania Women's Dress\"><b style=\"font-weight: normal;\">Rochie Alegra - Rochii Fabricate in Romania<\/b><\/b><\/header>\n<p><b style=\"font-weight: normal !important;\">Rochie Alegra<\/b> &#8211; <strong style=\"font-weight: normal !important;\">Made in Romania<\/strong> <i style=\"font-style: normal !important;\">Rochie de dama<\/i>. <i style=\"font-style: normal !important;\">Rochia Alegra<\/i> midi din in ivoar, oversize, se \u00eenchide cu nasture la spate.  I Love Parlor  | Haine pentru Femei &amp; Moda pentru Femei. <strong style=\"font-weight: normal !important;\">Crea\u021biile Parlor<\/strong> by Veronica Zaharia. #ConsciousDesign este nucleul brandului nostru. El se traduce prin reinterpretarea celor mai bine <b style=\"font-weight: normal !important;\">v\u00e2ndute<\/b> modele ale noastre, evit\u00e2nd astfel producerea de\u0219eurilor in exces. Cum arata rochia ta de vis? R\u0103sfoi\u021bi catalogul <a style=\"font-weight: normal !important;\" title=\"Viziteaza shop-ul nostru online\" href=\"https:\/\/www.parlor.ro\/ro\/magazin\/\">Viziteaza shop-ul nostru online<\/a> (fuste, pantaloni, rochii, jachete, salopete, topuri) \u0219i g\u0103se\u0219te-\u021bi <a style=\"font-weight: normal !important;\" title=\".\" href=\"https:\/\/www.parlor.ro\/ro\/\">.<\/a> ACUM! Sau vizita\u021bi showroom-ul nostru pentru a v\u0103 g\u0103si <a style=\"font-weight: normal !important;\" title=\"rochia perfecta\" href=\"https:\/\/www.parlor.ro\/ro\/categorie-produs\/i-%e2%99%a5-salon\/rochii\/\">rochia perfecta<\/a> \/ suna pentru programare 0747501974! Recomand\u0103ri de cump\u0103r\u0103turi pentru tine: <a style=\"font-weight: normal !important;\" title=\"Rochie Elena\" href=\"https:\/\/www.parlor.ro\/ro\/produs\/rochia-elena-2\/\">Rochie Elena<\/a>, <a style=\"font-weight: normal !important;\" title=\"Rochie Veronica\" href=\"https:\/\/www.parlor.ro\/ro\/produs\/rochie-veronica-2\/\">Rochie Veronica<\/a>. P\u00c2N\u0102 LA 50% REDUCERE Azi!<br \/>\n<\/section>","protected":false},"excerpt":{"rendered":"[sales_countdown_timer id=\"salescountdowntimer\"]\n<p>Alegra dress is freedom to wander, dance or lounge in sublime comfort. \u00a0Alegra feels like sunlight.<\/p>\n<p>#MADEinROMANIA<\/p>\n<p>#FABRICATinROMANIA<\/p>\n<p>We are happy to reveal our designs in our showroom \/ call for appointment 0747501974 . <strong>The dress will be delivered 3 working days after the order.\u00a0<\/strong><\/p>\n<p>&nbsp;<\/p>\n","protected":false},"featured_media":15262,"template":"","meta":[],"product_brand":[],"product_cat":[96,99,141],"product_tag":[],"class_list":{"0":"post-15218","1":"product","2":"type-product","3":"status-publish","4":"has-post-thumbnail","6":"product_cat-alice-cavaleru-x-i--parlor","7":"product_cat-dresses","8":"product_cat-new","9":"pa_size-one-size","10":"pif-has-gallery","12":"first","13":"instock","14":"sale","15":"shipping-taxable","16":"purchasable","17":"product-type-variable"},"post_mailing_queue_ids":[],"_links":{"self":[{"href":"https:\/\/www.parlor.ro\/ro\/wp-json\/wp\/v2\/product\/15218","targetHints":{"allow":["GET"]}}],"collection":[{"href":"https:\/\/www.parlor.ro\/ro\/wp-json\/wp\/v2\/product"}],"about":[{"href":"https:\/\/www.parlor.ro\/ro\/wp-json\/wp\/v2\/types\/product"}],"wp:featuredmedia":[{"embeddable":true,"href":"https:\/\/www.parlor.ro\/ro\/wp-json\/wp\/v2\/media\/15262"}],"wp:attachment":[{"href":"https:\/\/www.parlor.ro\/ro\/wp-json\/wp\/v2\/media?parent=15218"}],"wp:term":[{"taxonomy":"product_brand","embeddable":true,"href":"https:\/\/www.parlor.ro\/ro\/wp-json\/wp\/v2\/product_brand?post=15218"},{"taxonomy":"product_cat","embeddable":true,"href":"https:\/\/www.parlor.ro\/ro\/wp-json\/wp\/v2\/product_cat?post=15218"},{"taxonomy":"product_tag","embeddable":true,"href":"https:\/\/www.parlor.ro\/ro\/wp-json\/wp\/v2\/product_tag?post=15218"}],"curies":[{"name":"wp","href":"https:\/\/api.w.org\/{rel}","templated":true}]}}