{"id":15221,"date":"2025-06-02T16:50:11","date_gmt":"2025-06-02T13:50:11","guid":{"rendered":"https:\/\/www.parlor.ro\/?post_type=product&#038;p=15221"},"modified":"2026-01-21T15:26:50","modified_gmt":"2026-01-21T12:26:50","slug":"rochie-zora-2","status":"publish","type":"product","link":"https:\/\/www.parlor.ro\/ro\/product\/zora-dress-2\/","title":{"rendered":"Rochie Zora"},"content":{"rendered":"<p>Rochie Zora<\/p>\n<p>Voal de m\u0103tase 100%<\/p>\n<p>C\u0103ptu\u0219eal\u0103 din viscoz\u0103 100%<\/p>\n<p>Cur\u0103\u021bare uscat\u0103<\/p>\n<p>M\u0103rimea se potrive\u0219te de la 34FR la 38FR<\/p>\n<p>Acest produs este realizat din \u021bes\u0103turi furnizate de produc\u0103tori certifica\u021bi conform standardelor europene.<\/p>\n<p>Imprimeurile sunt realizate cu vopsea ecologic\u0103 OEKO-TEX\u00ae.<\/p>\n<p>Acest produs este testat \u00een atelierul nostru \u0219i nu prezint\u0103 riscuri pentru s\u0103n\u0103tate si siguran\u021ba consumatorului.<\/p>\n<hr style=\"color:#404040; height: 1px;\" \/>\n<section>\n<header><b style=\"text-align: left; font-size:1.8em;\" title=\"Rochie Zora - Rochii Elegante pentru Femei\" name=\"Zora Dress - Elegant Women's Dress\"><b style=\"font-weight: normal;\">Zora Dress &#8211; Elegant Women&#8217;s Dress<\/b><\/b><\/header>\n<p><b style=\"font-weight: normal !important;\">Rochie Zora<\/b> &#8211; <b style=\"font-weight: normal !important;\">Rochie elegant\u0103 de dam\u0103<\/b>Pentru femeia cu spirit liber care danseaz\u0103 \u00eentre zi \u0219i noapte, detaliile metalice lam\u00e9 capteaz\u0103 lumina la fiecare pas. <i style=\"font-style: normal !important;\">I \u2665 Parlor<\/i> | <a style=\"font-weight: normal !important;\" title=\" \u00cembr\u0103c\u0103minte pentru femei \" href=\"https:\/\/www.parlor.ro\/ro\/\">\u00cembr\u0103c\u0103minte pentru femei<\/a> &amp; Moda pentru femei. Design Parlor de Veronica Zaharia. #ConsciousDesign este nucleul m\u0103rcii noastre. Se traduce prin reinterpretarea articolelor noastre cele mai v\u00e2ndute cu o utilizare minim\u0103 a resurselor. <i style=\"font-style: normal !important;\">Rochiile noastre<\/i> sunt atemporale, usor de purtat, potrivite at\u00e2t ziua c\u00e2t si seara . Cum arat\u0103 rochia ta de vis? R\u0103sfoi\u021bi <a style=\"font-weight: normal !important;\" title=\"Rochii de dama\" href=\"https:\/\/www.parlor.ro\/ro\/categorie-produs\/i-%e2%99%a5-salon\/rochii\/\">Rochii de dama<\/a> <a style=\"font-weight: normal !important;\" title=\"Parlor\" href=\"https:\/\/www.parlor.ro\/ro\/magazin\/\">Parlor<\/a> (fuste, pantaloni, <strong style=\"font-weight: normal !important;\">rochii<\/strong>, jackets, overall, tops) and find <strong style=\"font-weight: normal !important;\">rochia ta<\/strong> ACUM! Sau vizita\u021bi showroom-ul nostru pentru a v\u0103 g\u0103si rochia perfect\u0103 \/ suna\u021bi pentru programare la 0747501974! Recomand\u0103ri de cump\u0103r\u0103turi pentru tine: <a style=\"font-weight: normal !important;\" title=\"Maria Top\" href=\"https:\/\/www.parlor.ro\/ro\/produs\/maria-top\/\">Maria Top<\/a>, <a style=\"font-weight: normal !important;\" title=\"Rochie Alice\" href=\"https:\/\/www.parlor.ro\/ro\/produs\/rochie-alice\/\">Rochie Alice<\/a>. P\u00c2N\u0102 LA 50% REDUCERE Azi!<br \/>\n<\/section>","protected":false},"excerpt":{"rendered":"[sales_countdown_timer id=\"salescountdowntimer\"]\n<p>For the free-spirited who dances between day and night, metallic lam\u00e9 details catch the light with every step.<\/p>\n<p>#MADEinROMANIA<\/p>\n<p>#FABRICATinROMANIA<\/p>\n<p>We are happy to reveal our designs in our showroom \/ call for appointment 0747501974 . <strong>The dress will be delivered 4 working days after the order.\u00a0<\/strong><\/p>\n","protected":false},"featured_media":15274,"template":"","meta":[],"product_brand":[],"product_cat":[96,99],"product_tag":[],"class_list":{"0":"post-15221","1":"product","2":"type-product","3":"status-publish","4":"has-post-thumbnail","6":"product_cat-alice-cavaleru-x-i--parlor","7":"product_cat-dresses","8":"pa_size-one-size","9":"pif-has-gallery","11":"first","12":"instock","13":"sale","14":"shipping-taxable","15":"purchasable","16":"product-type-variable"},"post_mailing_queue_ids":[],"_links":{"self":[{"href":"https:\/\/www.parlor.ro\/ro\/wp-json\/wp\/v2\/product\/15221","targetHints":{"allow":["GET"]}}],"collection":[{"href":"https:\/\/www.parlor.ro\/ro\/wp-json\/wp\/v2\/product"}],"about":[{"href":"https:\/\/www.parlor.ro\/ro\/wp-json\/wp\/v2\/types\/product"}],"wp:featuredmedia":[{"embeddable":true,"href":"https:\/\/www.parlor.ro\/ro\/wp-json\/wp\/v2\/media\/15274"}],"wp:attachment":[{"href":"https:\/\/www.parlor.ro\/ro\/wp-json\/wp\/v2\/media?parent=15221"}],"wp:term":[{"taxonomy":"product_brand","embeddable":true,"href":"https:\/\/www.parlor.ro\/ro\/wp-json\/wp\/v2\/product_brand?post=15221"},{"taxonomy":"product_cat","embeddable":true,"href":"https:\/\/www.parlor.ro\/ro\/wp-json\/wp\/v2\/product_cat?post=15221"},{"taxonomy":"product_tag","embeddable":true,"href":"https:\/\/www.parlor.ro\/ro\/wp-json\/wp\/v2\/product_tag?post=15221"}],"curies":[{"name":"wp","href":"https:\/\/api.w.org\/{rel}","templated":true}]}}