{"id":15223,"date":"2025-06-02T16:01:38","date_gmt":"2025-06-02T13:01:38","guid":{"rendered":"https:\/\/www.parlor.ro\/?post_type=product&#038;p=15223"},"modified":"2025-11-04T03:21:46","modified_gmt":"2025-11-04T00:21:46","slug":"rochia-elena-2","status":"publish","type":"product","link":"https:\/\/www.parlor.ro\/ro\/product\/elena-dress-2\/","title":{"rendered":"Rochie Elena"},"content":{"rendered":"<p>Rochie Elena<\/p>\n<p>100% organza de m\u0103tase<\/p>\n<p>C\u0103ptu\u0219eal\u0103 din viscoz\u0103 100%<\/p>\n<p>Cur\u0103\u021bare uscat\u0103<\/p>\n<p>M\u0103rimea se potrive\u0219te de la 34FR la 38FR<\/p>\n<p>Acest produs este realizat din \u021bes\u0103turi furnizate de produc\u0103tori certifica\u021bi conform standardelor europene.<\/p>\n<p>Imprimeurile sunt realizate cu vopsea ecologic\u0103 OEKO-TEX\u00ae.<\/p>\n<p>Acest produs este testat \u00een atelierul nostru \u0219i nu prezint\u0103 riscuri pentru s\u0103n\u0103tate si siguran\u021ba consumatorului.<\/p>\n<hr style=\"color:#404040; height: 1px;\" \/>\n<section>\n<header><b style=\"text-align: left; font-size:1.8em;\" title=\"Elena Dress - Luxury Women's Dress\" name=\"Elena Dress - Luxury Women's Dress\"><b style=\"font-weight: normal;\">Rochie Elena - Rochii de Lux pentru Femei<\/b><\/b><\/header>\n<p><b style=\"font-weight: normal !important;\">Rochie Elena<\/b> &#8211; <b style=\"font-weight: normal !important;\">Rochie de lux pentru femei<\/b> &#8211; <a style=\"font-weight: normal !important;\" title=\"Rochie de designer\" href=\"https:\/\/www.parlor.ro\/ro\/\">Rochie de designer<\/a>. I Love Parlor | <strong style=\"font-weight: normal !important;\">\u00cembr\u0103c\u0103minte pentru femei<\/strong> &amp; Women\u2019s Fashion. Parlor Designs by Veronica Zaharia. #ConsciousDesign este nucleul brandului nostru. El se traduce prin reinterpretarea <i style=\"font-style: normal !important;\">celor mai v\u00e2ndute<\/i> modele ale noastre, evit\u00e2nd astfel producerea de\u0219eurilor in exces.  Cum Arat\u0103 rochia ta de vis ? <a style=\"font-weight: normal !important;\" title=\"Rochii de dama\" href=\"https:\/\/www.parlor.ro\/ro\/categorie-produs\/i-%e2%99%a5-salon\/rochii\/\">Rochii de dama<\/a> <a style=\"font-weight: normal !important;\" title=\"Magazin de rochii\" href=\"https:\/\/www.parlor.ro\/ro\/magazin\/\">Parlor Shop<\/a> (pantaloni, rochii, jachete, salopete, topuri) si g\u0103se\u0219te-ti modelul ACUM! Sau <i style=\"font-style: normal !important;\">viziteasa showroom-ul nostru<\/i> pentru a g\u0103si rochia perfecta \/ suna pentru programare 0747501974! Recomand\u0103ri pentru tine: <a style=\"font-weight: normal !important;\" title=\"Rochie Veronica\" href=\"https:\/\/www.parlor.ro\/ro\/produs\/rochie-veronica-2\/\">Rochie Veronica<\/a>, <a style=\"font-weight: normal !important;\" title=\"Rochie Zora\" href=\"https:\/\/www.parlor.ro\/ro\/produs\/rochie-zora-2\/\">Rochie Zora<\/a>. <strong style=\"font-weight: normal !important;\">Pana la 50% DISCOUNT Azi<\/strong>!<br \/>\n<\/section>","protected":false},"excerpt":{"rendered":"[sales_countdown_timer id=\"salescountdowntimer\"]\n<p>Crafted from crisp silk organza, this mini dress floats with an ethereal lightness. The delicate over-the-shoulder ruffle is a flirtatious touch and the floral embroidery which blooms across the dress whispers romanticism .<\/p>\n<p>#MADEinROMANIA<\/p>\n<p>#FABRICATinROMANIA<\/p>\n<p>We are happy to reveal our designs in our showroom \/ call for appointment 0747501974 . <strong>The dress will be delivered 3 working days after the order.\u00a0<\/strong><\/p>\n","protected":false},"featured_media":15264,"template":"","meta":[],"product_brand":[],"product_cat":[96,99],"product_tag":[],"class_list":{"0":"post-15223","1":"product","2":"type-product","3":"status-publish","4":"has-post-thumbnail","6":"product_cat-alice-cavaleru-x-i--parlor","7":"product_cat-dresses","8":"pa_size-one-size","9":"pif-has-gallery","11":"first","12":"outofstock","13":"shipping-taxable","14":"purchasable","15":"product-type-variable"},"post_mailing_queue_ids":[],"_links":{"self":[{"href":"https:\/\/www.parlor.ro\/ro\/wp-json\/wp\/v2\/product\/15223","targetHints":{"allow":["GET"]}}],"collection":[{"href":"https:\/\/www.parlor.ro\/ro\/wp-json\/wp\/v2\/product"}],"about":[{"href":"https:\/\/www.parlor.ro\/ro\/wp-json\/wp\/v2\/types\/product"}],"wp:featuredmedia":[{"embeddable":true,"href":"https:\/\/www.parlor.ro\/ro\/wp-json\/wp\/v2\/media\/15264"}],"wp:attachment":[{"href":"https:\/\/www.parlor.ro\/ro\/wp-json\/wp\/v2\/media?parent=15223"}],"wp:term":[{"taxonomy":"product_brand","embeddable":true,"href":"https:\/\/www.parlor.ro\/ro\/wp-json\/wp\/v2\/product_brand?post=15223"},{"taxonomy":"product_cat","embeddable":true,"href":"https:\/\/www.parlor.ro\/ro\/wp-json\/wp\/v2\/product_cat?post=15223"},{"taxonomy":"product_tag","embeddable":true,"href":"https:\/\/www.parlor.ro\/ro\/wp-json\/wp\/v2\/product_tag?post=15223"}],"curies":[{"name":"wp","href":"https:\/\/api.w.org\/{rel}","templated":true}]}}