{"id":15225,"date":"2025-06-02T16:54:26","date_gmt":"2025-06-02T13:54:26","guid":{"rendered":"https:\/\/www.parlor.ro\/?post_type=product&#038;p=15225"},"modified":"2025-11-14T14:34:05","modified_gmt":"2025-11-14T11:34:05","slug":"rochie-alice","status":"publish","type":"product","link":"https:\/\/www.parlor.ro\/ro\/product\/alice-dress\/","title":{"rendered":"Rochie Alice"},"content":{"rendered":"<p>Rochie Alice<\/p>\n<p>100% vascoza<\/p>\n<p>Cur\u0103\u021bare uscat\u0103<\/p>\n<p>M\u0103rimea se potrive\u0219te de la 34FR la 38FR<\/p>\n<p>Acest produs este realizat din \u021bes\u0103turi furnizate de produc\u0103tori certifica\u021bi conform standardelor europene.<\/p>\n<p>Imprimeurile sunt realizate cu vopsea ecologic\u0103 OEKO-TEX\u00ae.<\/p>\n<p>Acest produs este testat \u00een atelierul nostru \u0219i nu prezint\u0103 riscuri pentru s\u0103n\u0103tate si siguran\u021ba consumatorului.<\/p>\n<hr style=\"color: #404040; height: 1px;\" \/>\n<section>\n<header><b style=\"text-align: left; font-size: 1.8em;\" title=\"Alice Dress - Designer Women's Dress\"><b style=\"font-weight: normal;\">Rochie Alice - Rochii de Designer pentru Femei<\/b><\/b><\/header>\n<p><b style=\"font-weight: normal !important;\">Rochie Alice<\/b> &#8211; <b style=\"font-weight: normal !important;\">Rochie de designer pentru femei<\/b>. <strong style=\"font-weight: normal !important;\">Rochia Alice<\/strong> \u00eembin\u0103 confortul casual cu rafinamentul, fiind perfect\u0103 at\u00e2t pentru aventurile de zi, c\u00e2t \u0219i pentru serile romantice. I Love Parlor | <a style=\"font-weight: normal !important;\" title=\"\u00cembr\u0103c\u0103minte pentru femei\" href=\"https:\/\/www.parlor.ro\/ro\/\">\u00cembr\u0103c\u0103minte pentru femei<\/a> &amp; Moda pentru femei. <i style=\"font-style: normal !important;\">Crea\u021biile Parlor<\/i> de <i style=\"font-style: normal !important;\">Veronica Zaharia<\/i>. #ConsciousDesign este nucleul brandului nostru. El se traduce prin reinterpretarea celor mai bine v\u00e2ndute modele ale noastre, evit\u00e2nd astfel producerea de\u0219eurilor in exces. Rochiile noastre sunt atemporale, usor de purtat, potrivite at\u00e2t ziua c\u00e2t si seara . <strong style=\"font-weight: normal !important;\">Cum arata rochia visurilor tale?<\/strong> R\u0103sfoi\u021bi <a style=\"font-weight: normal !important;\" title=\"Magazin Parlor\" href=\"https:\/\/www.parlor.ro\/ro\/magazin\/\">Magazin pentru femei<\/a> (fuste, pantaloni, <a style=\"font-weight: normal !important;\" title=\"rochii\" href=\"https:\/\/www.parlor.ro\/ro\/categorie-produs\/i-%e2%99%a5-salon\/rochii\/\">rochii<\/a>, jachete, salopet\u0103, topuri) \u0219i g\u0103se\u0219te-\u021bi rochia ACUM! Sau vizita\u021bi showroom-ul nostru pentru a v\u0103 g\u0103si rochia perfect\u0103 \/ suna\u021bi pentru programare la 0747501974! Recomand\u0103ri de cump\u0103r\u0103turi pentru tine: <a style=\"font-weight: normal !important;\" title=\"Rochie Alegra\" href=\"https:\/\/www.parlor.ro\/ro\/produs\/rochie-alegra-2\/\">Rochie Alegra<\/a>, <a style=\"font-weight: normal !important;\" title=\"PANTALONI SCURTI DAYDREAM\" href=\"https:\/\/www.parlor.ro\/ro\/produs\/pantaloni-scurti-daydream\/\">PANTALONI SCURTI DAYDREAM<\/a>. P\u00c2N\u0102 LA 50% REDUCERE Azi!<\/p>\n<\/section>","protected":false},"excerpt":{"rendered":"[sales_countdown_timer id=\"salescountdowntimer\"]\n<p>Embrace effortless femininity with delicate ruffles along the bust line and whimsical ivory polka dot which add a touch of playful charm. Alice dress blends casual comfort with refined sophistication, making it perfect for both daytime adventures and romantic evenings.<\/p>\n<p>#MADEinROMANIA<\/p>\n<p>#FABRICATinROMANIA<\/p>\n<p>We are happy to reveal our designs in our showroom \/ call for appointment 0747501974 . <strong>The dress will be delivered 4 working days after the order.\u00a0<\/strong><\/p>\n<p>&nbsp;<\/p>\n<p>&nbsp;<\/p>\n<p>&nbsp;<\/p>\n","protected":false},"featured_media":15261,"template":"","meta":[],"product_brand":[],"product_cat":[96,99],"product_tag":[],"class_list":{"0":"post-15225","1":"product","2":"type-product","3":"status-publish","4":"has-post-thumbnail","6":"product_cat-alice-cavaleru-x-i--parlor","7":"product_cat-dresses","8":"pa_size-one-size","9":"pif-has-gallery","11":"first","12":"instock","13":"sale","14":"shipping-taxable","15":"purchasable","16":"product-type-variable"},"post_mailing_queue_ids":[],"_links":{"self":[{"href":"https:\/\/www.parlor.ro\/ro\/wp-json\/wp\/v2\/product\/15225","targetHints":{"allow":["GET"]}}],"collection":[{"href":"https:\/\/www.parlor.ro\/ro\/wp-json\/wp\/v2\/product"}],"about":[{"href":"https:\/\/www.parlor.ro\/ro\/wp-json\/wp\/v2\/types\/product"}],"wp:featuredmedia":[{"embeddable":true,"href":"https:\/\/www.parlor.ro\/ro\/wp-json\/wp\/v2\/media\/15261"}],"wp:attachment":[{"href":"https:\/\/www.parlor.ro\/ro\/wp-json\/wp\/v2\/media?parent=15225"}],"wp:term":[{"taxonomy":"product_brand","embeddable":true,"href":"https:\/\/www.parlor.ro\/ro\/wp-json\/wp\/v2\/product_brand?post=15225"},{"taxonomy":"product_cat","embeddable":true,"href":"https:\/\/www.parlor.ro\/ro\/wp-json\/wp\/v2\/product_cat?post=15225"},{"taxonomy":"product_tag","embeddable":true,"href":"https:\/\/www.parlor.ro\/ro\/wp-json\/wp\/v2\/product_tag?post=15225"}],"curies":[{"name":"wp","href":"https:\/\/api.w.org\/{rel}","templated":true}]}}