{"id":15227,"date":"2025-06-02T16:50:41","date_gmt":"2025-06-02T13:50:41","guid":{"rendered":"https:\/\/www.parlor.ro\/?post_type=product&#038;p=15227"},"modified":"2025-11-04T04:51:22","modified_gmt":"2025-11-04T01:51:22","slug":"maria-top","status":"publish","type":"product","link":"https:\/\/www.parlor.ro\/ro\/product\/maria-top\/","title":{"rendered":"Maria Top"},"content":{"rendered":"<p>Maria Top<\/p>\n<p>100% bumbac<\/p>\n<p>100% m\u0103tase<\/p>\n<p>Sp\u0103lare delicat\u0103 la ma\u0219in\u0103<\/p>\n<p>M\u0103rimea se potrive\u0219te de la 34FR la 38FR.<\/p>\n<p>Acest produs este realizat din \u021bes\u0103turi furnizate de produc\u0103tori certifica\u021bi conform standardelor europene.<\/p>\n<p>Imprimeurile sunt realizate cu vopsea ecologic\u0103 OEKO-TEX\u00ae.<\/p>\n<p>Acest produs este testat \u00een atelierul nostru \u0219i nu prezint\u0103 riscuri pentru s\u0103n\u0103tate si siguran\u021ba consumatorului.<\/p>\n<hr style=\"color:#404040; height: 1px;\" \/>\n<section>\n<header><b style=\"text-align: left; font-size:1.8em;\" title=\"Maria Top - Unique Women's Top\" name=\"Maria Top - Unique Women's Top\"><b style=\"font-weight: normal;\">Maria Top - Topuri Unice pentru Femei<\/b><\/b><\/header>\n<p><b style=\"font-weight: normal !important;\">Maria Top<\/b> &#8211; <b style=\"font-weight: normal !important;\">Topuri Unice pentru Femei<\/b>Tricou Maria cu m\u00e2nec\u0103 scurta, decorat cu o fund\u0103 supradimensionat\u0103 din m\u0103tase contrastant\u0103.  I Love Parlor | <strong style=\"font-weight: normal !important;\">\u00cembr\u0103c\u0103minte pentru femei<\/strong> &#038; <a style=\"font-weight: normal !important;\" title=\"Moda pentru femei\" href=\"https:\/\/www.parlor.ro\/ro\/\">Moda pentru femei<\/a>. <i style=\"font-style: normal !important;\">Crea\u021biile Parlor<\/i> de <i style=\"font-style: normal !important;\">Veronica Zaharia<\/i>.#ConsciousDesign este nucleul brandului nostru. El se traduce prin reinterpretarea celor mai bine v\u00e2ndute modele ale noastre, evit\u00e2nd astfel producerea de\u0219eurilor in exces. Cum arat\u0103 rochia ta de vis? R\u0103sfoi\u021bi rochiile noastre pentru femei <a style=\"font-weight: normal !important;\" title=\"aici\" href=\"https:\/\/www.parlor.ro\/ro\/magazin\/\">aici<\/a> (pantaloni, rochii, jachete, salopete, <a style=\"font-weight: normal !important;\" title=\"topuri\" href=\"https:\/\/www.parlor.ro\/ro\/categorie-produs\/i-%e2%99%a5-salon\/varfuri\/\">topuri<\/a>) \u0219i g\u0103se\u0219te-\u021bi rochia ACUM! Sau vizita\u021bi showroom-ul nostru pentru a v\u0103 g\u0103si rochia perfect\u0103 \/ suna\u021bi pentru programare la 0747501974! Recomand\u0103ri de cump\u0103r\u0103turi pentru tine: <a style=\"font-weight: normal !important;\" title=\"Rochie Alice\" href=\"https:\/\/www.parlor.ro\/ro\/produs\/rochie-alice\/\">Rochie Alice<\/a>, <a style=\"font-weight: normal !important;\" title=\"Rochie Alegra\" href=\"https:\/\/www.parlor.ro\/ro\/produs\/rochie-alegra-2\/\">Rochie Alegra<\/a>. P\u00c2N\u0102 LA 50% REDUCERE Azi!<br \/>\n<\/section>","protected":false},"excerpt":{"rendered":"<p><span lang=\"EN-US\">Tricou Maria <\/span><span lang=\"EN-US\">cu m\u00e2nec\u0103 scurta,  decorat cu o fund\u0103 supradimensionat\u0103 din m\u0103tase contrastant\u0103. <b>\u00a0<\/b><\/span><\/p>\n<p>#MadeinRomania<\/p>\n<p>#FabricatinRomania<\/p>\n<p>Suntem incantati sa v\u0103 dezv\u0103luim modelele noastre si \u00een showroom: suna\u021bi pentru programare 0747501974.<\/p>","protected":false},"featured_media":15292,"template":"","meta":[],"product_brand":[],"product_cat":[96,97,141,102],"product_tag":[],"class_list":{"0":"post-15227","1":"product","2":"type-product","3":"status-publish","4":"has-post-thumbnail","6":"product_cat-alice-cavaleru-x-i--parlor","7":"product_cat-i--parlor","8":"product_cat-new","9":"product_cat-tops","10":"pa_size-one-size","11":"pif-has-gallery","13":"first","14":"instock","15":"sale","16":"shipping-taxable","17":"purchasable","18":"product-type-variable"},"post_mailing_queue_ids":[],"_links":{"self":[{"href":"https:\/\/www.parlor.ro\/ro\/wp-json\/wp\/v2\/product\/15227","targetHints":{"allow":["GET"]}}],"collection":[{"href":"https:\/\/www.parlor.ro\/ro\/wp-json\/wp\/v2\/product"}],"about":[{"href":"https:\/\/www.parlor.ro\/ro\/wp-json\/wp\/v2\/types\/product"}],"wp:featuredmedia":[{"embeddable":true,"href":"https:\/\/www.parlor.ro\/ro\/wp-json\/wp\/v2\/media\/15292"}],"wp:attachment":[{"href":"https:\/\/www.parlor.ro\/ro\/wp-json\/wp\/v2\/media?parent=15227"}],"wp:term":[{"taxonomy":"product_brand","embeddable":true,"href":"https:\/\/www.parlor.ro\/ro\/wp-json\/wp\/v2\/product_brand?post=15227"},{"taxonomy":"product_cat","embeddable":true,"href":"https:\/\/www.parlor.ro\/ro\/wp-json\/wp\/v2\/product_cat?post=15227"},{"taxonomy":"product_tag","embeddable":true,"href":"https:\/\/www.parlor.ro\/ro\/wp-json\/wp\/v2\/product_tag?post=15227"}],"curies":[{"name":"wp","href":"https:\/\/api.w.org\/{rel}","templated":true}]}}