{"id":15230,"date":"2025-06-02T15:50:55","date_gmt":"2025-06-02T12:50:55","guid":{"rendered":"https:\/\/www.parlor.ro\/?post_type=product&#038;p=15230"},"modified":"2026-02-10T13:41:50","modified_gmt":"2026-02-10T10:41:50","slug":"valeria-top","status":"publish","type":"product","link":"https:\/\/www.parlor.ro\/ro\/product\/valeria-top\/","title":{"rendered":"Valeria Top"},"content":{"rendered":"<p>Valeria Top<\/p>\n<p>100% bumbac<\/p>\n<p>100% m\u0103tase<\/p>\n<p>Sp\u0103lare delicat\u0103 la ma\u0219in\u0103<\/p>\n<p>M\u0103rimea se potrive\u0219te de la 34FR la 38FR.<\/p>\n<p>Acest produs este realizat din \u021bes\u0103turi furnizate de produc\u0103tori certifica\u021bi conform standardelor europene.<\/p>\n<p>Imprimeurile sunt realizate cu vopsea ecologic\u0103 OEKO-TEX\u00ae.<\/p>\n<p>Acest produs este testat \u00een atelierul nostru \u0219i nu prezint\u0103 riscuri pentru s\u0103n\u0103tate si siguran\u021ba consumatorului.<\/p>\n<hr style=\"color: #404040; height: 1px;\" \/>\n<section>\n<header><b style=\"text-align: left; font-size: 1.8em;\" title=\"Valeria Top - Exclusive Women's Dress\"><b style=\"font-weight: normal;\">Top Valeria - Topuri Exclusive pentru Femei<\/b><\/b><\/header>\n<p><b style=\"font-weight: normal !important;\">Valeria Top<\/b> &#8211; <i style=\"font-style: normal !important;\">Top exclusiv pentru femei<\/i>Tricou Valeria cu m\u00e2nec\u0103 scurta, decorat cu o fund\u0103 supradimensionat\u0103 din m\u0103tase contrastant\u0103. <i style=\"font-style: normal !important;\">I \u2665 Parlor<\/i> | \u00cembr\u0103c\u0103minte pentru femei \u0219i mod\u0103 pentru femei <a style=\"font-weight: normal !important;\" title=\"Crea\u021biile Parlor\" href=\"https:\/\/www.parlor.ro\/ro\/\">Crea\u021biile Parlor<\/a> de Veronica Zaharia. <strong style=\"font-weight: normal !important;\">#ConsciousDesign<\/strong> este nucleul brandului nostru. El se traduce prin reinterpretarea celor mai bine v\u00e2ndute modele ale noastre, evit\u00e2nd astfel producerea de\u0219eurilor in exces. <strong style=\"font-weight: normal !important;\">Rochiile noastre<\/strong> sunt irezistibile, atrag toate privirile \u0219i sunt u\u0219or de purtat \u00een orice moment al zilei, de la casual la elegant. <b style=\"font-weight: normal !important;\">Cum arata rochia visurilor tale?<\/b> R\u0103sfoi\u021bi <a style=\"font-weight: normal !important;\" title=\"Magazin de rochii de dama\" href=\"https:\/\/www.parlor.ro\/ro\/magazin\/\">magazinul online I \u2665 Parlor<\/a> (pantaloni, fuste, rochii, jachete, salopete, topuri) si g\u0103se\u0219te-ti <a style=\"font-weight: normal !important;\" title=\"rochia ta\" href=\"https:\/\/www.parlor.ro\/ro\/categorie-produs\/i-%e2%99%a5-salon\/rochii\/\">rochia ta<\/a> ACUM! Sau vizita\u021bi showroom-ul nostru pentru a v\u0103 g\u0103si rochia perfect\u0103 \/ suna\u021bi pentru programare la 0747501974! Recomand\u0103ri de cump\u0103r\u0103turi pentru tine: <a style=\"font-weight: normal !important;\" title=\"Rochie Alegra\" href=\"https:\/\/www.parlor.ro\/ro\/produs\/rochie-alegra\/\">Rochie Alegra<\/a>, <a style=\"font-weight: normal !important;\" title=\"Rochie Elena\" href=\"https:\/\/www.parlor.ro\/ro\/produs\/rochia-elena-2\/\">Rochie Elena<\/a>. P\u00c2N\u0102 LA 50% REDUCERE Azi!<\/p>\n<\/section>","protected":false},"excerpt":{"rendered":"<p><span lang=\"EN-US\">Tricou Valeria <\/span><span lang=\"EN-US\">cu m\u00e2nec\u0103 scurta,  decorat cu o fund\u0103 supradimensionat\u0103 din m\u0103tase contrastant\u0103. <b>\u00a0\u00a0<\/b><\/span><\/p>\n<p>#MadeinRomania<\/p>\n<p>#FabricatinRomania<\/p>\n<p>Suntem incantati sa v\u0103 dezv\u0103luim modelele noastre si \u00een showroom: suna\u021bi pentru programare 0747501974.<\/p>","protected":false},"featured_media":15291,"template":"","meta":[],"product_brand":[],"product_cat":[96,141,102],"product_tag":[],"class_list":{"0":"post-15230","1":"product","2":"type-product","3":"status-publish","4":"has-post-thumbnail","6":"product_cat-alice-cavaleru-x-i--parlor","7":"product_cat-new","8":"product_cat-tops","9":"pa_size-one-size","10":"pif-has-gallery","12":"first","13":"instock","14":"sale","15":"shipping-taxable","16":"purchasable","17":"product-type-variable"},"post_mailing_queue_ids":[],"_links":{"self":[{"href":"https:\/\/www.parlor.ro\/ro\/wp-json\/wp\/v2\/product\/15230","targetHints":{"allow":["GET"]}}],"collection":[{"href":"https:\/\/www.parlor.ro\/ro\/wp-json\/wp\/v2\/product"}],"about":[{"href":"https:\/\/www.parlor.ro\/ro\/wp-json\/wp\/v2\/types\/product"}],"wp:featuredmedia":[{"embeddable":true,"href":"https:\/\/www.parlor.ro\/ro\/wp-json\/wp\/v2\/media\/15291"}],"wp:attachment":[{"href":"https:\/\/www.parlor.ro\/ro\/wp-json\/wp\/v2\/media?parent=15230"}],"wp:term":[{"taxonomy":"product_brand","embeddable":true,"href":"https:\/\/www.parlor.ro\/ro\/wp-json\/wp\/v2\/product_brand?post=15230"},{"taxonomy":"product_cat","embeddable":true,"href":"https:\/\/www.parlor.ro\/ro\/wp-json\/wp\/v2\/product_cat?post=15230"},{"taxonomy":"product_tag","embeddable":true,"href":"https:\/\/www.parlor.ro\/ro\/wp-json\/wp\/v2\/product_tag?post=15230"}],"curies":[{"name":"wp","href":"https:\/\/api.w.org\/{rel}","templated":true}]}}