{"id":15298,"date":"2025-06-02T16:55:46","date_gmt":"2025-06-02T13:55:46","guid":{"rendered":"https:\/\/www.parlor.ro\/?post_type=product&#038;p=15298"},"modified":"2026-03-28T15:29:58","modified_gmt":"2026-03-28T12:29:58","slug":"rochie-alegra-2","status":"publish","type":"product","link":"https:\/\/www.parlor.ro\/ro\/product\/alegra-dress-2\/","title":{"rendered":"Rochie Alegra"},"content":{"rendered":"<p>Rochie Alegra<\/p>\n<p>100% in<\/p>\n<p>C\u0103ptu\u0219eal\u0103 din viscoz\u0103 100%<\/p>\n<p>Cur\u0103\u021bare uscat\u0103<\/p>\n<p>M\u0103rimea se potrive\u0219te de la 34FR la 38FR<\/p>\n<p>Acest produs este realizat din \u021bes\u0103turi furnizate de produc\u0103tori certifica\u021bi conform standardelor europene.<\/p>\n<p>Imprimeurile sunt realizate cu vopsea ecologic\u0103 OEKO-TEX\u00ae.<\/p>\n<p>Acest produs este testat \u00een atelierul nostru \u0219i nu prezint\u0103 riscuri pentru s\u0103n\u0103tate si siguran\u021ba consumatorului.<\/p>\n<hr style=\"color:#404040; height: 1px;\" \/>\n<section>\n<header><b style=\"text-align: left; font-size:1.8em;\" title=\"Alegra Dress - Collection Women's Dress\" name=\"Alegra Dress - Collection Women's Dress\"><b style=\"font-weight: normal;\">Rochie Alegra - Rochii de Colec\u021bie pentru Femei<\/b><\/b><\/header>\n<p><b style=\"font-weight: normal !important;\">Rochie Alegra<\/b> &#8211; <b style=\"font-weight: normal !important;\">Rochii de dama<\/b>. <strong style=\"font-weight: normal !important;\">Rochia Alegra<\/strong> midi din in ivoar, oversize, se \u00eenchide cu nasture la spate. <i style=\"font-style: normal !important;\">I \u2665 Parlor<\/i> | Femei <a style=\"font-weight: normal !important;\" title=\"\u00cembr\u0103c\u0103minte pentru femei\" href=\"https:\/\/www.parlor.ro\/ro\/\">\u00cembr\u0103c\u0103minte pentru femei<\/a> &amp; Moda pentru femei. <strong style=\"font-weight: normal !important;\">Crea\u021biile Parlor<\/strong> de Veronica Zaharia. #ConsciousDesign este nucleul brandului nostru. El se traduce prin reinterpretarea celor mai bine v\u00e2ndute modele ale noastre, evit\u00e2nd astfel producerea de\u0219eurilor in exces. Cum arat\u0103 rochia ta de vis? R\u0103sfoie\u0219te <i style=\"font-style: normal !important;\">Rochii de dama<\/i> <a style=\"font-weight: normal !important;\" title=\"Viziteaza shop-ul nostru online\" href=\"https:\/\/www.parlor.ro\/ro\/magazin\/\">Parlor Shop<\/a> (fuste, pantaloni, rochii, jachete, salopete, topuri) \u0219i g\u0103se\u0219te-\u021bi <a style=\"font-weight: normal !important;\" title=\"Rochia ta\" href=\"https:\/\/www.parlor.ro\/ro\/categorie-produs\/i-%e2%99%a5-salon\/rochii\/\">.<\/a> ACUM! Sau vizita\u021bi showroom-ul nostru pentru a v\u0103 g\u0103si rochia perfect\u0103 \/ suna\u021bi pentru programare la 0747501974! Recomand\u0103ri de cump\u0103r\u0103turi pentru tine: <a style=\"font-weight: normal !important;\" title=\"PANTALONI SCURTI DAYDREAM\" href=\"https:\/\/www.parlor.ro\/ro\/produs\/pantaloni-scurti-daydream\/\">PANTALONI SCURTI DAYDREAM<\/a>, <a style=\"font-weight: normal !important;\" title=\"PANTALONI SCURTI STARRY\" href=\"https:\/\/www.parlor.ro\/ro\/produs\/pantaloni-scurti-starry\/\">PANTALONI SCURTI STARRY<\/a>. P\u00c2N\u0102 LA 50% REDUCERE Azi!<br \/>\n<\/section>","protected":false},"excerpt":{"rendered":"[sales_countdown_timer id=\"salescountdowntimer\"]\n<p>Alegra dress is freedom to wander, dance or lounge in sublime comfort. \u00a0Alegra feels like sunlight.<\/p>\n<p>#MADEinROMANIA<\/p>\n<p>#FABRICATinROMANIA<\/p>\n<p>We are happy to reveal our designs in our showroom \/ call for appointment 0747501974 . <strong>The dress will be delivered 3 working days after the order.\u00a0<\/strong><\/p>\n<p>&nbsp;<\/p>\n","protected":false},"featured_media":15259,"template":"","meta":[],"product_brand":[],"product_cat":[96,99],"product_tag":[],"class_list":{"0":"post-15298","1":"product","2":"type-product","3":"status-publish","4":"has-post-thumbnail","6":"product_cat-alice-cavaleru-x-i--parlor","7":"product_cat-dresses","8":"pa_size-one-size","9":"pif-has-gallery","11":"first","12":"instock","13":"sale","14":"shipping-taxable","15":"purchasable","16":"product-type-variable"},"post_mailing_queue_ids":[],"_links":{"self":[{"href":"https:\/\/www.parlor.ro\/ro\/wp-json\/wp\/v2\/product\/15298","targetHints":{"allow":["GET"]}}],"collection":[{"href":"https:\/\/www.parlor.ro\/ro\/wp-json\/wp\/v2\/product"}],"about":[{"href":"https:\/\/www.parlor.ro\/ro\/wp-json\/wp\/v2\/types\/product"}],"wp:featuredmedia":[{"embeddable":true,"href":"https:\/\/www.parlor.ro\/ro\/wp-json\/wp\/v2\/media\/15259"}],"wp:attachment":[{"href":"https:\/\/www.parlor.ro\/ro\/wp-json\/wp\/v2\/media?parent=15298"}],"wp:term":[{"taxonomy":"product_brand","embeddable":true,"href":"https:\/\/www.parlor.ro\/ro\/wp-json\/wp\/v2\/product_brand?post=15298"},{"taxonomy":"product_cat","embeddable":true,"href":"https:\/\/www.parlor.ro\/ro\/wp-json\/wp\/v2\/product_cat?post=15298"},{"taxonomy":"product_tag","embeddable":true,"href":"https:\/\/www.parlor.ro\/ro\/wp-json\/wp\/v2\/product_tag?post=15298"}],"curies":[{"name":"wp","href":"https:\/\/api.w.org\/{rel}","templated":true}]}}